{"id":8658,"date":"2025-06-13T07:40:09","date_gmt":"2025-06-13T05:40:09","guid":{"rendered":"https:\/\/j-p-management.com\/?page_id=8658"},"modified":"2026-02-27T13:31:51","modified_gmt":"2026-02-27T12:31:51","slug":"masterstudium-lean-operations","status":"publish","type":"page","link":"https:\/\/wienerhomepages-projekte.at\/1\/j-p-management\/akademie\/masterstudium-lean-operations\/","title":{"rendered":"Masterstudium &#8222;Lean Operations&#8220;"},"content":{"rendered":"<div class=\"fusion-fullwidth fullwidth-box fusion-builder-row-1 fusion-flex-container nonhundred-percent-fullwidth non-hundred-percent-height-scrolling\" style=\"--awb-border-radius-top-left:0px;--awb-border-radius-top-right:0px;--awb-border-radius-bottom-right:0px;--awb-border-radius-bottom-left:0px;--awb-flex-wrap:wrap;\" ><div class=\"fusion-builder-row fusion-row fusion-flex-align-items-flex-start fusion-flex-content-wrap\" style=\"max-width:1216.8px;margin-left: calc(-4% \/ 2 );margin-right: calc(-4% \/ 2 );\"><div class=\"fusion-layout-column fusion_builder_column fusion-builder-column-0 fusion_builder_column_1_1 1_1 fusion-flex-column\" style=\"--awb-bg-size:cover;--awb-width-large:100%;--awb-margin-top-large:0px;--awb-spacing-right-large:1.92%;--awb-margin-bottom-large:20px;--awb-spacing-left-large:1.92%;--awb-width-medium:100%;--awb-order-medium:0;--awb-spacing-right-medium:1.92%;--awb-spacing-left-medium:1.92%;--awb-width-small:100%;--awb-order-small:0;--awb-spacing-right-small:1.92%;--awb-spacing-left-small:1.92%;\"><div class=\"fusion-column-wrapper fusion-column-has-shadow fusion-flex-justify-content-flex-start fusion-content-layout-column\"><div class=\"fusion-text fusion-text-1\"><p>In einer Welt, in der Prozesse zunehmend dynamischer und Ressourcen immer knapper werden, sind F\u00fchrungspers\u00f6nlichkeiten gefragt, die in der Lage sind, leistungsf\u00e4hige und anpassungsf\u00e4hige Organisationen aktiv zu gestalten.\u00a0Dazu m\u00fcssen sie neben ausgezeichneten General Management-Kompetenzen vor allem auch \u00fcber eine tiefgehende Expertise im Lean Management verf\u00fcgen.<\/p>\n<p>Im Zentrum von Lean Management steht die konsequente Ausrichtung der Prozesse auf die Anforderungen der externen und internen Kunden. Es geht darum, die Effektivit\u00e4t und Effizienz in den Prozessen zu erh\u00f6hen, indem die Wertsch\u00f6pfung maximiert und die Verschwendung minimiert wird. Der Idealzustand w\u00e4re, mit verschwendungsfreien und ausgeglichenen Prozessen ohne \u00dcberlastung der Kapazit\u00e4ten im Kundentakt Produkte zu produzieren bzw. Dienstleistungen zu erbringen, die die Kunden begeistern.<\/p>\n<p>Das Masterstudium \u201eLean Operations\u201c vereint die beiden Kompetenzfelder auf einzigartige Weise und vermittelt sie in einem ganzheitlichen Ausbildungskonzept.<\/p>\n<h2>Aufbau<\/h2>\n<p>Das Masterstudium umfasst 120 ECTS-Punkte, ist modular aufgebaut, berufsbegleitend organisiert und kann in sechs Semestern absolviert werden.<\/p>\n<p>Zwei Certificate Programs (\u201eLean Production\u201c, \u201eLean Administration\u201c) mit eigenen Universit\u00e4tszertifikaten sind integraler Bestandteil des Studiums.<\/p>\n<ul>\n<li>StEP-Up tr\u00e4gt die fachliche Verantwortung f\u00fcr diese Certificate Programs, stellt daf\u00fcr die Vortragenden und entwickelt die Inhalte kontinuierlich weiter.<\/li>\n<\/ul>\n<p>Das Masterstudium besteht aus Lerneinheiten am Campus der Universit\u00e4t, Selbststudium sowie einer Masterarbeit. Es schlie\u00dft mit dem akademischen Grad \u201eMaster of Business Administration (MBA)\u201c ab.<\/p>\n<h2>Die Inhalte des Studiums im \u00dcberblick<\/h2>\n<\/div>\n<div class=\"table-2 lom-inhalte\" style=\"--awb-margin-bottom:20px;\">\n<table width=\"100%\">\n<tbody>\n<tr>\n<td align=\"left\"><strong>Certificate Program &#8222;Lean Administration&#8220;<\/strong><\/p>\n<ul>\n<li>Einf\u00fchrung in Lean Administration\n<ul>\n<li>Die \u201eLean Administration-Idee\u201c verstehen<\/li>\n<li>Lean Administration Methoden<\/li>\n<\/ul>\n<\/li>\n<li>Optimierung von administrativen Prozessen\n<ul>\n<li>Wertstromanalyse und -optimierung mit Fokus auf administrative Prozesse<\/li>\n<li>Strukturierte Probleml\u00f6sung &amp; Moderationstechnik<\/li>\n<\/ul>\n<\/li>\n<li>Lean Leadership am Officefloor\n<ul>\n<li>Strategiearbeit mit Hoshin Kanri<\/li>\n<li>Officefloor Management<\/li>\n<\/ul>\n<\/li>\n<li>Vorgehensmodelle im Projektmanagement\n<ul>\n<li>Projektmanagementmethoden<\/li>\n<li>Agiles Projektmanagement<\/li>\n<\/ul>\n<\/li>\n<\/ul>\n<\/td>\n<td align=\"left\">24 ETCS-Punkte<\/td>\n<\/tr>\n<tr>\n<td align=\"left\"><strong>Certificate Program &#8222;Lean Production&#8220;<\/strong><\/p>\n<ul>\n<li>Prinzipien in Lean Production\n<ul>\n<li>Lean Production-Kernkonzepte<\/li>\n<li>Lean-Production-Methoden<\/li>\n<\/ul>\n<\/li>\n<li>Industrial Engineering\n<ul>\n<li>Die Rolle &#8222;Industrial Engineering&#8220;<\/li>\n<li>Zeitwirtschaftliche und qualit\u00e4tstechnische Methoden<\/li>\n<\/ul>\n<\/li>\n<li>Produktionslogistik\n<ul>\n<li>Grundlagen der Logistik<\/li>\n<li>Wertstromanalyse und -optimierung in der Produktion<\/li>\n<\/ul>\n<\/li>\n<li>Lean Leadership am Shopfloor\n<ul>\n<li>Shopfloor Management<\/li>\n<li>Verbesserungs- und Coaching-Kata<\/li>\n<\/ul>\n<\/li>\n<\/ul>\n<\/td>\n<td align=\"left\">24 ETCS-Punkte<\/td>\n<\/tr>\n<tr>\n<td align=\"left\"><strong>General Management &#8211; Pflichtmodule<\/strong>, wie z.B.<\/p>\n<ul>\n<li>Grundlagen der Betriebswirtschaft<\/li>\n<li>Grundlagen der Volkswirtschaft<\/li>\n<li>Controlling &amp; Reporting<\/li>\n<li>Unternehmensfinanzierung<\/li>\n<li>Strategisches Management<\/li>\n<li>Marketing Management<\/li>\n<li>Human Resources Management<\/li>\n<li>Leadership<\/li>\n<\/ul>\n<\/td>\n<td align=\"left\">36 ECTS-Punkte<\/td>\n<\/tr>\n<tr>\n<td align=\"left\"><strong>General Management &#8211; Wahlmodule<\/strong>, wie z.B.<\/p>\n<ul>\n<li>Internationale Betriebswirtschaft<\/li>\n<li>Business Planning<\/li>\n<li>Angewandtes Wirtschaftsrecht<\/li>\n<\/ul>\n<\/td>\n<td align=\"left\">15 ECTS-Punkte<\/td>\n<\/tr>\n<tr>\n<td align=\"left\"><strong>Wissenschaftliches Arbeiten<\/strong><\/td>\n<td align=\"left\">6 ECTS-Punkte<\/td>\n<\/tr>\n<tr>\n<td align=\"left\"><strong>MBA Abschlussarbeit<\/strong><\/td>\n<td align=\"left\">15 ECTS-Punkte<\/td>\n<\/tr>\n<\/tbody>\n<\/table>\n<\/div>\n<div class=\"fusion-text fusion-text-2\"><h2>Zielgruppe<\/h2>\n<p>Fach- und F\u00fchrungskr\u00e4fte aus Produktion, Dienstleistung und Verwaltung<\/p>\n<h2>Zulassungsvoraussetzungen<\/h2>\n<p>Fachlich in Frage kommendes Studium (mindestens auf Bachelorniveau mit mindestens 180 ECTS-Anrechnungspunkten) an einer anerkannten inl\u00e4ndischen oder ausl\u00e4ndischen postsekund\u00e4ren Bildungseinrichtung und zweij\u00e4hrige einschl\u00e4gige Berufserfahrung<\/p>\n<p><strong>ODER<\/strong><\/p>\n<p>allgemeine Universit\u00e4tsreife und mindestens 6 Jahre einschl\u00e4gige Berufserfahrung in ad\u00e4quater Position, wenn damit eine einem Hochschulstudium gleichzuhaltende Qualifikation erreicht wird,<\/p>\n<p><strong>ODER<\/strong><\/p>\n<p>mindestens 10 Jahre einschl\u00e4gige Berufserfahrung in ad\u00e4quater Position, wenn damit eine einem Hochschulstudium gleichzuhaltende Qualifikation erreicht wird.<\/p>\n<h2>Veranstalter<\/h2>\n<p>Universit\u00e4t f\u00fcr Weiterbildung Krems<\/p>\n<h2><a href=\"https:\/\/www.step-up.at\/wp-content\/uploads\/folder\/lean-operations-mbaspecialist.pdf\"><img decoding=\"async\" class=\"lazyload rahmen alignright wp-image-8664\" src=\"data:image\/svg+xml,%3Csvg%20xmlns%3D%27http%3A%2F%2Fwww.w3.org%2F2000%2Fsvg%27%20width%3D%27150%27%20height%3D%27212%27%20viewBox%3D%270%200%20150%20212%27%3E%3Crect%20width%3D%27150%27%20height%3D%27212%27%20fill-opacity%3D%220%22%2F%3E%3C%2Fsvg%3E\" data-orig-src=\"https:\/\/wienerhomepages-projekte.at\/1\/j-p-management\/wp-content\/uploads\/images\/cover\/mba_lean_operations.jpg\" alt=\"\" width=\"150\" height=\"212\" \/><\/a>Weitere Informationen und Anmeldung<\/h2>\n<ul>\n<li>Dipl.-Ing. Johannes Mauser<\/li>\n<li><a href=\"https:\/\/www.step-up.at\/step-up-akademie\/mba-specialist-lean-operations\/Johannes.Mauser@donau-uni.ac.at\">Johannes.Mauser@donau-uni.ac.at<\/a><\/li>\n<li>+43 2732 | 893-2701<\/li>\n<li><a href=\"https:\/\/www.step-up.at\/wp-content\/uploads\/folder\/lean-operations-mbaspecialist.pdf\">Folder<\/a><\/li>\n<li><a href=\"https:\/\/www.donau-uni.ac.at\/de\/studium\/lean-operations-mba.html\">Details zum Masterstudium<\/a><\/li>\n<\/ul>\n<\/div>\n<div class=\"table-2 lom-inhalte\">\n<table width=\"100%\">\n<tbody>\n<tr>\n<td align=\"left\"><img decoding=\"async\" class=\"lazyload alignnone wp-image-8660\" src=\"https:\/\/wienerhomepages-projekte.at\/1\/j-p-management\/wp-content\/uploads\/images\/matzinger.jpg\" data-orig-src=\"https:\/\/wienerhomepages-projekte.at\/1\/j-p-management\/wp-content\/uploads\/images\/matzinger.jpg\" alt=\"\" width=\"100\" height=\"130\" srcset=\"data:image\/svg+xml,%3Csvg%20xmlns%3D%27http%3A%2F%2Fwww.w3.org%2F2000%2Fsvg%27%20width%3D%27100%27%20height%3D%27130%27%20viewBox%3D%270%200%20100%20130%27%3E%3Crect%20width%3D%27100%27%20height%3D%27130%27%20fill-opacity%3D%220%22%2F%3E%3C%2Fsvg%3E\" data-srcset=\"https:\/\/wienerhomepages-projekte.at\/1\/j-p-management\/wp-content\/uploads\/images\/matzinger-200x260.jpg 200w, https:\/\/wienerhomepages-projekte.at\/1\/j-p-management\/wp-content\/uploads\/images\/matzinger.jpg 215w\" data-sizes=\"auto\" data-orig-sizes=\"(max-width: 100px) 100vw, 100px\" \/><\/p>\n<p><strong>Dipl.-Ing. Dr. Manfred Matzinger-Leopold<\/strong>, Vorstandsdirektor der M\u00fcnze \u00d6sterreich AG<\/p>\n<p><img decoding=\"async\" class=\"lazyload alignnone size-full wp-image-5648\" src=\"https:\/\/wienerhomepages-projekte.at\/1\/j-p-management\/wp-content\/uploads\/images\/logos\/muenze_oesterreich.png\" data-orig-src=\"https:\/\/wienerhomepages-projekte.at\/1\/j-p-management\/wp-content\/uploads\/images\/logos\/muenze_oesterreich.png\" alt=\"\" width=\"120\" height=\"120\" srcset=\"data:image\/svg+xml,%3Csvg%20xmlns%3D%27http%3A%2F%2Fwww.w3.org%2F2000%2Fsvg%27%20width%3D%27120%27%20height%3D%27120%27%20viewBox%3D%270%200%20120%20120%27%3E%3Crect%20width%3D%27120%27%20height%3D%27120%27%20fill-opacity%3D%220%22%2F%3E%3C%2Fsvg%3E\" data-srcset=\"https:\/\/wienerhomepages-projekte.at\/1\/j-p-management\/wp-content\/uploads\/images\/logos\/muenze_oesterreich-66x66.png 66w, https:\/\/wienerhomepages-projekte.at\/1\/j-p-management\/wp-content\/uploads\/images\/logos\/muenze_oesterreich.png 120w\" data-sizes=\"auto\" data-orig-sizes=\"(max-width: 120px) 100vw, 120px\" \/><\/td>\n<td align=\"left\"><em>Der Wirtschaft bringt diese Weiterbildung MitarbeiterInnen mit topaktuellem Know-how und einer Vorfreude auf die Umsetzung. Bereits w\u00e4hrend des Studiums geben sie wertvolle Impulse zur Weiterentwicklung meines Unternehmens. Und ich freue mich mit meinem Team \u00fcber die gemeinsam erzielten Erfolge.<\/em><\/td>\n<\/tr>\n<\/tbody>\n<\/table>\n<\/div>\n<\/div><\/div><\/div><\/div>\n","protected":false},"excerpt":{"rendered":"","protected":false},"author":2,"featured_media":0,"parent":6283,"menu_order":0,"comment_status":"closed","ping_status":"closed","template":"","meta":{"footnotes":""},"class_list":["post-8658","page","type-page","status-publish","hentry"],"yoast_head":"<!-- This site is optimized with the Yoast SEO plugin v27.2 - https:\/\/yoast.com\/product\/yoast-seo-wordpress\/ -->\n<title>Masterstudium &quot;Lean Operations&quot; - j-p-management<\/title>\n<meta name=\"description\" content=\"Masterstudium Lean Operations, Universit\u00e4t f\u00fcr Weiterbildung Krems, In einer Welt, in der Prozesse zunehmend dynamischer und Ressourcen immer knapper werden, sind F\u00fchrungspers\u00f6nlichkeiten gefragt, die in der Lage sind, leistungsf\u00e4hige und anpassungsf\u00e4hige Organisationen aktiv zu gestalten. Dazu m\u00fcssen sie neben ausgezeichneten General Management-Kompetenzen vor allem auch \u00fcber eine tiefgehende Expertise im Lean Management verf\u00fcgen. Im Zentrum von Lean Management steht die konsequente Ausrichtung der Prozesse auf die Anforderungen der externen und internen Kunden. Es geht darum, die Effektivit\u00e4t und Effizienz in den Prozessen zu erh\u00f6hen, indem die Wertsch\u00f6pfung maximiert und die Verschwendung minimiert wird. Der Idealzustand w\u00e4re, mit verschwendungsfreien und ausgeglichenen Prozessen ohne \u00dcberlastung der Kapazit\u00e4ten im Kundentakt Produkte zu produzieren bzw. Dienstleistungen zu erbringen, die die Kunden begeistern. Das Masterstudium \u201eLean Operations\u201c vereint die beiden Kompetenzfelder auf einzigartige Weise und vermittelt sie in einem ganzheitlichen Ausbildungskonzept.\" \/>\n<meta name=\"robots\" content=\"noindex, follow, max-snippet:-1, max-image-preview:large, max-video-preview:-1\" \/>\n<meta property=\"og:locale\" content=\"de_DE\" \/>\n<meta property=\"og:type\" content=\"article\" \/>\n<meta property=\"og:title\" content=\"Masterstudium &quot;Lean Operations&quot; - j-p-management\" \/>\n<meta property=\"og:description\" content=\"Masterstudium Lean Operations, Universit\u00e4t f\u00fcr Weiterbildung Krems, In einer Welt, in der Prozesse zunehmend dynamischer und Ressourcen immer knapper werden, sind F\u00fchrungspers\u00f6nlichkeiten gefragt, die in der Lage sind, leistungsf\u00e4hige und anpassungsf\u00e4hige Organisationen aktiv zu gestalten. Dazu m\u00fcssen sie neben ausgezeichneten General Management-Kompetenzen vor allem auch \u00fcber eine tiefgehende Expertise im Lean Management verf\u00fcgen. Im Zentrum von Lean Management steht die konsequente Ausrichtung der Prozesse auf die Anforderungen der externen und internen Kunden. Es geht darum, die Effektivit\u00e4t und Effizienz in den Prozessen zu erh\u00f6hen, indem die Wertsch\u00f6pfung maximiert und die Verschwendung minimiert wird. Der Idealzustand w\u00e4re, mit verschwendungsfreien und ausgeglichenen Prozessen ohne \u00dcberlastung der Kapazit\u00e4ten im Kundentakt Produkte zu produzieren bzw. Dienstleistungen zu erbringen, die die Kunden begeistern. Das Masterstudium \u201eLean Operations\u201c vereint die beiden Kompetenzfelder auf einzigartige Weise und vermittelt sie in einem ganzheitlichen Ausbildungskonzept.\" \/>\n<meta property=\"og:url\" content=\"https:\/\/wienerhomepages-projekte.at\/1\/j-p-management\/akademie\/masterstudium-lean-operations\/\" \/>\n<meta property=\"og:site_name\" content=\"j-p-management\" \/>\n<meta property=\"article:modified_time\" content=\"2026-02-27T12:31:51+00:00\" \/>\n<meta property=\"og:image\" content=\"https:\/\/wienerhomepages-projekte.at\/1\/j-p-management\/wp-content\/uploads\/images\/cover\/mba_lean_operations.jpg\" \/>\n\t<meta property=\"og:image:width\" content=\"200\" \/>\n\t<meta property=\"og:image:height\" content=\"283\" \/>\n\t<meta property=\"og:image:type\" content=\"image\/jpeg\" \/>\n<meta name=\"twitter:card\" content=\"summary_large_image\" \/>\n<meta name=\"twitter:label1\" content=\"Gesch\u00e4tzte Lesezeit\" \/>\n\t<meta name=\"twitter:data1\" content=\"4\u00a0Minuten\" \/>\n<script type=\"application\/ld+json\" class=\"yoast-schema-graph\">{\"@context\":\"https:\/\/schema.org\",\"@graph\":[{\"@type\":\"WebPage\",\"@id\":\"https:\/\/wienerhomepages-projekte.at\/1\/j-p-management\/akademie\/masterstudium-lean-operations\/\",\"url\":\"https:\/\/wienerhomepages-projekte.at\/1\/j-p-management\/akademie\/masterstudium-lean-operations\/\",\"name\":\"Masterstudium \\\"Lean Operations\\\" - j-p-management\",\"isPartOf\":{\"@id\":\"https:\/\/wienerhomepages-projekte.at\/1\/j-p-management\/#website\"},\"primaryImageOfPage\":{\"@id\":\"https:\/\/wienerhomepages-projekte.at\/1\/j-p-management\/akademie\/masterstudium-lean-operations\/#primaryimage\"},\"image\":{\"@id\":\"https:\/\/wienerhomepages-projekte.at\/1\/j-p-management\/akademie\/masterstudium-lean-operations\/#primaryimage\"},\"thumbnailUrl\":\"https:\/\/wienerhomepages-projekte.at\/1\/j-p-management\/wp-content\/uploads\/images\/cover\/mba_lean_operations.jpg\",\"datePublished\":\"2025-06-13T05:40:09+00:00\",\"dateModified\":\"2026-02-27T12:31:51+00:00\",\"description\":\"Masterstudium Lean Operations, Universit\u00e4t f\u00fcr Weiterbildung Krems, In einer Welt, in der Prozesse zunehmend dynamischer und Ressourcen immer knapper werden, sind F\u00fchrungspers\u00f6nlichkeiten gefragt, die in der Lage sind, leistungsf\u00e4hige und anpassungsf\u00e4hige Organisationen aktiv zu gestalten. Dazu m\u00fcssen sie neben ausgezeichneten General Management-Kompetenzen vor allem auch \u00fcber eine tiefgehende Expertise im Lean Management verf\u00fcgen. Im Zentrum von Lean Management steht die konsequente Ausrichtung der Prozesse auf die Anforderungen der externen und internen Kunden. Es geht darum, die Effektivit\u00e4t und Effizienz in den Prozessen zu erh\u00f6hen, indem die Wertsch\u00f6pfung maximiert und die Verschwendung minimiert wird. Der Idealzustand w\u00e4re, mit verschwendungsfreien und ausgeglichenen Prozessen ohne \u00dcberlastung der Kapazit\u00e4ten im Kundentakt Produkte zu produzieren bzw. Dienstleistungen zu erbringen, die die Kunden begeistern. Das Masterstudium \u201eLean Operations\u201c vereint die beiden Kompetenzfelder auf einzigartige Weise und vermittelt sie in einem ganzheitlichen Ausbildungskonzept.\",\"breadcrumb\":{\"@id\":\"https:\/\/wienerhomepages-projekte.at\/1\/j-p-management\/akademie\/masterstudium-lean-operations\/#breadcrumb\"},\"inLanguage\":\"de\",\"potentialAction\":[{\"@type\":\"ReadAction\",\"target\":[\"https:\/\/wienerhomepages-projekte.at\/1\/j-p-management\/akademie\/masterstudium-lean-operations\/\"]}]},{\"@type\":\"ImageObject\",\"inLanguage\":\"de\",\"@id\":\"https:\/\/wienerhomepages-projekte.at\/1\/j-p-management\/akademie\/masterstudium-lean-operations\/#primaryimage\",\"url\":\"https:\/\/wienerhomepages-projekte.at\/1\/j-p-management\/wp-content\/uploads\/images\/cover\/mba_lean_operations.jpg\",\"contentUrl\":\"https:\/\/wienerhomepages-projekte.at\/1\/j-p-management\/wp-content\/uploads\/images\/cover\/mba_lean_operations.jpg\",\"width\":200,\"height\":283},{\"@type\":\"BreadcrumbList\",\"@id\":\"https:\/\/wienerhomepages-projekte.at\/1\/j-p-management\/akademie\/masterstudium-lean-operations\/#breadcrumb\",\"itemListElement\":[{\"@type\":\"ListItem\",\"position\":1,\"name\":\"Startseite\",\"item\":\"https:\/\/wienerhomepages-projekte.at\/1\/j-p-management\/\"},{\"@type\":\"ListItem\",\"position\":2,\"name\":\"Akademie\",\"item\":\"https:\/\/wienerhomepages-projekte.at\/1\/j-p-management\/akademie\/\"},{\"@type\":\"ListItem\",\"position\":3,\"name\":\"Masterstudium &#8222;Lean Operations&#8220;\"}]},{\"@type\":\"WebSite\",\"@id\":\"https:\/\/wienerhomepages-projekte.at\/1\/j-p-management\/#website\",\"url\":\"https:\/\/wienerhomepages-projekte.at\/1\/j-p-management\/\",\"name\":\"j-p-management\",\"description\":\"\",\"potentialAction\":[{\"@type\":\"SearchAction\",\"target\":{\"@type\":\"EntryPoint\",\"urlTemplate\":\"https:\/\/wienerhomepages-projekte.at\/1\/j-p-management\/?s={search_term_string}\"},\"query-input\":{\"@type\":\"PropertyValueSpecification\",\"valueRequired\":true,\"valueName\":\"search_term_string\"}}],\"inLanguage\":\"de\"}]}<\/script>\n<!-- \/ Yoast SEO plugin. -->","yoast_head_json":{"title":"Masterstudium \"Lean Operations\" - j-p-management","description":"Masterstudium Lean Operations, Universit\u00e4t f\u00fcr Weiterbildung Krems, In einer Welt, in der Prozesse zunehmend dynamischer und Ressourcen immer knapper werden, sind F\u00fchrungspers\u00f6nlichkeiten gefragt, die in der Lage sind, leistungsf\u00e4hige und anpassungsf\u00e4hige Organisationen aktiv zu gestalten. Dazu m\u00fcssen sie neben ausgezeichneten General Management-Kompetenzen vor allem auch \u00fcber eine tiefgehende Expertise im Lean Management verf\u00fcgen. Im Zentrum von Lean Management steht die konsequente Ausrichtung der Prozesse auf die Anforderungen der externen und internen Kunden. Es geht darum, die Effektivit\u00e4t und Effizienz in den Prozessen zu erh\u00f6hen, indem die Wertsch\u00f6pfung maximiert und die Verschwendung minimiert wird. Der Idealzustand w\u00e4re, mit verschwendungsfreien und ausgeglichenen Prozessen ohne \u00dcberlastung der Kapazit\u00e4ten im Kundentakt Produkte zu produzieren bzw. Dienstleistungen zu erbringen, die die Kunden begeistern. Das Masterstudium \u201eLean Operations\u201c vereint die beiden Kompetenzfelder auf einzigartige Weise und vermittelt sie in einem ganzheitlichen Ausbildungskonzept.","robots":{"index":"noindex","follow":"follow","max-snippet":"max-snippet:-1","max-image-preview":"max-image-preview:large","max-video-preview":"max-video-preview:-1"},"og_locale":"de_DE","og_type":"article","og_title":"Masterstudium \"Lean Operations\" - j-p-management","og_description":"Masterstudium Lean Operations, Universit\u00e4t f\u00fcr Weiterbildung Krems, In einer Welt, in der Prozesse zunehmend dynamischer und Ressourcen immer knapper werden, sind F\u00fchrungspers\u00f6nlichkeiten gefragt, die in der Lage sind, leistungsf\u00e4hige und anpassungsf\u00e4hige Organisationen aktiv zu gestalten. Dazu m\u00fcssen sie neben ausgezeichneten General Management-Kompetenzen vor allem auch \u00fcber eine tiefgehende Expertise im Lean Management verf\u00fcgen. Im Zentrum von Lean Management steht die konsequente Ausrichtung der Prozesse auf die Anforderungen der externen und internen Kunden. Es geht darum, die Effektivit\u00e4t und Effizienz in den Prozessen zu erh\u00f6hen, indem die Wertsch\u00f6pfung maximiert und die Verschwendung minimiert wird. Der Idealzustand w\u00e4re, mit verschwendungsfreien und ausgeglichenen Prozessen ohne \u00dcberlastung der Kapazit\u00e4ten im Kundentakt Produkte zu produzieren bzw. Dienstleistungen zu erbringen, die die Kunden begeistern. Das Masterstudium \u201eLean Operations\u201c vereint die beiden Kompetenzfelder auf einzigartige Weise und vermittelt sie in einem ganzheitlichen Ausbildungskonzept.","og_url":"https:\/\/wienerhomepages-projekte.at\/1\/j-p-management\/akademie\/masterstudium-lean-operations\/","og_site_name":"j-p-management","article_modified_time":"2026-02-27T12:31:51+00:00","og_image":[{"width":200,"height":283,"url":"https:\/\/wienerhomepages-projekte.at\/1\/j-p-management\/wp-content\/uploads\/images\/cover\/mba_lean_operations.jpg","type":"image\/jpeg"}],"twitter_card":"summary_large_image","twitter_misc":{"Gesch\u00e4tzte Lesezeit":"4\u00a0Minuten"},"schema":{"@context":"https:\/\/schema.org","@graph":[{"@type":"WebPage","@id":"https:\/\/wienerhomepages-projekte.at\/1\/j-p-management\/akademie\/masterstudium-lean-operations\/","url":"https:\/\/wienerhomepages-projekte.at\/1\/j-p-management\/akademie\/masterstudium-lean-operations\/","name":"Masterstudium \"Lean Operations\" - j-p-management","isPartOf":{"@id":"https:\/\/wienerhomepages-projekte.at\/1\/j-p-management\/#website"},"primaryImageOfPage":{"@id":"https:\/\/wienerhomepages-projekte.at\/1\/j-p-management\/akademie\/masterstudium-lean-operations\/#primaryimage"},"image":{"@id":"https:\/\/wienerhomepages-projekte.at\/1\/j-p-management\/akademie\/masterstudium-lean-operations\/#primaryimage"},"thumbnailUrl":"https:\/\/wienerhomepages-projekte.at\/1\/j-p-management\/wp-content\/uploads\/images\/cover\/mba_lean_operations.jpg","datePublished":"2025-06-13T05:40:09+00:00","dateModified":"2026-02-27T12:31:51+00:00","description":"Masterstudium Lean Operations, Universit\u00e4t f\u00fcr Weiterbildung Krems, In einer Welt, in der Prozesse zunehmend dynamischer und Ressourcen immer knapper werden, sind F\u00fchrungspers\u00f6nlichkeiten gefragt, die in der Lage sind, leistungsf\u00e4hige und anpassungsf\u00e4hige Organisationen aktiv zu gestalten. Dazu m\u00fcssen sie neben ausgezeichneten General Management-Kompetenzen vor allem auch \u00fcber eine tiefgehende Expertise im Lean Management verf\u00fcgen. Im Zentrum von Lean Management steht die konsequente Ausrichtung der Prozesse auf die Anforderungen der externen und internen Kunden. Es geht darum, die Effektivit\u00e4t und Effizienz in den Prozessen zu erh\u00f6hen, indem die Wertsch\u00f6pfung maximiert und die Verschwendung minimiert wird. Der Idealzustand w\u00e4re, mit verschwendungsfreien und ausgeglichenen Prozessen ohne \u00dcberlastung der Kapazit\u00e4ten im Kundentakt Produkte zu produzieren bzw. Dienstleistungen zu erbringen, die die Kunden begeistern. Das Masterstudium \u201eLean Operations\u201c vereint die beiden Kompetenzfelder auf einzigartige Weise und vermittelt sie in einem ganzheitlichen Ausbildungskonzept.","breadcrumb":{"@id":"https:\/\/wienerhomepages-projekte.at\/1\/j-p-management\/akademie\/masterstudium-lean-operations\/#breadcrumb"},"inLanguage":"de","potentialAction":[{"@type":"ReadAction","target":["https:\/\/wienerhomepages-projekte.at\/1\/j-p-management\/akademie\/masterstudium-lean-operations\/"]}]},{"@type":"ImageObject","inLanguage":"de","@id":"https:\/\/wienerhomepages-projekte.at\/1\/j-p-management\/akademie\/masterstudium-lean-operations\/#primaryimage","url":"https:\/\/wienerhomepages-projekte.at\/1\/j-p-management\/wp-content\/uploads\/images\/cover\/mba_lean_operations.jpg","contentUrl":"https:\/\/wienerhomepages-projekte.at\/1\/j-p-management\/wp-content\/uploads\/images\/cover\/mba_lean_operations.jpg","width":200,"height":283},{"@type":"BreadcrumbList","@id":"https:\/\/wienerhomepages-projekte.at\/1\/j-p-management\/akademie\/masterstudium-lean-operations\/#breadcrumb","itemListElement":[{"@type":"ListItem","position":1,"name":"Startseite","item":"https:\/\/wienerhomepages-projekte.at\/1\/j-p-management\/"},{"@type":"ListItem","position":2,"name":"Akademie","item":"https:\/\/wienerhomepages-projekte.at\/1\/j-p-management\/akademie\/"},{"@type":"ListItem","position":3,"name":"Masterstudium &#8222;Lean Operations&#8220;"}]},{"@type":"WebSite","@id":"https:\/\/wienerhomepages-projekte.at\/1\/j-p-management\/#website","url":"https:\/\/wienerhomepages-projekte.at\/1\/j-p-management\/","name":"j-p-management","description":"","potentialAction":[{"@type":"SearchAction","target":{"@type":"EntryPoint","urlTemplate":"https:\/\/wienerhomepages-projekte.at\/1\/j-p-management\/?s={search_term_string}"},"query-input":{"@type":"PropertyValueSpecification","valueRequired":true,"valueName":"search_term_string"}}],"inLanguage":"de"}]}},"_links":{"self":[{"href":"https:\/\/wienerhomepages-projekte.at\/1\/j-p-management\/wp-json\/wp\/v2\/pages\/8658","targetHints":{"allow":["GET"]}}],"collection":[{"href":"https:\/\/wienerhomepages-projekte.at\/1\/j-p-management\/wp-json\/wp\/v2\/pages"}],"about":[{"href":"https:\/\/wienerhomepages-projekte.at\/1\/j-p-management\/wp-json\/wp\/v2\/types\/page"}],"author":[{"embeddable":true,"href":"https:\/\/wienerhomepages-projekte.at\/1\/j-p-management\/wp-json\/wp\/v2\/users\/2"}],"replies":[{"embeddable":true,"href":"https:\/\/wienerhomepages-projekte.at\/1\/j-p-management\/wp-json\/wp\/v2\/comments?post=8658"}],"version-history":[{"count":8,"href":"https:\/\/wienerhomepages-projekte.at\/1\/j-p-management\/wp-json\/wp\/v2\/pages\/8658\/revisions"}],"predecessor-version":[{"id":8897,"href":"https:\/\/wienerhomepages-projekte.at\/1\/j-p-management\/wp-json\/wp\/v2\/pages\/8658\/revisions\/8897"}],"up":[{"embeddable":true,"href":"https:\/\/wienerhomepages-projekte.at\/1\/j-p-management\/wp-json\/wp\/v2\/pages\/6283"}],"wp:attachment":[{"href":"https:\/\/wienerhomepages-projekte.at\/1\/j-p-management\/wp-json\/wp\/v2\/media?parent=8658"}],"curies":[{"name":"wp","href":"https:\/\/api.w.org\/{rel}","templated":true}]}}