{"id":8497,"date":"2024-08-14T14:13:59","date_gmt":"2024-08-14T12:13:59","guid":{"rendered":"https:\/\/j-p-management.com\/?page_id=8497"},"modified":"2025-08-01T13:14:17","modified_gmt":"2025-08-01T11:14:17","slug":"fuehrungskraeftequalifizierung-als-booster-fuer-strategische-initiativen","status":"publish","type":"page","link":"https:\/\/wienerhomepages-projekte.at\/1\/j-p-management\/akademie\/trainings\/leadership\/fuehrungskraeftequalifizierung-als-booster-fuer-strategische-initiativen\/","title":{"rendered":"F\u00fchrungskr\u00e4ftequalifizierung als Booster f\u00fcr strategische Initiativen"},"content":{"rendered":"<p><div class=\"fusion-fullwidth fullwidth-box fusion-builder-row-1 fusion-flex-container nonhundred-percent-fullwidth non-hundred-percent-height-scrolling\" style=\"--awb-border-radius-top-left:0px;--awb-border-radius-top-right:0px;--awb-border-radius-bottom-right:0px;--awb-border-radius-bottom-left:0px;--awb-flex-wrap:wrap;\" ><div class=\"fusion-builder-row fusion-row fusion-flex-align-items-flex-start fusion-flex-content-wrap\" style=\"max-width:1216.8px;margin-left: calc(-4% \/ 2 );margin-right: calc(-4% \/ 2 );\"><div class=\"fusion-layout-column fusion_builder_column fusion-builder-column-0 fusion_builder_column_1_1 1_1 fusion-flex-column\" style=\"--awb-bg-size:cover;--awb-width-large:100%;--awb-margin-top-large:0px;--awb-spacing-right-large:1.92%;--awb-margin-bottom-large:20px;--awb-spacing-left-large:1.92%;--awb-width-medium:100%;--awb-order-medium:0;--awb-spacing-right-medium:1.92%;--awb-spacing-left-medium:1.92%;--awb-width-small:100%;--awb-order-small:0;--awb-spacing-right-small:1.92%;--awb-spacing-left-small:1.92%;\"><div class=\"fusion-column-wrapper fusion-column-has-shadow fusion-flex-justify-content-flex-start fusion-content-layout-column\"><div class=\"fusion-text fusion-text-1\"><p>F\u00fcr das Erreichen von ehrgeizigen Unternehmenszielen werden in der Regel strategische Initiativen gestartet, die eine Anpassung von Strukturen, Prozessen und Vorgehensweisen \u2013 einen Change \u2013 erfordern.<\/p>\n<p style=\"padding-left: 40px;\"><em>Beispiele f\u00fcr solche strategischen Initiativen sind die unternehmensweite Einf\u00fchrung von Lean Management oder ein Kulturwandelprogramm zur F\u00f6rderung von Werten (z.B. Quality first, make it simple, Diversity).<\/em><\/p>\n<p>Im Zuge der Umsetzung solcher strategischer Initiativen sind die F\u00fchrungskr\u00e4fte mit einer Reihe von Herausforderungen und Hindernissen konfrontiert, deren Bew\u00e4ltigung viel F\u00fchrungsarbeit erfordert. Ziele sind zu vereinbaren und zu controllen, Handlungsfelder und Ma\u00dfnahmen sind abzuleiten, Mitarbeiter\/-innengespr\u00e4che sind zu f\u00fchren, notwendige Ver\u00e4nderungen sind zu kommunizieren, Konflikte sind zu erkennen und zu l\u00f6sen etc.<\/p>\n<h3 class=\"fusion-responsive-typography-calculated\" data-fontsize=\"21\" data-lineheight=\"29.4px\">Abstimmung von F\u00fchrungskr\u00e4ftequalifizierungen auf strategische Initiativen<\/h3>\n<p>Eine F\u00fchrungskr\u00e4ftequalifizierung, die auf die strategische Initiative optimal abgestimmt ist und bei der die daf\u00fcr notwendige F\u00fchrungsarbeit in den Mittelpunkt der Ausbildung gestellt wird, kann als Katalysator f\u00fcr die Erreichung der mit der strategischen Initiative verkn\u00fcpften Ziele wirken und so maximalen Nutzen stiften:<\/p>\n<\/div><\/div><\/div><\/div><\/div><div class=\"fusion-fullwidth fullwidth-box fusion-builder-row-2 fusion-flex-container has-pattern-background has-mask-background nonhundred-percent-fullwidth non-hundred-percent-height-scrolling\" style=\"--awb-border-radius-top-left:0px;--awb-border-radius-top-right:0px;--awb-border-radius-bottom-right:0px;--awb-border-radius-bottom-left:0px;--awb-margin-bottom:40px;--awb-flex-wrap:wrap;\" ><div class=\"fusion-builder-row fusion-row fusion-flex-align-items-flex-start fusion-flex-content-wrap\" style=\"max-width:1216.8px;margin-left: calc(-4% \/ 2 );margin-right: calc(-4% \/ 2 );\"><div class=\"fusion-layout-column fusion_builder_column fusion-builder-column-1 fusion_builder_column_1_1 1_1 fusion-flex-column\" style=\"--awb-bg-size:cover;--awb-width-large:100%;--awb-margin-top-large:0px;--awb-spacing-right-large:1.92%;--awb-margin-bottom-large:20px;--awb-spacing-left-large:1.92%;--awb-width-medium:100%;--awb-order-medium:0;--awb-spacing-right-medium:1.92%;--awb-spacing-left-medium:1.92%;--awb-width-small:100%;--awb-order-small:0;--awb-spacing-right-small:1.92%;--awb-spacing-left-small:1.92%;\"><div class=\"fusion-column-wrapper fusion-column-has-shadow fusion-flex-justify-content-flex-start fusion-content-layout-column\"><div class=\"fusion-image-element \" style=\"--awb-caption-title-font-family:var(--h2_typography-font-family);--awb-caption-title-font-weight:var(--h2_typography-font-weight);--awb-caption-title-font-style:var(--h2_typography-font-style);--awb-caption-title-size:var(--h2_typography-font-size);--awb-caption-title-transform:var(--h2_typography-text-transform);--awb-caption-title-line-height:var(--h2_typography-line-height);--awb-caption-title-letter-spacing:var(--h2_typography-letter-spacing);\"><span class=\" fusion-imageframe imageframe-none imageframe-1 hover-type-none\"><img decoding=\"async\" width=\"720\" height=\"219\" title=\"fuehrungskraefteentwicklung\" src=\"https:\/\/wienerhomepages-projekte.at\/1\/j-p-management\/wp-content\/uploads\/images\/fuehrungskraefteentwicklung.png\" data-orig-src=\"https:\/\/wienerhomepages-projekte.at\/1\/j-p-management\/wp-content\/uploads\/images\/fuehrungskraefteentwicklung.png\" alt class=\"lazyload img-responsive wp-image-8499\" srcset=\"data:image\/svg+xml,%3Csvg%20xmlns%3D%27http%3A%2F%2Fwww.w3.org%2F2000%2Fsvg%27%20width%3D%27720%27%20height%3D%27219%27%20viewBox%3D%270%200%20720%20219%27%3E%3Crect%20width%3D%27720%27%20height%3D%27219%27%20fill-opacity%3D%220%22%2F%3E%3C%2Fsvg%3E\" data-srcset=\"https:\/\/wienerhomepages-projekte.at\/1\/j-p-management\/wp-content\/uploads\/images\/fuehrungskraefteentwicklung-200x61.png 200w, https:\/\/wienerhomepages-projekte.at\/1\/j-p-management\/wp-content\/uploads\/images\/fuehrungskraefteentwicklung-400x122.png 400w, https:\/\/wienerhomepages-projekte.at\/1\/j-p-management\/wp-content\/uploads\/images\/fuehrungskraefteentwicklung-600x183.png 600w, https:\/\/wienerhomepages-projekte.at\/1\/j-p-management\/wp-content\/uploads\/images\/fuehrungskraefteentwicklung.png 720w\" data-sizes=\"auto\" data-orig-sizes=\"(max-width: 1024px) 100vw, (max-width: 640px) 100vw, 720px\" \/><\/span><\/div><\/div><\/div><\/div><\/div><div class=\"fusion-fullwidth fullwidth-box fusion-builder-row-3 fusion-flex-container has-pattern-background has-mask-background nonhundred-percent-fullwidth non-hundred-percent-height-scrolling\" style=\"--awb-border-radius-top-left:0px;--awb-border-radius-top-right:0px;--awb-border-radius-bottom-right:0px;--awb-border-radius-bottom-left:0px;--awb-margin-top:-10px;--awb-flex-wrap:wrap;\" ><div class=\"fusion-builder-row fusion-row fusion-flex-align-items-flex-start fusion-flex-content-wrap\" style=\"max-width:1216.8px;margin-left: calc(-4% \/ 2 );margin-right: calc(-4% \/ 2 );\"><div class=\"fusion-layout-column fusion_builder_column fusion-builder-column-2 fusion_builder_column_1_1 1_1 fusion-flex-column\" style=\"--awb-bg-size:cover;--awb-width-large:100%;--awb-margin-top-large:0px;--awb-spacing-right-large:1.92%;--awb-margin-bottom-large:20px;--awb-spacing-left-large:1.92%;--awb-width-medium:100%;--awb-order-medium:0;--awb-spacing-right-medium:1.92%;--awb-spacing-left-medium:1.92%;--awb-width-small:100%;--awb-order-small:0;--awb-spacing-right-small:1.92%;--awb-spacing-left-small:1.92%;\"><div class=\"fusion-column-wrapper fusion-column-has-shadow fusion-flex-justify-content-flex-start fusion-content-layout-column\"><div class=\"fusion-text fusion-text-2\"><p>Im ersten Schritt muss sichergestellt werden, dass alle F\u00fchrungskr\u00e4fte \u00fcber ein gemeinsames Zielbild und das notwendige themenspezifische Verst\u00e4ndnis sowie fachspezifische Wissen verf\u00fcgen.<\/p>\n<p style=\"padding-left: 40px;\"><em>Beispielsweise gilt es bei einer unternehmensweiten Einf\u00fchrung von Lean Management, im Vorfeld Wissen zu den mit Lean Management in Zusammenhang stehenden Zielen, Prinzipien und Erfolgsfaktoren aufzubauen.<\/em><\/p>\n<p>Im zweiten Schritt m\u00fcssen die \u00dcbungen und Praxisarbeiten, die im Rahmen der Trainingseinheiten sowie im Anschluss daran durchgef\u00fchrt werden, optimal auf die strategische Initiative abgestimmt werden.<\/p>\n<p>Mit einer so konzipierten F\u00fchrungskr\u00e4ftequalifizierung lernen die F\u00fchrungskr\u00e4fte ihre F\u00fchrungsaufgaben trittsicher wahrzunehmen und gleichzeitig wird die Umsetzung der strategischen Initiative optimal unterst\u00fctzt.<\/p>\n<\/div><\/div><\/div><\/div><\/div><div class=\"fusion-fullwidth fullwidth-box fusion-builder-row-4 fusion-flex-container has-pattern-background has-mask-background nonhundred-percent-fullwidth non-hundred-percent-height-scrolling\" style=\"--awb-border-radius-top-left:0px;--awb-border-radius-top-right:0px;--awb-border-radius-bottom-right:0px;--awb-border-radius-bottom-left:0px;--awb-flex-wrap:wrap;\" ><div class=\"fusion-builder-row fusion-row fusion-flex-align-items-flex-start fusion-flex-content-wrap\" style=\"max-width:1216.8px;margin-left: calc(-4% \/ 2 );margin-right: calc(-4% \/ 2 );\"><div class=\"fusion-layout-column fusion_builder_column fusion-builder-column-3 fusion_builder_column_1_1 1_1 fusion-flex-column\" style=\"--awb-bg-size:cover;--awb-width-large:100%;--awb-margin-top-large:0px;--awb-spacing-right-large:1.92%;--awb-margin-bottom-large:20px;--awb-spacing-left-large:1.92%;--awb-width-medium:100%;--awb-order-medium:0;--awb-spacing-right-medium:1.92%;--awb-spacing-left-medium:1.92%;--awb-width-small:100%;--awb-order-small:0;--awb-spacing-right-small:1.92%;--awb-spacing-left-small:1.92%;\"><div class=\"fusion-column-wrapper fusion-column-has-shadow fusion-flex-justify-content-flex-start fusion-content-layout-column\"><div class=\"fusion-reading-box-container reading-box-container-1\" style=\"--awb-title-color:#ca6b06;--awb-margin-top:0px;--awb-margin-bottom:20px;\"><div class=\"reading-box\" style=\"background-color:var(--awb-color2);border-width:1px;border-color:rgba(226,226,226,0);border-left-width:3px;border-left-color:var(--primary_color);border-style:solid;\"><div class=\"reading-box-additional\">\n<p>Wenn Sie strategische Initiativen wie<\/p>\n<ul>\n<li>gesamtheitliche Implementierung von Lean Management<\/li>\n<li>unternehmensweite organisatorische Verankerung von Operational Excellence<\/li>\n<li>Entwicklung und Umsetzung eines unternehmensweiten Produktivit\u00e4tssteigerungsprogramms<\/li>\n<li>Kulturwandelprogramme zur F\u00f6rderung von definierten Werten<\/li>\n<\/ul>\n<p>planen oder durchf\u00fchren, entwickeln wir gerne mit Ihnen gemeinsam eine auf Ihr Unternehmen und Ihre strategische Initiative optimal abgestimmte F\u00fchrungskr\u00e4ftequalifizierung.<\/p>\n<\/div><div class=\"fusion-clearfix\"><\/div><\/div><\/div><\/div><\/div><\/div><\/div><\/p>\n","protected":false},"excerpt":{"rendered":"","protected":false},"author":2,"featured_media":0,"parent":8271,"menu_order":0,"comment_status":"closed","ping_status":"closed","template":"","meta":{"footnotes":""},"class_list":["post-8497","page","type-page","status-publish","hentry"],"yoast_head":"<!-- This site is optimized with the Yoast SEO plugin v27.2 - https:\/\/yoast.com\/product\/yoast-seo-wordpress\/ -->\n<title>F\u00fchrungskr\u00e4ftequalifizierung als Booster f\u00fcr strategische Initiativen - j-p-management<\/title>\n<meta name=\"description\" content=\"F\u00fchrungskr\u00e4ftequalifizierung als Booster - F\u00fcr das Erreichen von ehrgeizigen Unternehmenszielen werden in der Regel strategische Initiativen gestartet, die eine Anpassung von Strukturen, Prozessen und Vorgehensweisen \u2013 einen Change \u2013 erfordern. Beispiele f\u00fcr solche strategischen Initiativen sind die unternehmensweite Einf\u00fchrung von Lean Management oder ein Kulturwandelprogramm zur F\u00f6rderung von Werten (z.B. Quality first, make it simple, Diversity). Im Zuge der Umsetzung solcher strategischer Initiativen sind die F\u00fchrungskr\u00e4fte mit einer Reihe von Herausforderungen und Hindernissen konfrontiert, deren Bew\u00e4ltigung viel F\u00fchrungsarbeit erfordert. Ziele sind zu vereinbaren und zu controllen, Handlungsfelder und Ma\u00dfnahmen sind abzuleiten, Mitarbeiter\/-innengespr\u00e4che sind zu f\u00fchren, notwendige Ver\u00e4nderungen sind zu kommunizieren, Konflikte sind zu erkennen und zu l\u00f6sen etc.\" \/>\n<meta name=\"robots\" content=\"noindex, follow, max-snippet:-1, max-image-preview:large, max-video-preview:-1\" \/>\n<meta property=\"og:locale\" content=\"de_DE\" \/>\n<meta property=\"og:type\" content=\"article\" \/>\n<meta property=\"og:title\" content=\"F\u00fchrungskr\u00e4ftequalifizierung als Booster f\u00fcr strategische Initiativen - j-p-management\" \/>\n<meta property=\"og:description\" content=\"F\u00fchrungskr\u00e4ftequalifizierung als Booster - F\u00fcr das Erreichen von ehrgeizigen Unternehmenszielen werden in der Regel strategische Initiativen gestartet, die eine Anpassung von Strukturen, Prozessen und Vorgehensweisen \u2013 einen Change \u2013 erfordern. Beispiele f\u00fcr solche strategischen Initiativen sind die unternehmensweite Einf\u00fchrung von Lean Management oder ein Kulturwandelprogramm zur F\u00f6rderung von Werten (z.B. Quality first, make it simple, Diversity). Im Zuge der Umsetzung solcher strategischer Initiativen sind die F\u00fchrungskr\u00e4fte mit einer Reihe von Herausforderungen und Hindernissen konfrontiert, deren Bew\u00e4ltigung viel F\u00fchrungsarbeit erfordert. Ziele sind zu vereinbaren und zu controllen, Handlungsfelder und Ma\u00dfnahmen sind abzuleiten, Mitarbeiter\/-innengespr\u00e4che sind zu f\u00fchren, notwendige Ver\u00e4nderungen sind zu kommunizieren, Konflikte sind zu erkennen und zu l\u00f6sen etc.\" \/>\n<meta property=\"og:url\" content=\"https:\/\/wienerhomepages-projekte.at\/1\/j-p-management\/akademie\/trainings\/leadership\/fuehrungskraeftequalifizierung-als-booster-fuer-strategische-initiativen\/\" \/>\n<meta property=\"og:site_name\" content=\"j-p-management\" \/>\n<meta property=\"article:modified_time\" content=\"2025-08-01T11:14:17+00:00\" \/>\n<meta name=\"twitter:card\" content=\"summary_large_image\" \/>\n<meta name=\"twitter:label1\" content=\"Gesch\u00e4tzte Lesezeit\" \/>\n\t<meta name=\"twitter:data1\" content=\"2\u00a0Minuten\" \/>\n<script type=\"application\/ld+json\" class=\"yoast-schema-graph\">{\"@context\":\"https:\/\/schema.org\",\"@graph\":[{\"@type\":\"WebPage\",\"@id\":\"https:\/\/wienerhomepages-projekte.at\/1\/j-p-management\/akademie\/trainings\/leadership\/fuehrungskraeftequalifizierung-als-booster-fuer-strategische-initiativen\/\",\"url\":\"https:\/\/wienerhomepages-projekte.at\/1\/j-p-management\/akademie\/trainings\/leadership\/fuehrungskraeftequalifizierung-als-booster-fuer-strategische-initiativen\/\",\"name\":\"F\u00fchrungskr\u00e4ftequalifizierung als Booster f\u00fcr strategische Initiativen - j-p-management\",\"isPartOf\":{\"@id\":\"https:\/\/wienerhomepages-projekte.at\/1\/j-p-management\/#website\"},\"datePublished\":\"2024-08-14T12:13:59+00:00\",\"dateModified\":\"2025-08-01T11:14:17+00:00\",\"description\":\"F\u00fchrungskr\u00e4ftequalifizierung als Booster - F\u00fcr das Erreichen von ehrgeizigen Unternehmenszielen werden in der Regel strategische Initiativen gestartet, die eine Anpassung von Strukturen, Prozessen und Vorgehensweisen \u2013 einen Change \u2013 erfordern. Beispiele f\u00fcr solche strategischen Initiativen sind die unternehmensweite Einf\u00fchrung von Lean Management oder ein Kulturwandelprogramm zur F\u00f6rderung von Werten (z.B. Quality first, make it simple, Diversity). Im Zuge der Umsetzung solcher strategischer Initiativen sind die F\u00fchrungskr\u00e4fte mit einer Reihe von Herausforderungen und Hindernissen konfrontiert, deren Bew\u00e4ltigung viel F\u00fchrungsarbeit erfordert. Ziele sind zu vereinbaren und zu controllen, Handlungsfelder und Ma\u00dfnahmen sind abzuleiten, Mitarbeiter\/-innengespr\u00e4che sind zu f\u00fchren, notwendige Ver\u00e4nderungen sind zu kommunizieren, Konflikte sind zu erkennen und zu l\u00f6sen etc.\",\"breadcrumb\":{\"@id\":\"https:\/\/wienerhomepages-projekte.at\/1\/j-p-management\/akademie\/trainings\/leadership\/fuehrungskraeftequalifizierung-als-booster-fuer-strategische-initiativen\/#breadcrumb\"},\"inLanguage\":\"de\",\"potentialAction\":[{\"@type\":\"ReadAction\",\"target\":[\"https:\/\/wienerhomepages-projekte.at\/1\/j-p-management\/akademie\/trainings\/leadership\/fuehrungskraeftequalifizierung-als-booster-fuer-strategische-initiativen\/\"]}]},{\"@type\":\"BreadcrumbList\",\"@id\":\"https:\/\/wienerhomepages-projekte.at\/1\/j-p-management\/akademie\/trainings\/leadership\/fuehrungskraeftequalifizierung-als-booster-fuer-strategische-initiativen\/#breadcrumb\",\"itemListElement\":[{\"@type\":\"ListItem\",\"position\":1,\"name\":\"Startseite\",\"item\":\"https:\/\/wienerhomepages-projekte.at\/1\/j-p-management\/\"},{\"@type\":\"ListItem\",\"position\":2,\"name\":\"Akademie\",\"item\":\"https:\/\/wienerhomepages-projekte.at\/1\/j-p-management\/akademie\/\"},{\"@type\":\"ListItem\",\"position\":3,\"name\":\"Trainings &#038; Lehrg\u00e4nge\",\"item\":\"https:\/\/wienerhomepages-projekte.at\/1\/j-p-management\/akademie\/trainings\/\"},{\"@type\":\"ListItem\",\"position\":4,\"name\":\"F\u00fchrungskr\u00e4fteentwicklung\",\"item\":\"https:\/\/wienerhomepages-projekte.at\/1\/j-p-management\/akademie\/trainings\/leadership\/\"},{\"@type\":\"ListItem\",\"position\":5,\"name\":\"F\u00fchrungskr\u00e4ftequalifizierung als Booster f\u00fcr strategische Initiativen\"}]},{\"@type\":\"WebSite\",\"@id\":\"https:\/\/wienerhomepages-projekte.at\/1\/j-p-management\/#website\",\"url\":\"https:\/\/wienerhomepages-projekte.at\/1\/j-p-management\/\",\"name\":\"j-p-management\",\"description\":\"\",\"potentialAction\":[{\"@type\":\"SearchAction\",\"target\":{\"@type\":\"EntryPoint\",\"urlTemplate\":\"https:\/\/wienerhomepages-projekte.at\/1\/j-p-management\/?s={search_term_string}\"},\"query-input\":{\"@type\":\"PropertyValueSpecification\",\"valueRequired\":true,\"valueName\":\"search_term_string\"}}],\"inLanguage\":\"de\"}]}<\/script>\n<!-- \/ Yoast SEO plugin. -->","yoast_head_json":{"title":"F\u00fchrungskr\u00e4ftequalifizierung als Booster f\u00fcr strategische Initiativen - j-p-management","description":"F\u00fchrungskr\u00e4ftequalifizierung als Booster - F\u00fcr das Erreichen von ehrgeizigen Unternehmenszielen werden in der Regel strategische Initiativen gestartet, die eine Anpassung von Strukturen, Prozessen und Vorgehensweisen \u2013 einen Change \u2013 erfordern. Beispiele f\u00fcr solche strategischen Initiativen sind die unternehmensweite Einf\u00fchrung von Lean Management oder ein Kulturwandelprogramm zur F\u00f6rderung von Werten (z.B. Quality first, make it simple, Diversity). Im Zuge der Umsetzung solcher strategischer Initiativen sind die F\u00fchrungskr\u00e4fte mit einer Reihe von Herausforderungen und Hindernissen konfrontiert, deren Bew\u00e4ltigung viel F\u00fchrungsarbeit erfordert. Ziele sind zu vereinbaren und zu controllen, Handlungsfelder und Ma\u00dfnahmen sind abzuleiten, Mitarbeiter\/-innengespr\u00e4che sind zu f\u00fchren, notwendige Ver\u00e4nderungen sind zu kommunizieren, Konflikte sind zu erkennen und zu l\u00f6sen etc.","robots":{"index":"noindex","follow":"follow","max-snippet":"max-snippet:-1","max-image-preview":"max-image-preview:large","max-video-preview":"max-video-preview:-1"},"og_locale":"de_DE","og_type":"article","og_title":"F\u00fchrungskr\u00e4ftequalifizierung als Booster f\u00fcr strategische Initiativen - j-p-management","og_description":"F\u00fchrungskr\u00e4ftequalifizierung als Booster - F\u00fcr das Erreichen von ehrgeizigen Unternehmenszielen werden in der Regel strategische Initiativen gestartet, die eine Anpassung von Strukturen, Prozessen und Vorgehensweisen \u2013 einen Change \u2013 erfordern. Beispiele f\u00fcr solche strategischen Initiativen sind die unternehmensweite Einf\u00fchrung von Lean Management oder ein Kulturwandelprogramm zur F\u00f6rderung von Werten (z.B. Quality first, make it simple, Diversity). Im Zuge der Umsetzung solcher strategischer Initiativen sind die F\u00fchrungskr\u00e4fte mit einer Reihe von Herausforderungen und Hindernissen konfrontiert, deren Bew\u00e4ltigung viel F\u00fchrungsarbeit erfordert. Ziele sind zu vereinbaren und zu controllen, Handlungsfelder und Ma\u00dfnahmen sind abzuleiten, Mitarbeiter\/-innengespr\u00e4che sind zu f\u00fchren, notwendige Ver\u00e4nderungen sind zu kommunizieren, Konflikte sind zu erkennen und zu l\u00f6sen etc.","og_url":"https:\/\/wienerhomepages-projekte.at\/1\/j-p-management\/akademie\/trainings\/leadership\/fuehrungskraeftequalifizierung-als-booster-fuer-strategische-initiativen\/","og_site_name":"j-p-management","article_modified_time":"2025-08-01T11:14:17+00:00","twitter_card":"summary_large_image","twitter_misc":{"Gesch\u00e4tzte Lesezeit":"2\u00a0Minuten"},"schema":{"@context":"https:\/\/schema.org","@graph":[{"@type":"WebPage","@id":"https:\/\/wienerhomepages-projekte.at\/1\/j-p-management\/akademie\/trainings\/leadership\/fuehrungskraeftequalifizierung-als-booster-fuer-strategische-initiativen\/","url":"https:\/\/wienerhomepages-projekte.at\/1\/j-p-management\/akademie\/trainings\/leadership\/fuehrungskraeftequalifizierung-als-booster-fuer-strategische-initiativen\/","name":"F\u00fchrungskr\u00e4ftequalifizierung als Booster f\u00fcr strategische Initiativen - j-p-management","isPartOf":{"@id":"https:\/\/wienerhomepages-projekte.at\/1\/j-p-management\/#website"},"datePublished":"2024-08-14T12:13:59+00:00","dateModified":"2025-08-01T11:14:17+00:00","description":"F\u00fchrungskr\u00e4ftequalifizierung als Booster - F\u00fcr das Erreichen von ehrgeizigen Unternehmenszielen werden in der Regel strategische Initiativen gestartet, die eine Anpassung von Strukturen, Prozessen und Vorgehensweisen \u2013 einen Change \u2013 erfordern. Beispiele f\u00fcr solche strategischen Initiativen sind die unternehmensweite Einf\u00fchrung von Lean Management oder ein Kulturwandelprogramm zur F\u00f6rderung von Werten (z.B. Quality first, make it simple, Diversity). Im Zuge der Umsetzung solcher strategischer Initiativen sind die F\u00fchrungskr\u00e4fte mit einer Reihe von Herausforderungen und Hindernissen konfrontiert, deren Bew\u00e4ltigung viel F\u00fchrungsarbeit erfordert. Ziele sind zu vereinbaren und zu controllen, Handlungsfelder und Ma\u00dfnahmen sind abzuleiten, Mitarbeiter\/-innengespr\u00e4che sind zu f\u00fchren, notwendige Ver\u00e4nderungen sind zu kommunizieren, Konflikte sind zu erkennen und zu l\u00f6sen etc.","breadcrumb":{"@id":"https:\/\/wienerhomepages-projekte.at\/1\/j-p-management\/akademie\/trainings\/leadership\/fuehrungskraeftequalifizierung-als-booster-fuer-strategische-initiativen\/#breadcrumb"},"inLanguage":"de","potentialAction":[{"@type":"ReadAction","target":["https:\/\/wienerhomepages-projekte.at\/1\/j-p-management\/akademie\/trainings\/leadership\/fuehrungskraeftequalifizierung-als-booster-fuer-strategische-initiativen\/"]}]},{"@type":"BreadcrumbList","@id":"https:\/\/wienerhomepages-projekte.at\/1\/j-p-management\/akademie\/trainings\/leadership\/fuehrungskraeftequalifizierung-als-booster-fuer-strategische-initiativen\/#breadcrumb","itemListElement":[{"@type":"ListItem","position":1,"name":"Startseite","item":"https:\/\/wienerhomepages-projekte.at\/1\/j-p-management\/"},{"@type":"ListItem","position":2,"name":"Akademie","item":"https:\/\/wienerhomepages-projekte.at\/1\/j-p-management\/akademie\/"},{"@type":"ListItem","position":3,"name":"Trainings &#038; Lehrg\u00e4nge","item":"https:\/\/wienerhomepages-projekte.at\/1\/j-p-management\/akademie\/trainings\/"},{"@type":"ListItem","position":4,"name":"F\u00fchrungskr\u00e4fteentwicklung","item":"https:\/\/wienerhomepages-projekte.at\/1\/j-p-management\/akademie\/trainings\/leadership\/"},{"@type":"ListItem","position":5,"name":"F\u00fchrungskr\u00e4ftequalifizierung als Booster f\u00fcr strategische Initiativen"}]},{"@type":"WebSite","@id":"https:\/\/wienerhomepages-projekte.at\/1\/j-p-management\/#website","url":"https:\/\/wienerhomepages-projekte.at\/1\/j-p-management\/","name":"j-p-management","description":"","potentialAction":[{"@type":"SearchAction","target":{"@type":"EntryPoint","urlTemplate":"https:\/\/wienerhomepages-projekte.at\/1\/j-p-management\/?s={search_term_string}"},"query-input":{"@type":"PropertyValueSpecification","valueRequired":true,"valueName":"search_term_string"}}],"inLanguage":"de"}]}},"_links":{"self":[{"href":"https:\/\/wienerhomepages-projekte.at\/1\/j-p-management\/wp-json\/wp\/v2\/pages\/8497","targetHints":{"allow":["GET"]}}],"collection":[{"href":"https:\/\/wienerhomepages-projekte.at\/1\/j-p-management\/wp-json\/wp\/v2\/pages"}],"about":[{"href":"https:\/\/wienerhomepages-projekte.at\/1\/j-p-management\/wp-json\/wp\/v2\/types\/page"}],"author":[{"embeddable":true,"href":"https:\/\/wienerhomepages-projekte.at\/1\/j-p-management\/wp-json\/wp\/v2\/users\/2"}],"replies":[{"embeddable":true,"href":"https:\/\/wienerhomepages-projekte.at\/1\/j-p-management\/wp-json\/wp\/v2\/comments?post=8497"}],"version-history":[{"count":5,"href":"https:\/\/wienerhomepages-projekte.at\/1\/j-p-management\/wp-json\/wp\/v2\/pages\/8497\/revisions"}],"predecessor-version":[{"id":8524,"href":"https:\/\/wienerhomepages-projekte.at\/1\/j-p-management\/wp-json\/wp\/v2\/pages\/8497\/revisions\/8524"}],"up":[{"embeddable":true,"href":"https:\/\/wienerhomepages-projekte.at\/1\/j-p-management\/wp-json\/wp\/v2\/pages\/8271"}],"wp:attachment":[{"href":"https:\/\/wienerhomepages-projekte.at\/1\/j-p-management\/wp-json\/wp\/v2\/media?parent=8497"}],"curies":[{"name":"wp","href":"https:\/\/api.w.org\/{rel}","templated":true}]}}