{"id":8304,"date":"2023-11-06T09:08:33","date_gmt":"2023-11-06T08:08:33","guid":{"rendered":"https:\/\/www.j-p-management.com\/?page_id=8304"},"modified":"2025-08-01T13:28:13","modified_gmt":"2025-08-01T11:28:13","slug":"leadership","status":"publish","type":"page","link":"https:\/\/wienerhomepages-projekte.at\/1\/j-p-management\/akademie\/zertifizierte-lehrgaenge\/leadership\/","title":{"rendered":"Leadership"},"content":{"rendered":"<p><div class=\"fusion-fullwidth fullwidth-box fusion-builder-row-1 fusion-flex-container nonhundred-percent-fullwidth non-hundred-percent-height-scrolling\" style=\"--awb-border-radius-top-left:0px;--awb-border-radius-top-right:0px;--awb-border-radius-bottom-right:0px;--awb-border-radius-bottom-left:0px;--awb-flex-wrap:wrap;\" ><div class=\"fusion-builder-row fusion-row fusion-flex-align-items-flex-start fusion-flex-content-wrap\" style=\"max-width:1216.8px;margin-left: calc(-4% \/ 2 );margin-right: calc(-4% \/ 2 );\"><div class=\"fusion-layout-column fusion_builder_column fusion-builder-column-0 fusion_builder_column_1_1 1_1 fusion-flex-column\" style=\"--awb-bg-size:cover;--awb-width-large:100%;--awb-margin-top-large:0px;--awb-spacing-right-large:1.92%;--awb-margin-bottom-large:20px;--awb-spacing-left-large:1.92%;--awb-width-medium:100%;--awb-order-medium:0;--awb-spacing-right-medium:1.92%;--awb-spacing-left-medium:1.92%;--awb-width-small:100%;--awb-order-small:0;--awb-spacing-right-small:1.92%;--awb-spacing-left-small:1.92%;\"><div class=\"fusion-column-wrapper fusion-column-has-shadow fusion-flex-justify-content-flex-start fusion-content-layout-column\"><div class=\"fusion-text fusion-text-1 fusion-text-no-margin\" style=\"--awb-margin-bottom:-20px;\"><h3 class=\"fusion-responsive-typography-calculated\" data-fontsize=\"25\" data-lineheight=\"30px\"><img decoding=\"async\" class=\"lazyload size-full wp-image-5364 alignright\" src=\"data:image\/svg+xml,%3Csvg%20xmlns%3D%27http%3A%2F%2Fwww.w3.org%2F2000%2Fsvg%27%20width%3D%27150%27%20height%3D%2729%27%20viewBox%3D%270%200%20150%2029%27%3E%3Crect%20width%3D%27150%27%20height%3D%2729%27%20fill-opacity%3D%220%22%2F%3E%3C%2Fsvg%3E\" data-orig-src=\"https:\/\/wienerhomepages-projekte.at\/1\/j-p-management\/wp-content\/uploads\/images\/logos\/step-up.jpg\" alt=\"\" width=\"150\" height=\"29\" \/>In Kooperation mit <a href=\"https:\/\/www.step-up.at\/\">StEP-Up<\/a> bieten wir folgende Qualifizierung zum Thema &#8222;Leadership&#8220; an:<\/h3>\n<\/div><\/div><\/div><\/div><\/div><div class=\"fusion-fullwidth fullwidth-box fusion-builder-row-2 fusion-flex-container nonhundred-percent-fullwidth non-hundred-percent-height-scrolling\" style=\"--awb-border-radius-top-left:0px;--awb-border-radius-top-right:0px;--awb-border-radius-bottom-right:0px;--awb-border-radius-bottom-left:0px;--awb-flex-wrap:wrap;\" ><div class=\"fusion-builder-row fusion-row fusion-flex-align-items-flex-start fusion-flex-content-wrap\" style=\"max-width:1216.8px;margin-left: calc(-4% \/ 2 );margin-right: calc(-4% \/ 2 );\"><div class=\"fusion-layout-column fusion_builder_column fusion-builder-column-1 fusion_builder_column_1_1 1_1 fusion-flex-column\" style=\"--awb-bg-size:cover;--awb-width-large:100%;--awb-margin-top-large:0px;--awb-spacing-right-large:1.92%;--awb-margin-bottom-large:20px;--awb-spacing-left-large:1.92%;--awb-width-medium:100%;--awb-order-medium:0;--awb-spacing-right-medium:1.92%;--awb-spacing-left-medium:1.92%;--awb-width-small:100%;--awb-order-small:0;--awb-spacing-right-small:1.92%;--awb-spacing-left-small:1.92%;\"><div class=\"fusion-column-wrapper fusion-column-has-shadow fusion-flex-justify-content-flex-start fusion-content-layout-column\"><div class=\"fusion-content-boxes content-boxes columns row fusion-columns-1 fusion-columns-total-1 fusion-content-boxes-1 content-boxes-icon-on-side content-left\" style=\"--awb-hover-accent-color:var(--awb-color4);--awb-circle-hover-accent-color:var(--awb-color4);--awb-item-margin-bottom:40px;\" data-animationOffset=\"top-into-view\"><div style=\"--awb-backgroundcolor:rgba(255,255,255,0);--awb-content-padding-left:148px;\" class=\"fusion-column content-box-column content-box-column content-box-column-1 col-lg-12 col-md-12 col-sm-12 fusion-content-box-hover content-box-column-last content-box-column-last-in-row\"><div class=\"col content-box-wrapper content-wrapper link-area-link-icon link-type-text icon-hover-animation-fade\" data-animationOffset=\"top-into-view\"><div class=\"heading heading-with-icon icon-left\"><a class=\"heading-link\" href=\"https:\/\/www.step-up.at\/step-up-akademie\/lehrgang-leadership-excellence\/\" target=\"_self\"><div aria-hidden=\"true\" class=\"image\"><img decoding=\"async\" class=\"lazyload\" src=\"data:image\/svg+xml,%3Csvg%20xmlns%3D%27http%3A%2F%2Fwww.w3.org%2F2000%2Fsvg%27%20width%3D%27151%27%20height%3D%27100%27%20viewBox%3D%270%200%20151%20100%27%3E%3Crect%20width%3D%27151%27%20height%3D%27100%27%20fill-opacity%3D%220%22%2F%3E%3C%2Fsvg%3E\" data-orig-src=\"https:\/\/wienerhomepages-projekte.at\/1\/j-p-management\/wp-content\/uploads\/images\/piktogramme\/grundlagen_der_fuehrung_100.jpg\" width=\"128\" height=\"84.77\" alt=\"\" \/><\/div><h2 class=\"content-box-heading fusion-responsive-typography-calculated\" style=\"--h2_typography-font-size:18px;--fontSize:18;line-height:var(--awb-typography1-line-height);padding-left:148px;\">Leadership Excellence<\/h2><\/a><\/div><div class=\"fusion-clearfix\"><\/div><div class=\"content-container\">\n<p>In einem sich st\u00e4ndig \u00e4ndernden Unternehmensumfeld sind F\u00fchrungskr\u00e4fte gefragt, die wissen, wie sie ihre Zeit effektiv und effizient nutzen k\u00f6nnen, um Zeit sowohl f\u00fcr ihre eigenen Aufgaben als auch f\u00fcr ihre F\u00fchrungsarbeit zur Verf\u00fcgung zu haben. Au\u00dferdem ist es erforderlich, dass die F\u00fchrungs\u00adkr\u00e4fte mit ausgew\u00e4hlten F\u00fchrungsmethoden und -werkzeugen vertraut sind und ihr pers\u00f6nliches F\u00fchrungspotenzial entfalten k\u00f6nnen. Sie m\u00fcssen in der Lage sein, den f\u00fcr ihre Pers\u00f6nlichkeit am besten geeigneten F\u00fchrungsstil sowie F\u00fchrungsroutinen zu entwickeln, und sie m\u00fcssen wissen, wie sie ihre Mitarbeiterinnen und Mitarbeiter f\u00fchren m\u00fcssen, damit sie sich bestm\u00f6glich entwickeln und vereinbarte Ziele gemeinsam erreichen k\u00f6nnen. Weiters m\u00fcssen sie konstruktiv mit Kritik, Konflikten und anderen schwierigen Situationen umgehen k\u00f6nnen und in der Lage sein, Mitarbeiter zu Spitzen\u00adleistungen zu f\u00fchren und die Organisation weiterzuentwickeln.<\/p>\n<h3 class=\"fusion-responsive-typography-calculated\" data-fontsize=\"21\" data-lineheight=\"29.4px\">Ma\u00dfgeschneiderte Leadership-Lehrg\u00e4nge<\/h3>\n<p>Gerne stimmen wir mit Ihnen gemeinsam auf Ihr Unternehmen abgestimmte Lernziele und Lerninhalte ab und definieren ein f\u00fcr Ihre F\u00fchrungskr\u00e4fte ma\u00dfgeschneidertes Lehrgangskonzept.<\/p>\n<\/div><div class=\"fusion-clearfix\"><\/div><a class=\" fusion-read-more\" style=\"margin-left:148px;\" href=\"https:\/\/www.step-up.at\/step-up-akademie\/lehrgang-leadership-excellence\/\" target=\"_self\">Zum Lehrgang<\/a><div class=\"fusion-clearfix\"><\/div><\/div><\/div><div class=\"fusion-clearfix\"><\/div><\/div><\/div><\/div><\/div><\/div><\/p>\n","protected":false},"excerpt":{"rendered":"","protected":false},"author":2,"featured_media":0,"parent":6561,"menu_order":0,"comment_status":"closed","ping_status":"closed","template":"","meta":{"footnotes":""},"class_list":["post-8304","page","type-page","status-publish","hentry"],"yoast_head":"<!-- This site is optimized with the Yoast SEO plugin v27.2 - https:\/\/yoast.com\/product\/yoast-seo-wordpress\/ -->\n<title>Leadership - j-p-management<\/title>\n<meta name=\"description\" content=\"Leaderhip - Leadership Excellence. In einem sich st\u00e4ndig \u00e4ndernden Unternehmensumfeld sind F\u00fchrungskr\u00e4fte gefragt, die wissen, wie sie ihre Zeit effektiv und effizient nutzen k\u00f6nnen, um Zeit sowohl f\u00fcr ihre eigenen Aufgaben als auch f\u00fcr ihre F\u00fchrungsarbeit zur Verf\u00fcgung zu haben. Au\u00dferdem ist es erforderlich, dass die F\u00fchrungs\u00adkr\u00e4fte mit ausgew\u00e4hlten F\u00fchrungsmethoden und -werkzeugen vertraut sind und ihr pers\u00f6nliches F\u00fchrungspotenzial entfalten k\u00f6nnen. Sie m\u00fcssen in der Lage sein, den f\u00fcr ihre Pers\u00f6nlichkeit am besten geeigneten F\u00fchrungsstil sowie F\u00fchrungsroutinen zu entwickeln, und sie m\u00fcssen wissen, wie sie ihre Mitarbeiterinnen und Mitarbeiter f\u00fchren m\u00fcssen, damit sie sich bestm\u00f6glich entwickeln und vereinbarte Ziele gemeinsam erreichen k\u00f6nnen. Weiters m\u00fcssen sie konstruktiv mit Kritik, Konflikten und anderen schwierigen Situationen umgehen k\u00f6nnen und in der Lage sein, Mitarbeiter zu Spitzen\u00adleistungen zu f\u00fchren und die Organisation weiterzuentwickeln.\" \/>\n<meta name=\"robots\" content=\"noindex, follow, max-snippet:-1, max-image-preview:large, max-video-preview:-1\" \/>\n<meta property=\"og:locale\" content=\"de_DE\" \/>\n<meta property=\"og:type\" content=\"article\" \/>\n<meta property=\"og:title\" content=\"Leadership - j-p-management\" \/>\n<meta property=\"og:description\" content=\"Leaderhip - Leadership Excellence. In einem sich st\u00e4ndig \u00e4ndernden Unternehmensumfeld sind F\u00fchrungskr\u00e4fte gefragt, die wissen, wie sie ihre Zeit effektiv und effizient nutzen k\u00f6nnen, um Zeit sowohl f\u00fcr ihre eigenen Aufgaben als auch f\u00fcr ihre F\u00fchrungsarbeit zur Verf\u00fcgung zu haben. Au\u00dferdem ist es erforderlich, dass die F\u00fchrungs\u00adkr\u00e4fte mit ausgew\u00e4hlten F\u00fchrungsmethoden und -werkzeugen vertraut sind und ihr pers\u00f6nliches F\u00fchrungspotenzial entfalten k\u00f6nnen. Sie m\u00fcssen in der Lage sein, den f\u00fcr ihre Pers\u00f6nlichkeit am besten geeigneten F\u00fchrungsstil sowie F\u00fchrungsroutinen zu entwickeln, und sie m\u00fcssen wissen, wie sie ihre Mitarbeiterinnen und Mitarbeiter f\u00fchren m\u00fcssen, damit sie sich bestm\u00f6glich entwickeln und vereinbarte Ziele gemeinsam erreichen k\u00f6nnen. Weiters m\u00fcssen sie konstruktiv mit Kritik, Konflikten und anderen schwierigen Situationen umgehen k\u00f6nnen und in der Lage sein, Mitarbeiter zu Spitzen\u00adleistungen zu f\u00fchren und die Organisation weiterzuentwickeln.\" \/>\n<meta property=\"og:url\" content=\"https:\/\/wienerhomepages-projekte.at\/1\/j-p-management\/akademie\/zertifizierte-lehrgaenge\/leadership\/\" \/>\n<meta property=\"og:site_name\" content=\"j-p-management\" \/>\n<meta property=\"article:modified_time\" content=\"2025-08-01T11:28:13+00:00\" \/>\n<meta property=\"og:image\" content=\"https:\/\/wienerhomepages-projekte.at\/1\/j-p-management\/wp-content\/uploads\/images\/logos\/step-up.jpg\" \/>\n\t<meta property=\"og:image:width\" content=\"150\" \/>\n\t<meta property=\"og:image:height\" content=\"29\" \/>\n\t<meta property=\"og:image:type\" content=\"image\/jpeg\" \/>\n<meta name=\"twitter:card\" content=\"summary_large_image\" \/>\n<meta name=\"twitter:label1\" content=\"Gesch\u00e4tzte Lesezeit\" \/>\n\t<meta name=\"twitter:data1\" content=\"2\u00a0Minuten\" \/>\n<script type=\"application\/ld+json\" class=\"yoast-schema-graph\">{\"@context\":\"https:\/\/schema.org\",\"@graph\":[{\"@type\":\"WebPage\",\"@id\":\"https:\/\/wienerhomepages-projekte.at\/1\/j-p-management\/akademie\/zertifizierte-lehrgaenge\/leadership\/\",\"url\":\"https:\/\/wienerhomepages-projekte.at\/1\/j-p-management\/akademie\/zertifizierte-lehrgaenge\/leadership\/\",\"name\":\"Leadership - j-p-management\",\"isPartOf\":{\"@id\":\"https:\/\/wienerhomepages-projekte.at\/1\/j-p-management\/#website\"},\"primaryImageOfPage\":{\"@id\":\"https:\/\/wienerhomepages-projekte.at\/1\/j-p-management\/akademie\/zertifizierte-lehrgaenge\/leadership\/#primaryimage\"},\"image\":{\"@id\":\"https:\/\/wienerhomepages-projekte.at\/1\/j-p-management\/akademie\/zertifizierte-lehrgaenge\/leadership\/#primaryimage\"},\"thumbnailUrl\":\"https:\/\/wienerhomepages-projekte.at\/1\/j-p-management\/wp-content\/uploads\/images\/logos\/step-up.jpg\",\"datePublished\":\"2023-11-06T08:08:33+00:00\",\"dateModified\":\"2025-08-01T11:28:13+00:00\",\"description\":\"Leaderhip - Leadership Excellence. In einem sich st\u00e4ndig \u00e4ndernden Unternehmensumfeld sind F\u00fchrungskr\u00e4fte gefragt, die wissen, wie sie ihre Zeit effektiv und effizient nutzen k\u00f6nnen, um Zeit sowohl f\u00fcr ihre eigenen Aufgaben als auch f\u00fcr ihre F\u00fchrungsarbeit zur Verf\u00fcgung zu haben. Au\u00dferdem ist es erforderlich, dass die F\u00fchrungs\u00adkr\u00e4fte mit ausgew\u00e4hlten F\u00fchrungsmethoden und -werkzeugen vertraut sind und ihr pers\u00f6nliches F\u00fchrungspotenzial entfalten k\u00f6nnen. Sie m\u00fcssen in der Lage sein, den f\u00fcr ihre Pers\u00f6nlichkeit am besten geeigneten F\u00fchrungsstil sowie F\u00fchrungsroutinen zu entwickeln, und sie m\u00fcssen wissen, wie sie ihre Mitarbeiterinnen und Mitarbeiter f\u00fchren m\u00fcssen, damit sie sich bestm\u00f6glich entwickeln und vereinbarte Ziele gemeinsam erreichen k\u00f6nnen. Weiters m\u00fcssen sie konstruktiv mit Kritik, Konflikten und anderen schwierigen Situationen umgehen k\u00f6nnen und in der Lage sein, Mitarbeiter zu Spitzen\u00adleistungen zu f\u00fchren und die Organisation weiterzuentwickeln.\",\"breadcrumb\":{\"@id\":\"https:\/\/wienerhomepages-projekte.at\/1\/j-p-management\/akademie\/zertifizierte-lehrgaenge\/leadership\/#breadcrumb\"},\"inLanguage\":\"de\",\"potentialAction\":[{\"@type\":\"ReadAction\",\"target\":[\"https:\/\/wienerhomepages-projekte.at\/1\/j-p-management\/akademie\/zertifizierte-lehrgaenge\/leadership\/\"]}]},{\"@type\":\"ImageObject\",\"inLanguage\":\"de\",\"@id\":\"https:\/\/wienerhomepages-projekte.at\/1\/j-p-management\/akademie\/zertifizierte-lehrgaenge\/leadership\/#primaryimage\",\"url\":\"https:\/\/wienerhomepages-projekte.at\/1\/j-p-management\/wp-content\/uploads\/images\/logos\/step-up.jpg\",\"contentUrl\":\"https:\/\/wienerhomepages-projekte.at\/1\/j-p-management\/wp-content\/uploads\/images\/logos\/step-up.jpg\",\"width\":150,\"height\":29},{\"@type\":\"BreadcrumbList\",\"@id\":\"https:\/\/wienerhomepages-projekte.at\/1\/j-p-management\/akademie\/zertifizierte-lehrgaenge\/leadership\/#breadcrumb\",\"itemListElement\":[{\"@type\":\"ListItem\",\"position\":1,\"name\":\"Startseite\",\"item\":\"https:\/\/wienerhomepages-projekte.at\/1\/j-p-management\/\"},{\"@type\":\"ListItem\",\"position\":2,\"name\":\"Akademie\",\"item\":\"https:\/\/wienerhomepages-projekte.at\/1\/j-p-management\/akademie\/\"},{\"@type\":\"ListItem\",\"position\":3,\"name\":\"Zertifizierte Lehrg\u00e4nge\",\"item\":\"https:\/\/wienerhomepages-projekte.at\/1\/j-p-management\/akademie\/zertifizierte-lehrgaenge\/\"},{\"@type\":\"ListItem\",\"position\":4,\"name\":\"Leadership\"}]},{\"@type\":\"WebSite\",\"@id\":\"https:\/\/wienerhomepages-projekte.at\/1\/j-p-management\/#website\",\"url\":\"https:\/\/wienerhomepages-projekte.at\/1\/j-p-management\/\",\"name\":\"j-p-management\",\"description\":\"\",\"potentialAction\":[{\"@type\":\"SearchAction\",\"target\":{\"@type\":\"EntryPoint\",\"urlTemplate\":\"https:\/\/wienerhomepages-projekte.at\/1\/j-p-management\/?s={search_term_string}\"},\"query-input\":{\"@type\":\"PropertyValueSpecification\",\"valueRequired\":true,\"valueName\":\"search_term_string\"}}],\"inLanguage\":\"de\"}]}<\/script>\n<!-- \/ Yoast SEO plugin. -->","yoast_head_json":{"title":"Leadership - j-p-management","description":"Leaderhip - Leadership Excellence. In einem sich st\u00e4ndig \u00e4ndernden Unternehmensumfeld sind F\u00fchrungskr\u00e4fte gefragt, die wissen, wie sie ihre Zeit effektiv und effizient nutzen k\u00f6nnen, um Zeit sowohl f\u00fcr ihre eigenen Aufgaben als auch f\u00fcr ihre F\u00fchrungsarbeit zur Verf\u00fcgung zu haben. Au\u00dferdem ist es erforderlich, dass die F\u00fchrungs\u00adkr\u00e4fte mit ausgew\u00e4hlten F\u00fchrungsmethoden und -werkzeugen vertraut sind und ihr pers\u00f6nliches F\u00fchrungspotenzial entfalten k\u00f6nnen. Sie m\u00fcssen in der Lage sein, den f\u00fcr ihre Pers\u00f6nlichkeit am besten geeigneten F\u00fchrungsstil sowie F\u00fchrungsroutinen zu entwickeln, und sie m\u00fcssen wissen, wie sie ihre Mitarbeiterinnen und Mitarbeiter f\u00fchren m\u00fcssen, damit sie sich bestm\u00f6glich entwickeln und vereinbarte Ziele gemeinsam erreichen k\u00f6nnen. Weiters m\u00fcssen sie konstruktiv mit Kritik, Konflikten und anderen schwierigen Situationen umgehen k\u00f6nnen und in der Lage sein, Mitarbeiter zu Spitzen\u00adleistungen zu f\u00fchren und die Organisation weiterzuentwickeln.","robots":{"index":"noindex","follow":"follow","max-snippet":"max-snippet:-1","max-image-preview":"max-image-preview:large","max-video-preview":"max-video-preview:-1"},"og_locale":"de_DE","og_type":"article","og_title":"Leadership - j-p-management","og_description":"Leaderhip - Leadership Excellence. In einem sich st\u00e4ndig \u00e4ndernden Unternehmensumfeld sind F\u00fchrungskr\u00e4fte gefragt, die wissen, wie sie ihre Zeit effektiv und effizient nutzen k\u00f6nnen, um Zeit sowohl f\u00fcr ihre eigenen Aufgaben als auch f\u00fcr ihre F\u00fchrungsarbeit zur Verf\u00fcgung zu haben. Au\u00dferdem ist es erforderlich, dass die F\u00fchrungs\u00adkr\u00e4fte mit ausgew\u00e4hlten F\u00fchrungsmethoden und -werkzeugen vertraut sind und ihr pers\u00f6nliches F\u00fchrungspotenzial entfalten k\u00f6nnen. Sie m\u00fcssen in der Lage sein, den f\u00fcr ihre Pers\u00f6nlichkeit am besten geeigneten F\u00fchrungsstil sowie F\u00fchrungsroutinen zu entwickeln, und sie m\u00fcssen wissen, wie sie ihre Mitarbeiterinnen und Mitarbeiter f\u00fchren m\u00fcssen, damit sie sich bestm\u00f6glich entwickeln und vereinbarte Ziele gemeinsam erreichen k\u00f6nnen. Weiters m\u00fcssen sie konstruktiv mit Kritik, Konflikten und anderen schwierigen Situationen umgehen k\u00f6nnen und in der Lage sein, Mitarbeiter zu Spitzen\u00adleistungen zu f\u00fchren und die Organisation weiterzuentwickeln.","og_url":"https:\/\/wienerhomepages-projekte.at\/1\/j-p-management\/akademie\/zertifizierte-lehrgaenge\/leadership\/","og_site_name":"j-p-management","article_modified_time":"2025-08-01T11:28:13+00:00","og_image":[{"width":150,"height":29,"url":"https:\/\/wienerhomepages-projekte.at\/1\/j-p-management\/wp-content\/uploads\/images\/logos\/step-up.jpg","type":"image\/jpeg"}],"twitter_card":"summary_large_image","twitter_misc":{"Gesch\u00e4tzte Lesezeit":"2\u00a0Minuten"},"schema":{"@context":"https:\/\/schema.org","@graph":[{"@type":"WebPage","@id":"https:\/\/wienerhomepages-projekte.at\/1\/j-p-management\/akademie\/zertifizierte-lehrgaenge\/leadership\/","url":"https:\/\/wienerhomepages-projekte.at\/1\/j-p-management\/akademie\/zertifizierte-lehrgaenge\/leadership\/","name":"Leadership - j-p-management","isPartOf":{"@id":"https:\/\/wienerhomepages-projekte.at\/1\/j-p-management\/#website"},"primaryImageOfPage":{"@id":"https:\/\/wienerhomepages-projekte.at\/1\/j-p-management\/akademie\/zertifizierte-lehrgaenge\/leadership\/#primaryimage"},"image":{"@id":"https:\/\/wienerhomepages-projekte.at\/1\/j-p-management\/akademie\/zertifizierte-lehrgaenge\/leadership\/#primaryimage"},"thumbnailUrl":"https:\/\/wienerhomepages-projekte.at\/1\/j-p-management\/wp-content\/uploads\/images\/logos\/step-up.jpg","datePublished":"2023-11-06T08:08:33+00:00","dateModified":"2025-08-01T11:28:13+00:00","description":"Leaderhip - Leadership Excellence. In einem sich st\u00e4ndig \u00e4ndernden Unternehmensumfeld sind F\u00fchrungskr\u00e4fte gefragt, die wissen, wie sie ihre Zeit effektiv und effizient nutzen k\u00f6nnen, um Zeit sowohl f\u00fcr ihre eigenen Aufgaben als auch f\u00fcr ihre F\u00fchrungsarbeit zur Verf\u00fcgung zu haben. Au\u00dferdem ist es erforderlich, dass die F\u00fchrungs\u00adkr\u00e4fte mit ausgew\u00e4hlten F\u00fchrungsmethoden und -werkzeugen vertraut sind und ihr pers\u00f6nliches F\u00fchrungspotenzial entfalten k\u00f6nnen. Sie m\u00fcssen in der Lage sein, den f\u00fcr ihre Pers\u00f6nlichkeit am besten geeigneten F\u00fchrungsstil sowie F\u00fchrungsroutinen zu entwickeln, und sie m\u00fcssen wissen, wie sie ihre Mitarbeiterinnen und Mitarbeiter f\u00fchren m\u00fcssen, damit sie sich bestm\u00f6glich entwickeln und vereinbarte Ziele gemeinsam erreichen k\u00f6nnen. Weiters m\u00fcssen sie konstruktiv mit Kritik, Konflikten und anderen schwierigen Situationen umgehen k\u00f6nnen und in der Lage sein, Mitarbeiter zu Spitzen\u00adleistungen zu f\u00fchren und die Organisation weiterzuentwickeln.","breadcrumb":{"@id":"https:\/\/wienerhomepages-projekte.at\/1\/j-p-management\/akademie\/zertifizierte-lehrgaenge\/leadership\/#breadcrumb"},"inLanguage":"de","potentialAction":[{"@type":"ReadAction","target":["https:\/\/wienerhomepages-projekte.at\/1\/j-p-management\/akademie\/zertifizierte-lehrgaenge\/leadership\/"]}]},{"@type":"ImageObject","inLanguage":"de","@id":"https:\/\/wienerhomepages-projekte.at\/1\/j-p-management\/akademie\/zertifizierte-lehrgaenge\/leadership\/#primaryimage","url":"https:\/\/wienerhomepages-projekte.at\/1\/j-p-management\/wp-content\/uploads\/images\/logos\/step-up.jpg","contentUrl":"https:\/\/wienerhomepages-projekte.at\/1\/j-p-management\/wp-content\/uploads\/images\/logos\/step-up.jpg","width":150,"height":29},{"@type":"BreadcrumbList","@id":"https:\/\/wienerhomepages-projekte.at\/1\/j-p-management\/akademie\/zertifizierte-lehrgaenge\/leadership\/#breadcrumb","itemListElement":[{"@type":"ListItem","position":1,"name":"Startseite","item":"https:\/\/wienerhomepages-projekte.at\/1\/j-p-management\/"},{"@type":"ListItem","position":2,"name":"Akademie","item":"https:\/\/wienerhomepages-projekte.at\/1\/j-p-management\/akademie\/"},{"@type":"ListItem","position":3,"name":"Zertifizierte Lehrg\u00e4nge","item":"https:\/\/wienerhomepages-projekte.at\/1\/j-p-management\/akademie\/zertifizierte-lehrgaenge\/"},{"@type":"ListItem","position":4,"name":"Leadership"}]},{"@type":"WebSite","@id":"https:\/\/wienerhomepages-projekte.at\/1\/j-p-management\/#website","url":"https:\/\/wienerhomepages-projekte.at\/1\/j-p-management\/","name":"j-p-management","description":"","potentialAction":[{"@type":"SearchAction","target":{"@type":"EntryPoint","urlTemplate":"https:\/\/wienerhomepages-projekte.at\/1\/j-p-management\/?s={search_term_string}"},"query-input":{"@type":"PropertyValueSpecification","valueRequired":true,"valueName":"search_term_string"}}],"inLanguage":"de"}]}},"_links":{"self":[{"href":"https:\/\/wienerhomepages-projekte.at\/1\/j-p-management\/wp-json\/wp\/v2\/pages\/8304","targetHints":{"allow":["GET"]}}],"collection":[{"href":"https:\/\/wienerhomepages-projekte.at\/1\/j-p-management\/wp-json\/wp\/v2\/pages"}],"about":[{"href":"https:\/\/wienerhomepages-projekte.at\/1\/j-p-management\/wp-json\/wp\/v2\/types\/page"}],"author":[{"embeddable":true,"href":"https:\/\/wienerhomepages-projekte.at\/1\/j-p-management\/wp-json\/wp\/v2\/users\/2"}],"replies":[{"embeddable":true,"href":"https:\/\/wienerhomepages-projekte.at\/1\/j-p-management\/wp-json\/wp\/v2\/comments?post=8304"}],"version-history":[{"count":3,"href":"https:\/\/wienerhomepages-projekte.at\/1\/j-p-management\/wp-json\/wp\/v2\/pages\/8304\/revisions"}],"predecessor-version":[{"id":8307,"href":"https:\/\/wienerhomepages-projekte.at\/1\/j-p-management\/wp-json\/wp\/v2\/pages\/8304\/revisions\/8307"}],"up":[{"embeddable":true,"href":"https:\/\/wienerhomepages-projekte.at\/1\/j-p-management\/wp-json\/wp\/v2\/pages\/6561"}],"wp:attachment":[{"href":"https:\/\/wienerhomepages-projekte.at\/1\/j-p-management\/wp-json\/wp\/v2\/media?parent=8304"}],"curies":[{"name":"wp","href":"https:\/\/api.w.org\/{rel}","templated":true}]}}