{"id":8168,"date":"2023-09-19T12:11:13","date_gmt":"2023-09-19T10:11:13","guid":{"rendered":"https:\/\/www.j-p-management.com\/?page_id=8168"},"modified":"2024-06-10T15:18:31","modified_gmt":"2024-06-10T13:18:31","slug":"lehrgang-qualitaetsmanager-automotive-2","status":"publish","type":"page","link":"https:\/\/wienerhomepages-projekte.at\/1\/j-p-management\/akademie\/zertifizierte-lehrgaenge\/lehrgaenge-qualitaetsmanagement\/lehrgang-qualitaetsmanager-automotive-2\/","title":{"rendered":"Qualit\u00e4tsmanager Automotive"},"content":{"rendered":"<div class=\"fusion-fullwidth fullwidth-box fusion-builder-row-1 fusion-flex-container nonhundred-percent-fullwidth non-hundred-percent-height-scrolling\" style=\"--awb-border-radius-top-left:0px;--awb-border-radius-top-right:0px;--awb-border-radius-bottom-right:0px;--awb-border-radius-bottom-left:0px;--awb-flex-wrap:wrap;\" ><div class=\"fusion-builder-row fusion-row fusion-flex-align-items-flex-start fusion-flex-content-wrap\" style=\"max-width:1216.8px;margin-left: calc(-4% \/ 2 );margin-right: calc(-4% \/ 2 );\"><div class=\"fusion-layout-column fusion_builder_column fusion-builder-column-0 fusion_builder_column_1_1 1_1 fusion-flex-column\" style=\"--awb-bg-size:cover;--awb-width-large:100%;--awb-margin-top-large:0px;--awb-spacing-right-large:1.92%;--awb-margin-bottom-large:20px;--awb-spacing-left-large:1.92%;--awb-width-medium:100%;--awb-order-medium:0;--awb-spacing-right-medium:1.92%;--awb-spacing-left-medium:1.92%;--awb-width-small:100%;--awb-order-small:0;--awb-spacing-right-small:1.92%;--awb-spacing-left-small:1.92%;\"><div class=\"fusion-column-wrapper fusion-column-has-shadow fusion-flex-justify-content-flex-start fusion-content-layout-column\"><div class=\"fusion-text fusion-text-1\"><p>Unter einem Managementsystem versteht man die Summe aller mit der Aufbau- und Ablauforganisation in Zusammenhang stehenden organisatorischen Festlegungen eines Unternehmens. In einem integrierten Managementsystem sind Normforderungen (z. B. ISO 9001), branchenspezifische Forderungen (z. B. IATF 16949), gesetzliche Vorgaben, Konzernvorgaben etc. integriert. Wesentliche Zielsetzungen von integrierten Managementsystemen sind die Sicherstellung einer hohen externen und internen Kundenzufriedenheit, einer m\u00f6glichst wirtschaftlichen Erf\u00fcllung aller vom Unternehmen zu leistenden Aufgaben sowie einer hohen Motivation und Einsatzbereitschaft von Mitarbeiterinnen und Mitarbeitern.<\/p>\n<h3>Ziel<\/h3>\n<p>Sie kennen die zur Planung, Entwicklung und Absicherung der Qualit\u00e4t eingesetzten Verfahren und Methoden und verstehen deren Zusammenspiel. Sie k\u00f6nnen den Nutzen der Anwendung f\u00fcr Ihr Unternehmen beurteilen und sind in der Lage, die Verfahren und Methoden zielgerichtet anzuwenden.<\/p>\n<p>Weiters sind Sie mit den Verfahren und Methoden zur Planung, Vorbereitung, Durchf\u00fchrung und Nachbereitung prozessorientierter Systemaudits sowie Prozessaudits vertraut. Sie sind in der Lage, das Managementsystem und die Prozesse Ihres eigenen Unternehmens sowie der Lieferanten professionell zu auditieren und bez\u00fcglich ihrer Leistungsf\u00e4higkeit zu bewerten.<\/p>\n<p>Zus\u00e4tzlich verf\u00fcgen Sie \u00fcber die erforderlichen Kenntnisse, um ein Managementsystem zu etablieren und automobilspezifische Regelwerkanforderungen (z. B. IATF 16949, APQP, VDA RGA, PPAP\/PPF), von der Automobilindustrie geforderte Werkzeuge zur Produkt- und Prozessoptimierung (z. B. FMEA, SPC, MSA), Probleml\u00f6sungsprozess nach 8D etc. zweckm\u00e4\u00dfig zu integrieren.<\/p>\n<h3 class=\"\" data-fontsize=\"25\" data-lineheight=\"30px\">Aufbau<\/h3>\n<p>Der Lehrgang baut auf dem Lehrgang \u201e<a href=\"https:\/\/wienerhomepages-projekte.at\/1\/j-p-management\/akademie\/zertifizierte-lehrgaenge\/lehrgaenge-qualitaetsmanagement\/qualitaetstechniker-automotive\/\">Qualit\u00e4tstechniker Automotive<\/a>\u201c und dem Lehrgang \u201e<a href=\"https:\/\/wienerhomepages-projekte.at\/1\/j-p-management\/akademie\/zertifizierte-lehrgaenge\/lehrgaenge-qualitaetsmanagement\/interner-auditor-automotive\/\">Interner Auditor Automotive<\/a>\u201c auf.\u00a0Nach der Absolvierung des Trainings \u201eImplementierung automotiver Standards in die Organisation\u201c und dem positiven Ablegen einer Pr\u00fcfung erhalten Sie das Zertifikat \u201eQualit\u00e4tsmanager Automotive\u201c.<\/p>\n<p>Das Training ist auch einzeln buchbar. So haben Sie die M\u00f6glichkeit, Ihr QM-Wissen gezielt in genau jenen Gebieten zu vertiefen, die f\u00fcr Sie von besonderem Interesse sind.<\/p>\n<p><img decoding=\"async\" class=\"lazyload alignnone size-full wp-image-8179\" src=\"https:\/\/wienerhomepages-projekte.at\/1\/j-p-management\/wp-content\/uploads\/images\/qualitaetsmanager_automotive-2024.jpg\" data-orig-src=\"https:\/\/wienerhomepages-projekte.at\/1\/j-p-management\/wp-content\/uploads\/images\/qualitaetsmanager_automotive-2024.jpg\" alt=\"\" width=\"399\" height=\"651\" srcset=\"data:image\/svg+xml,%3Csvg%20xmlns%3D%27http%3A%2F%2Fwww.w3.org%2F2000%2Fsvg%27%20width%3D%27399%27%20height%3D%27651%27%20viewBox%3D%270%200%20399%20651%27%3E%3Crect%20width%3D%27399%27%20height%3D%27651%27%20fill-opacity%3D%220%22%2F%3E%3C%2Fsvg%3E\" data-srcset=\"https:\/\/wienerhomepages-projekte.at\/1\/j-p-management\/wp-content\/uploads\/images\/qualitaetsmanager_automotive-2024-184x300.jpg 184w, https:\/\/wienerhomepages-projekte.at\/1\/j-p-management\/wp-content\/uploads\/images\/qualitaetsmanager_automotive-2024-200x326.jpg 200w, https:\/\/wienerhomepages-projekte.at\/1\/j-p-management\/wp-content\/uploads\/images\/qualitaetsmanager_automotive-2024.jpg 399w\" data-sizes=\"auto\" data-orig-sizes=\"(max-width: 399px) 100vw, 399px\" \/><\/p>\n<div class=\"fusion-text fusion-text-2\">\n<h3 class=\"fusion-responsive-typography-calculated\" data-fontsize=\"25\" data-lineheight=\"30px\">Voraussetzung<\/h3>\n<p><a href=\"https:\/\/wienerhomepages-projekte.at\/1\/j-p-management\/akademie\/zertifizierte-lehrgaenge\/lehrgaenge-qualitaetsmanagement\/interner-auditor-automotive\/\">Zertifikat \u201eInterner Auditor Automotive\u201c<\/a><\/p>\n<h3 class=\"\" data-fontsize=\"25\" data-lineheight=\"30px\">Zielgruppe<\/h3>\n<p>Personen, die<\/p>\n<ul>\n<li>integrierte Managementsysteme nach automobilspezifischen Standards entwickeln, einf\u00fchren, beurteilen und verbessern wollen,<\/li>\n<li>ihr bestehendes Qualit\u00e4tsmanagement-Know-how um den automobilspezifischen Zugang erweitern wollen,<\/li>\n<li><span style=\"color: var(--awb-text-color); font-family: var(--awb-text-font-family); font-size: var(--awb-font-size); font-style: var(--awb-text-font-style); font-weight: var(--awb-text-font-weight); letter-spacing: var(--awb-letter-spacing); text-align: var(--awb-content-alignment); text-transform: var(--awb-text-transform); background-color: var(--awb-bg-color-hover);\">ihr Qualit\u00e4tsmanagement-Wissen in einem praxisorientierten Managementprogramm kritisch hinterfragen und gezielt erweitern wollen.<\/span><\/li>\n<\/ul>\n<h3 class=\"\" data-fontsize=\"25\" data-lineheight=\"30px\">Termine<\/h3>\n<\/div>\n<\/div><\/div><\/div><\/div><\/div>\n","protected":false},"excerpt":{"rendered":"","protected":false},"author":2,"featured_media":0,"parent":5991,"menu_order":0,"comment_status":"closed","ping_status":"closed","template":"","meta":{"footnotes":""},"class_list":["post-8168","page","type-page","status-publish","hentry"],"yoast_head":"<!-- This site is optimized with the Yoast SEO plugin v27.2 - https:\/\/yoast.com\/product\/yoast-seo-wordpress\/ -->\n<title>Qualit\u00e4tsmanager Automotive - j-p-management<\/title>\n<meta name=\"robots\" content=\"noindex, follow, max-snippet:-1, max-image-preview:large, max-video-preview:-1\" \/>\n<meta property=\"og:locale\" content=\"de_DE\" \/>\n<meta property=\"og:type\" content=\"article\" \/>\n<meta property=\"og:title\" content=\"Qualit\u00e4tsmanager Automotive - j-p-management\" \/>\n<meta property=\"og:url\" content=\"https:\/\/wienerhomepages-projekte.at\/1\/j-p-management\/akademie\/zertifizierte-lehrgaenge\/lehrgaenge-qualitaetsmanagement\/lehrgang-qualitaetsmanager-automotive-2\/\" \/>\n<meta property=\"og:site_name\" content=\"j-p-management\" \/>\n<meta property=\"article:modified_time\" content=\"2024-06-10T13:18:31+00:00\" \/>\n<meta property=\"og:image\" content=\"https:\/\/wienerhomepages-projekte.at\/1\/j-p-management\/wp-content\/uploads\/images\/qualitaetsmanager_automotive-2024.jpg\" \/>\n<meta name=\"twitter:card\" content=\"summary_large_image\" \/>\n<meta name=\"twitter:label1\" content=\"Gesch\u00e4tzte Lesezeit\" \/>\n\t<meta name=\"twitter:data1\" content=\"2\u00a0Minuten\" \/>\n<script type=\"application\/ld+json\" class=\"yoast-schema-graph\">{\"@context\":\"https:\/\/schema.org\",\"@graph\":[{\"@type\":\"WebPage\",\"@id\":\"https:\/\/wienerhomepages-projekte.at\/1\/j-p-management\/akademie\/zertifizierte-lehrgaenge\/lehrgaenge-qualitaetsmanagement\/lehrgang-qualitaetsmanager-automotive-2\/\",\"url\":\"https:\/\/wienerhomepages-projekte.at\/1\/j-p-management\/akademie\/zertifizierte-lehrgaenge\/lehrgaenge-qualitaetsmanagement\/lehrgang-qualitaetsmanager-automotive-2\/\",\"name\":\"Qualit\u00e4tsmanager Automotive - j-p-management\",\"isPartOf\":{\"@id\":\"https:\/\/wienerhomepages-projekte.at\/1\/j-p-management\/#website\"},\"primaryImageOfPage\":{\"@id\":\"https:\/\/wienerhomepages-projekte.at\/1\/j-p-management\/akademie\/zertifizierte-lehrgaenge\/lehrgaenge-qualitaetsmanagement\/lehrgang-qualitaetsmanager-automotive-2\/#primaryimage\"},\"image\":{\"@id\":\"https:\/\/wienerhomepages-projekte.at\/1\/j-p-management\/akademie\/zertifizierte-lehrgaenge\/lehrgaenge-qualitaetsmanagement\/lehrgang-qualitaetsmanager-automotive-2\/#primaryimage\"},\"thumbnailUrl\":\"https:\/\/wienerhomepages-projekte.at\/1\/j-p-management\/wp-content\/uploads\/images\/qualitaetsmanager_automotive-2024.jpg\",\"datePublished\":\"2023-09-19T10:11:13+00:00\",\"dateModified\":\"2024-06-10T13:18:31+00:00\",\"breadcrumb\":{\"@id\":\"https:\/\/wienerhomepages-projekte.at\/1\/j-p-management\/akademie\/zertifizierte-lehrgaenge\/lehrgaenge-qualitaetsmanagement\/lehrgang-qualitaetsmanager-automotive-2\/#breadcrumb\"},\"inLanguage\":\"de\",\"potentialAction\":[{\"@type\":\"ReadAction\",\"target\":[\"https:\/\/wienerhomepages-projekte.at\/1\/j-p-management\/akademie\/zertifizierte-lehrgaenge\/lehrgaenge-qualitaetsmanagement\/lehrgang-qualitaetsmanager-automotive-2\/\"]}]},{\"@type\":\"ImageObject\",\"inLanguage\":\"de\",\"@id\":\"https:\/\/wienerhomepages-projekte.at\/1\/j-p-management\/akademie\/zertifizierte-lehrgaenge\/lehrgaenge-qualitaetsmanagement\/lehrgang-qualitaetsmanager-automotive-2\/#primaryimage\",\"url\":\"https:\/\/wienerhomepages-projekte.at\/1\/j-p-management\/wp-content\/uploads\/images\/qualitaetsmanager_automotive-2024.jpg\",\"contentUrl\":\"https:\/\/wienerhomepages-projekte.at\/1\/j-p-management\/wp-content\/uploads\/images\/qualitaetsmanager_automotive-2024.jpg\",\"width\":399,\"height\":651},{\"@type\":\"BreadcrumbList\",\"@id\":\"https:\/\/wienerhomepages-projekte.at\/1\/j-p-management\/akademie\/zertifizierte-lehrgaenge\/lehrgaenge-qualitaetsmanagement\/lehrgang-qualitaetsmanager-automotive-2\/#breadcrumb\",\"itemListElement\":[{\"@type\":\"ListItem\",\"position\":1,\"name\":\"Startseite\",\"item\":\"https:\/\/wienerhomepages-projekte.at\/1\/j-p-management\/\"},{\"@type\":\"ListItem\",\"position\":2,\"name\":\"Akademie\",\"item\":\"https:\/\/wienerhomepages-projekte.at\/1\/j-p-management\/akademie\/\"},{\"@type\":\"ListItem\",\"position\":3,\"name\":\"Zertifizierte Lehrg\u00e4nge\",\"item\":\"https:\/\/wienerhomepages-projekte.at\/1\/j-p-management\/akademie\/zertifizierte-lehrgaenge\/\"},{\"@type\":\"ListItem\",\"position\":4,\"name\":\"Qualit\u00e4tsmanagement\",\"item\":\"https:\/\/wienerhomepages-projekte.at\/1\/j-p-management\/akademie\/zertifizierte-lehrgaenge\/lehrgaenge-qualitaetsmanagement\/\"},{\"@type\":\"ListItem\",\"position\":5,\"name\":\"Qualit\u00e4tsmanager Automotive\"}]},{\"@type\":\"WebSite\",\"@id\":\"https:\/\/wienerhomepages-projekte.at\/1\/j-p-management\/#website\",\"url\":\"https:\/\/wienerhomepages-projekte.at\/1\/j-p-management\/\",\"name\":\"j-p-management\",\"description\":\"\",\"potentialAction\":[{\"@type\":\"SearchAction\",\"target\":{\"@type\":\"EntryPoint\",\"urlTemplate\":\"https:\/\/wienerhomepages-projekte.at\/1\/j-p-management\/?s={search_term_string}\"},\"query-input\":{\"@type\":\"PropertyValueSpecification\",\"valueRequired\":true,\"valueName\":\"search_term_string\"}}],\"inLanguage\":\"de\"}]}<\/script>\n<!-- \/ Yoast SEO plugin. -->","yoast_head_json":{"title":"Qualit\u00e4tsmanager Automotive - j-p-management","robots":{"index":"noindex","follow":"follow","max-snippet":"max-snippet:-1","max-image-preview":"max-image-preview:large","max-video-preview":"max-video-preview:-1"},"og_locale":"de_DE","og_type":"article","og_title":"Qualit\u00e4tsmanager Automotive - j-p-management","og_url":"https:\/\/wienerhomepages-projekte.at\/1\/j-p-management\/akademie\/zertifizierte-lehrgaenge\/lehrgaenge-qualitaetsmanagement\/lehrgang-qualitaetsmanager-automotive-2\/","og_site_name":"j-p-management","article_modified_time":"2024-06-10T13:18:31+00:00","og_image":[{"url":"https:\/\/wienerhomepages-projekte.at\/1\/j-p-management\/wp-content\/uploads\/images\/qualitaetsmanager_automotive-2024.jpg","type":"","width":"","height":""}],"twitter_card":"summary_large_image","twitter_misc":{"Gesch\u00e4tzte Lesezeit":"2\u00a0Minuten"},"schema":{"@context":"https:\/\/schema.org","@graph":[{"@type":"WebPage","@id":"https:\/\/wienerhomepages-projekte.at\/1\/j-p-management\/akademie\/zertifizierte-lehrgaenge\/lehrgaenge-qualitaetsmanagement\/lehrgang-qualitaetsmanager-automotive-2\/","url":"https:\/\/wienerhomepages-projekte.at\/1\/j-p-management\/akademie\/zertifizierte-lehrgaenge\/lehrgaenge-qualitaetsmanagement\/lehrgang-qualitaetsmanager-automotive-2\/","name":"Qualit\u00e4tsmanager Automotive - j-p-management","isPartOf":{"@id":"https:\/\/wienerhomepages-projekte.at\/1\/j-p-management\/#website"},"primaryImageOfPage":{"@id":"https:\/\/wienerhomepages-projekte.at\/1\/j-p-management\/akademie\/zertifizierte-lehrgaenge\/lehrgaenge-qualitaetsmanagement\/lehrgang-qualitaetsmanager-automotive-2\/#primaryimage"},"image":{"@id":"https:\/\/wienerhomepages-projekte.at\/1\/j-p-management\/akademie\/zertifizierte-lehrgaenge\/lehrgaenge-qualitaetsmanagement\/lehrgang-qualitaetsmanager-automotive-2\/#primaryimage"},"thumbnailUrl":"https:\/\/wienerhomepages-projekte.at\/1\/j-p-management\/wp-content\/uploads\/images\/qualitaetsmanager_automotive-2024.jpg","datePublished":"2023-09-19T10:11:13+00:00","dateModified":"2024-06-10T13:18:31+00:00","breadcrumb":{"@id":"https:\/\/wienerhomepages-projekte.at\/1\/j-p-management\/akademie\/zertifizierte-lehrgaenge\/lehrgaenge-qualitaetsmanagement\/lehrgang-qualitaetsmanager-automotive-2\/#breadcrumb"},"inLanguage":"de","potentialAction":[{"@type":"ReadAction","target":["https:\/\/wienerhomepages-projekte.at\/1\/j-p-management\/akademie\/zertifizierte-lehrgaenge\/lehrgaenge-qualitaetsmanagement\/lehrgang-qualitaetsmanager-automotive-2\/"]}]},{"@type":"ImageObject","inLanguage":"de","@id":"https:\/\/wienerhomepages-projekte.at\/1\/j-p-management\/akademie\/zertifizierte-lehrgaenge\/lehrgaenge-qualitaetsmanagement\/lehrgang-qualitaetsmanager-automotive-2\/#primaryimage","url":"https:\/\/wienerhomepages-projekte.at\/1\/j-p-management\/wp-content\/uploads\/images\/qualitaetsmanager_automotive-2024.jpg","contentUrl":"https:\/\/wienerhomepages-projekte.at\/1\/j-p-management\/wp-content\/uploads\/images\/qualitaetsmanager_automotive-2024.jpg","width":399,"height":651},{"@type":"BreadcrumbList","@id":"https:\/\/wienerhomepages-projekte.at\/1\/j-p-management\/akademie\/zertifizierte-lehrgaenge\/lehrgaenge-qualitaetsmanagement\/lehrgang-qualitaetsmanager-automotive-2\/#breadcrumb","itemListElement":[{"@type":"ListItem","position":1,"name":"Startseite","item":"https:\/\/wienerhomepages-projekte.at\/1\/j-p-management\/"},{"@type":"ListItem","position":2,"name":"Akademie","item":"https:\/\/wienerhomepages-projekte.at\/1\/j-p-management\/akademie\/"},{"@type":"ListItem","position":3,"name":"Zertifizierte Lehrg\u00e4nge","item":"https:\/\/wienerhomepages-projekte.at\/1\/j-p-management\/akademie\/zertifizierte-lehrgaenge\/"},{"@type":"ListItem","position":4,"name":"Qualit\u00e4tsmanagement","item":"https:\/\/wienerhomepages-projekte.at\/1\/j-p-management\/akademie\/zertifizierte-lehrgaenge\/lehrgaenge-qualitaetsmanagement\/"},{"@type":"ListItem","position":5,"name":"Qualit\u00e4tsmanager Automotive"}]},{"@type":"WebSite","@id":"https:\/\/wienerhomepages-projekte.at\/1\/j-p-management\/#website","url":"https:\/\/wienerhomepages-projekte.at\/1\/j-p-management\/","name":"j-p-management","description":"","potentialAction":[{"@type":"SearchAction","target":{"@type":"EntryPoint","urlTemplate":"https:\/\/wienerhomepages-projekte.at\/1\/j-p-management\/?s={search_term_string}"},"query-input":{"@type":"PropertyValueSpecification","valueRequired":true,"valueName":"search_term_string"}}],"inLanguage":"de"}]}},"_links":{"self":[{"href":"https:\/\/wienerhomepages-projekte.at\/1\/j-p-management\/wp-json\/wp\/v2\/pages\/8168","targetHints":{"allow":["GET"]}}],"collection":[{"href":"https:\/\/wienerhomepages-projekte.at\/1\/j-p-management\/wp-json\/wp\/v2\/pages"}],"about":[{"href":"https:\/\/wienerhomepages-projekte.at\/1\/j-p-management\/wp-json\/wp\/v2\/types\/page"}],"author":[{"embeddable":true,"href":"https:\/\/wienerhomepages-projekte.at\/1\/j-p-management\/wp-json\/wp\/v2\/users\/2"}],"replies":[{"embeddable":true,"href":"https:\/\/wienerhomepages-projekte.at\/1\/j-p-management\/wp-json\/wp\/v2\/comments?post=8168"}],"version-history":[{"count":6,"href":"https:\/\/wienerhomepages-projekte.at\/1\/j-p-management\/wp-json\/wp\/v2\/pages\/8168\/revisions"}],"predecessor-version":[{"id":8461,"href":"https:\/\/wienerhomepages-projekte.at\/1\/j-p-management\/wp-json\/wp\/v2\/pages\/8168\/revisions\/8461"}],"up":[{"embeddable":true,"href":"https:\/\/wienerhomepages-projekte.at\/1\/j-p-management\/wp-json\/wp\/v2\/pages\/5991"}],"wp:attachment":[{"href":"https:\/\/wienerhomepages-projekte.at\/1\/j-p-management\/wp-json\/wp\/v2\/media?parent=8168"}],"curies":[{"name":"wp","href":"https:\/\/api.w.org\/{rel}","templated":true}]}}