{"id":8147,"date":"2023-09-14T12:07:31","date_gmt":"2023-09-14T10:07:31","guid":{"rendered":"https:\/\/www.j-p-management.com\/?page_id=8147"},"modified":"2024-06-10T15:17:15","modified_gmt":"2024-06-10T13:17:15","slug":"lehrgang-qualitaetstechniker-automotive","status":"publish","type":"page","link":"https:\/\/wienerhomepages-projekte.at\/1\/j-p-management\/akademie\/zertifizierte-lehrgaenge\/lehrgaenge-qualitaetsmanagement\/lehrgang-qualitaetstechniker-automotive\/","title":{"rendered":"Qualit\u00e4tstechniker Automotive"},"content":{"rendered":"<div class=\"fusion-fullwidth fullwidth-box fusion-builder-row-1 fusion-flex-container nonhundred-percent-fullwidth non-hundred-percent-height-scrolling\" style=\"--awb-border-radius-top-left:0px;--awb-border-radius-top-right:0px;--awb-border-radius-bottom-right:0px;--awb-border-radius-bottom-left:0px;--awb-flex-wrap:wrap;\" ><div class=\"fusion-builder-row fusion-row fusion-flex-align-items-flex-start fusion-flex-content-wrap\" style=\"max-width:1216.8px;margin-left: calc(-4% \/ 2 );margin-right: calc(-4% \/ 2 );\"><div class=\"fusion-layout-column fusion_builder_column fusion-builder-column-0 fusion_builder_column_1_1 1_1 fusion-flex-column\" style=\"--awb-bg-size:cover;--awb-width-large:100%;--awb-margin-top-large:0px;--awb-spacing-right-large:1.92%;--awb-margin-bottom-large:20px;--awb-spacing-left-large:1.92%;--awb-width-medium:100%;--awb-order-medium:0;--awb-spacing-right-medium:1.92%;--awb-spacing-left-medium:1.92%;--awb-width-small:100%;--awb-order-small:0;--awb-spacing-right-small:1.92%;--awb-spacing-left-small:1.92%;\"><div class=\"fusion-column-wrapper fusion-column-has-shadow fusion-flex-justify-content-flex-start fusion-content-layout-column\"><div class=\"fusion-text fusion-text-1\"><p>In der Entwicklung von Produkten und Prozessen und ebenso in der laufenden Serienproduktion kommt eine Vielzahl an Verfahren und Methoden zur Qualit\u00e4tssicherung zum Einsatz. Zielsetzung ist die Entwicklung robuster und f\u00e4higer Produkte und Prozesse sowie die laufende Absicherung und Verbesserung der Qualit\u00e4t w\u00e4hrend der Serienproduktion. Zus\u00e4tzlich zum Einsatz pr\u00e4ventiver Methoden ist auch ein rasches und nachhaltiges Vorgehen beim Auftreten von Problemen erforderlich.<\/p>\n<h3>Ziel<\/h3>\n<p>Sie kennen die zur Planung, Entwicklung und Absicherung der Qualit\u00e4t eingesetzten Verfahren und Methoden und verstehen deren Zusammenspiel. Sie k\u00f6nnen den Nutzen der Anwendung f\u00fcr Ihr Unternehmen beurteilen und sind in der Lage, die Verfahren und Methoden zielgerichtet anzuwenden.<\/p>\n<h3 class=\"\" data-fontsize=\"25\" data-lineheight=\"30px\">Aufbau<\/h3>\n<p>Der Lehrgang besteht aus einer zielgerichteten Kombination von Trainings und schlie\u00dft mit einer Pr\u00fcfung ab. Bei positivem Ablegen der Pr\u00fcfung erhalten Sie das Zertifikat \u201eQualit\u00e4tstechniker Automotive\u201c.<\/p>\n<p>Die Trainings sind auch einzeln buchbar. So haben Sie die M\u00f6glichkeit, Ihr QM-Wissen gezielt in genau jenen Gebieten zu vertiefen, die f\u00fcr Sie von besonderem Interesse sind.<\/p>\n<p><img decoding=\"async\" class=\"lazyload alignnone size-full wp-image-8175\" src=\"https:\/\/wienerhomepages-projekte.at\/1\/j-p-management\/wp-content\/uploads\/images\/qualitaetstechniker-automotive.jpg\" data-orig-src=\"https:\/\/wienerhomepages-projekte.at\/1\/j-p-management\/wp-content\/uploads\/images\/qualitaetstechniker-automotive.jpg\" alt=\"\" width=\"399\" height=\"276\" srcset=\"data:image\/svg+xml,%3Csvg%20xmlns%3D%27http%3A%2F%2Fwww.w3.org%2F2000%2Fsvg%27%20width%3D%27399%27%20height%3D%27276%27%20viewBox%3D%270%200%20399%20276%27%3E%3Crect%20width%3D%27399%27%20height%3D%27276%27%20fill-opacity%3D%220%22%2F%3E%3C%2Fsvg%3E\" data-srcset=\"https:\/\/wienerhomepages-projekte.at\/1\/j-p-management\/wp-content\/uploads\/images\/qualitaetstechniker-automotive-200x138.jpg 200w, https:\/\/wienerhomepages-projekte.at\/1\/j-p-management\/wp-content\/uploads\/images\/qualitaetstechniker-automotive-300x208.jpg 300w, https:\/\/wienerhomepages-projekte.at\/1\/j-p-management\/wp-content\/uploads\/images\/qualitaetstechniker-automotive.jpg 399w\" data-sizes=\"auto\" data-orig-sizes=\"(max-width: 399px) 100vw, 399px\" \/><\/p>\n<div class=\"fusion-text fusion-text-2\">\n<h3 class=\"\" data-fontsize=\"25\" data-lineheight=\"30px\">Zielgruppe<\/h3>\n<p>Personen, die<\/p>\n<ul>\n<li>als Qualit\u00e4tstechniker mit der Qualit\u00e4tssicherung in der Produkt- und Prozessentwicklung betraut sind (z. B. Qualit\u00e4tsplanung, FMEA, Nachweis der Prozessf\u00e4higkeit, Bemusterung),<\/li>\n<li>als Qualit\u00e4tstechniker in der Serienproduktion t\u00e4tig sind (z. B. laufende Prozessanalyse, Qualit\u00e4tsf\u00f6rderung, Probleml\u00f6sung),<\/li>\n<li>ihr bestehendes Qualit\u00e4tsmanagement-Know-how um den automobilspezifischen Zugang erweitern wollen,<\/li>\n<li><span style=\"color: var(--awb-text-color); font-family: var(--awb-text-font-family); font-size: var(--awb-font-size); font-style: var(--awb-text-font-style); font-weight: var(--awb-text-font-weight); letter-spacing: var(--awb-letter-spacing); text-align: var(--awb-content-alignment); text-transform: var(--awb-text-transform); background-color: var(--awb-bg-color-hover);\">ihr Qualit\u00e4tsmanagement-Wissen in einem praxisorientierten Managementprogramm kritisch hinterfragen und gezielt erweitern wollen.<\/span><\/li>\n<\/ul>\n<h3 class=\"\" data-fontsize=\"25\" data-lineheight=\"30px\">Termine<\/h3>\n<\/div>\n<\/div><\/div><\/div><\/div><\/div>\n","protected":false},"excerpt":{"rendered":"","protected":false},"author":2,"featured_media":0,"parent":5991,"menu_order":0,"comment_status":"closed","ping_status":"closed","template":"","meta":{"footnotes":""},"class_list":["post-8147","page","type-page","status-publish","hentry"],"yoast_head":"<!-- This site is optimized with the Yoast SEO plugin v27.2 - https:\/\/yoast.com\/product\/yoast-seo-wordpress\/ -->\n<title>Qualit\u00e4tstechniker Automotive - j-p-management<\/title>\n<meta name=\"robots\" content=\"noindex, follow, max-snippet:-1, max-image-preview:large, max-video-preview:-1\" \/>\n<meta property=\"og:locale\" content=\"de_DE\" \/>\n<meta property=\"og:type\" content=\"article\" \/>\n<meta property=\"og:title\" content=\"Qualit\u00e4tstechniker Automotive - j-p-management\" \/>\n<meta property=\"og:url\" content=\"https:\/\/wienerhomepages-projekte.at\/1\/j-p-management\/akademie\/zertifizierte-lehrgaenge\/lehrgaenge-qualitaetsmanagement\/lehrgang-qualitaetstechniker-automotive\/\" \/>\n<meta property=\"og:site_name\" content=\"j-p-management\" \/>\n<meta property=\"article:modified_time\" content=\"2024-06-10T13:17:15+00:00\" \/>\n<meta property=\"og:image\" content=\"https:\/\/wienerhomepages-projekte.at\/1\/j-p-management\/wp-content\/uploads\/images\/qualitaetstechniker-automotive.jpg\" \/>\n<meta name=\"twitter:card\" content=\"summary_large_image\" \/>\n<meta name=\"twitter:label1\" content=\"Gesch\u00e4tzte Lesezeit\" \/>\n\t<meta name=\"twitter:data1\" content=\"2\u00a0Minuten\" \/>\n<script type=\"application\/ld+json\" class=\"yoast-schema-graph\">{\"@context\":\"https:\/\/schema.org\",\"@graph\":[{\"@type\":\"WebPage\",\"@id\":\"https:\/\/wienerhomepages-projekte.at\/1\/j-p-management\/akademie\/zertifizierte-lehrgaenge\/lehrgaenge-qualitaetsmanagement\/lehrgang-qualitaetstechniker-automotive\/\",\"url\":\"https:\/\/wienerhomepages-projekte.at\/1\/j-p-management\/akademie\/zertifizierte-lehrgaenge\/lehrgaenge-qualitaetsmanagement\/lehrgang-qualitaetstechniker-automotive\/\",\"name\":\"Qualit\u00e4tstechniker Automotive - j-p-management\",\"isPartOf\":{\"@id\":\"https:\/\/wienerhomepages-projekte.at\/1\/j-p-management\/#website\"},\"primaryImageOfPage\":{\"@id\":\"https:\/\/wienerhomepages-projekte.at\/1\/j-p-management\/akademie\/zertifizierte-lehrgaenge\/lehrgaenge-qualitaetsmanagement\/lehrgang-qualitaetstechniker-automotive\/#primaryimage\"},\"image\":{\"@id\":\"https:\/\/wienerhomepages-projekte.at\/1\/j-p-management\/akademie\/zertifizierte-lehrgaenge\/lehrgaenge-qualitaetsmanagement\/lehrgang-qualitaetstechniker-automotive\/#primaryimage\"},\"thumbnailUrl\":\"https:\/\/wienerhomepages-projekte.at\/1\/j-p-management\/wp-content\/uploads\/images\/qualitaetstechniker-automotive.jpg\",\"datePublished\":\"2023-09-14T10:07:31+00:00\",\"dateModified\":\"2024-06-10T13:17:15+00:00\",\"breadcrumb\":{\"@id\":\"https:\/\/wienerhomepages-projekte.at\/1\/j-p-management\/akademie\/zertifizierte-lehrgaenge\/lehrgaenge-qualitaetsmanagement\/lehrgang-qualitaetstechniker-automotive\/#breadcrumb\"},\"inLanguage\":\"de\",\"potentialAction\":[{\"@type\":\"ReadAction\",\"target\":[\"https:\/\/wienerhomepages-projekte.at\/1\/j-p-management\/akademie\/zertifizierte-lehrgaenge\/lehrgaenge-qualitaetsmanagement\/lehrgang-qualitaetstechniker-automotive\/\"]}]},{\"@type\":\"ImageObject\",\"inLanguage\":\"de\",\"@id\":\"https:\/\/wienerhomepages-projekte.at\/1\/j-p-management\/akademie\/zertifizierte-lehrgaenge\/lehrgaenge-qualitaetsmanagement\/lehrgang-qualitaetstechniker-automotive\/#primaryimage\",\"url\":\"https:\/\/wienerhomepages-projekte.at\/1\/j-p-management\/wp-content\/uploads\/images\/qualitaetstechniker-automotive.jpg\",\"contentUrl\":\"https:\/\/wienerhomepages-projekte.at\/1\/j-p-management\/wp-content\/uploads\/images\/qualitaetstechniker-automotive.jpg\",\"width\":399,\"height\":276},{\"@type\":\"BreadcrumbList\",\"@id\":\"https:\/\/wienerhomepages-projekte.at\/1\/j-p-management\/akademie\/zertifizierte-lehrgaenge\/lehrgaenge-qualitaetsmanagement\/lehrgang-qualitaetstechniker-automotive\/#breadcrumb\",\"itemListElement\":[{\"@type\":\"ListItem\",\"position\":1,\"name\":\"Startseite\",\"item\":\"https:\/\/wienerhomepages-projekte.at\/1\/j-p-management\/\"},{\"@type\":\"ListItem\",\"position\":2,\"name\":\"Akademie\",\"item\":\"https:\/\/wienerhomepages-projekte.at\/1\/j-p-management\/akademie\/\"},{\"@type\":\"ListItem\",\"position\":3,\"name\":\"Zertifizierte Lehrg\u00e4nge\",\"item\":\"https:\/\/wienerhomepages-projekte.at\/1\/j-p-management\/akademie\/zertifizierte-lehrgaenge\/\"},{\"@type\":\"ListItem\",\"position\":4,\"name\":\"Qualit\u00e4tsmanagement\",\"item\":\"https:\/\/wienerhomepages-projekte.at\/1\/j-p-management\/akademie\/zertifizierte-lehrgaenge\/lehrgaenge-qualitaetsmanagement\/\"},{\"@type\":\"ListItem\",\"position\":5,\"name\":\"Qualit\u00e4tstechniker Automotive\"}]},{\"@type\":\"WebSite\",\"@id\":\"https:\/\/wienerhomepages-projekte.at\/1\/j-p-management\/#website\",\"url\":\"https:\/\/wienerhomepages-projekte.at\/1\/j-p-management\/\",\"name\":\"j-p-management\",\"description\":\"\",\"potentialAction\":[{\"@type\":\"SearchAction\",\"target\":{\"@type\":\"EntryPoint\",\"urlTemplate\":\"https:\/\/wienerhomepages-projekte.at\/1\/j-p-management\/?s={search_term_string}\"},\"query-input\":{\"@type\":\"PropertyValueSpecification\",\"valueRequired\":true,\"valueName\":\"search_term_string\"}}],\"inLanguage\":\"de\"}]}<\/script>\n<!-- \/ Yoast SEO plugin. -->","yoast_head_json":{"title":"Qualit\u00e4tstechniker Automotive - j-p-management","robots":{"index":"noindex","follow":"follow","max-snippet":"max-snippet:-1","max-image-preview":"max-image-preview:large","max-video-preview":"max-video-preview:-1"},"og_locale":"de_DE","og_type":"article","og_title":"Qualit\u00e4tstechniker Automotive - j-p-management","og_url":"https:\/\/wienerhomepages-projekte.at\/1\/j-p-management\/akademie\/zertifizierte-lehrgaenge\/lehrgaenge-qualitaetsmanagement\/lehrgang-qualitaetstechniker-automotive\/","og_site_name":"j-p-management","article_modified_time":"2024-06-10T13:17:15+00:00","og_image":[{"url":"https:\/\/wienerhomepages-projekte.at\/1\/j-p-management\/wp-content\/uploads\/images\/qualitaetstechniker-automotive.jpg","type":"","width":"","height":""}],"twitter_card":"summary_large_image","twitter_misc":{"Gesch\u00e4tzte Lesezeit":"2\u00a0Minuten"},"schema":{"@context":"https:\/\/schema.org","@graph":[{"@type":"WebPage","@id":"https:\/\/wienerhomepages-projekte.at\/1\/j-p-management\/akademie\/zertifizierte-lehrgaenge\/lehrgaenge-qualitaetsmanagement\/lehrgang-qualitaetstechniker-automotive\/","url":"https:\/\/wienerhomepages-projekte.at\/1\/j-p-management\/akademie\/zertifizierte-lehrgaenge\/lehrgaenge-qualitaetsmanagement\/lehrgang-qualitaetstechniker-automotive\/","name":"Qualit\u00e4tstechniker Automotive - j-p-management","isPartOf":{"@id":"https:\/\/wienerhomepages-projekte.at\/1\/j-p-management\/#website"},"primaryImageOfPage":{"@id":"https:\/\/wienerhomepages-projekte.at\/1\/j-p-management\/akademie\/zertifizierte-lehrgaenge\/lehrgaenge-qualitaetsmanagement\/lehrgang-qualitaetstechniker-automotive\/#primaryimage"},"image":{"@id":"https:\/\/wienerhomepages-projekte.at\/1\/j-p-management\/akademie\/zertifizierte-lehrgaenge\/lehrgaenge-qualitaetsmanagement\/lehrgang-qualitaetstechniker-automotive\/#primaryimage"},"thumbnailUrl":"https:\/\/wienerhomepages-projekte.at\/1\/j-p-management\/wp-content\/uploads\/images\/qualitaetstechniker-automotive.jpg","datePublished":"2023-09-14T10:07:31+00:00","dateModified":"2024-06-10T13:17:15+00:00","breadcrumb":{"@id":"https:\/\/wienerhomepages-projekte.at\/1\/j-p-management\/akademie\/zertifizierte-lehrgaenge\/lehrgaenge-qualitaetsmanagement\/lehrgang-qualitaetstechniker-automotive\/#breadcrumb"},"inLanguage":"de","potentialAction":[{"@type":"ReadAction","target":["https:\/\/wienerhomepages-projekte.at\/1\/j-p-management\/akademie\/zertifizierte-lehrgaenge\/lehrgaenge-qualitaetsmanagement\/lehrgang-qualitaetstechniker-automotive\/"]}]},{"@type":"ImageObject","inLanguage":"de","@id":"https:\/\/wienerhomepages-projekte.at\/1\/j-p-management\/akademie\/zertifizierte-lehrgaenge\/lehrgaenge-qualitaetsmanagement\/lehrgang-qualitaetstechniker-automotive\/#primaryimage","url":"https:\/\/wienerhomepages-projekte.at\/1\/j-p-management\/wp-content\/uploads\/images\/qualitaetstechniker-automotive.jpg","contentUrl":"https:\/\/wienerhomepages-projekte.at\/1\/j-p-management\/wp-content\/uploads\/images\/qualitaetstechniker-automotive.jpg","width":399,"height":276},{"@type":"BreadcrumbList","@id":"https:\/\/wienerhomepages-projekte.at\/1\/j-p-management\/akademie\/zertifizierte-lehrgaenge\/lehrgaenge-qualitaetsmanagement\/lehrgang-qualitaetstechniker-automotive\/#breadcrumb","itemListElement":[{"@type":"ListItem","position":1,"name":"Startseite","item":"https:\/\/wienerhomepages-projekte.at\/1\/j-p-management\/"},{"@type":"ListItem","position":2,"name":"Akademie","item":"https:\/\/wienerhomepages-projekte.at\/1\/j-p-management\/akademie\/"},{"@type":"ListItem","position":3,"name":"Zertifizierte Lehrg\u00e4nge","item":"https:\/\/wienerhomepages-projekte.at\/1\/j-p-management\/akademie\/zertifizierte-lehrgaenge\/"},{"@type":"ListItem","position":4,"name":"Qualit\u00e4tsmanagement","item":"https:\/\/wienerhomepages-projekte.at\/1\/j-p-management\/akademie\/zertifizierte-lehrgaenge\/lehrgaenge-qualitaetsmanagement\/"},{"@type":"ListItem","position":5,"name":"Qualit\u00e4tstechniker Automotive"}]},{"@type":"WebSite","@id":"https:\/\/wienerhomepages-projekte.at\/1\/j-p-management\/#website","url":"https:\/\/wienerhomepages-projekte.at\/1\/j-p-management\/","name":"j-p-management","description":"","potentialAction":[{"@type":"SearchAction","target":{"@type":"EntryPoint","urlTemplate":"https:\/\/wienerhomepages-projekte.at\/1\/j-p-management\/?s={search_term_string}"},"query-input":{"@type":"PropertyValueSpecification","valueRequired":true,"valueName":"search_term_string"}}],"inLanguage":"de"}]}},"_links":{"self":[{"href":"https:\/\/wienerhomepages-projekte.at\/1\/j-p-management\/wp-json\/wp\/v2\/pages\/8147","targetHints":{"allow":["GET"]}}],"collection":[{"href":"https:\/\/wienerhomepages-projekte.at\/1\/j-p-management\/wp-json\/wp\/v2\/pages"}],"about":[{"href":"https:\/\/wienerhomepages-projekte.at\/1\/j-p-management\/wp-json\/wp\/v2\/types\/page"}],"author":[{"embeddable":true,"href":"https:\/\/wienerhomepages-projekte.at\/1\/j-p-management\/wp-json\/wp\/v2\/users\/2"}],"replies":[{"embeddable":true,"href":"https:\/\/wienerhomepages-projekte.at\/1\/j-p-management\/wp-json\/wp\/v2\/comments?post=8147"}],"version-history":[{"count":6,"href":"https:\/\/wienerhomepages-projekte.at\/1\/j-p-management\/wp-json\/wp\/v2\/pages\/8147\/revisions"}],"predecessor-version":[{"id":8456,"href":"https:\/\/wienerhomepages-projekte.at\/1\/j-p-management\/wp-json\/wp\/v2\/pages\/8147\/revisions\/8456"}],"up":[{"embeddable":true,"href":"https:\/\/wienerhomepages-projekte.at\/1\/j-p-management\/wp-json\/wp\/v2\/pages\/5991"}],"wp:attachment":[{"href":"https:\/\/wienerhomepages-projekte.at\/1\/j-p-management\/wp-json\/wp\/v2\/media?parent=8147"}],"curies":[{"name":"wp","href":"https:\/\/api.w.org\/{rel}","templated":true}]}}