{"id":7921,"date":"2023-02-20T09:41:18","date_gmt":"2023-02-20T08:41:18","guid":{"rendered":"https:\/\/wienerhomepages-projekte.at\/1\/j-p-management\/?page_id=7921"},"modified":"2025-08-01T13:20:52","modified_gmt":"2025-08-01T11:20:52","slug":"industrial-engineering","status":"publish","type":"page","link":"https:\/\/wienerhomepages-projekte.at\/1\/j-p-management\/akademie\/zertifizierte-lehrgaenge\/industrial-engineering\/","title":{"rendered":"Industrial Engineering"},"content":{"rendered":"<p><div class=\"fusion-fullwidth fullwidth-box fusion-builder-row-1 fusion-flex-container nonhundred-percent-fullwidth non-hundred-percent-height-scrolling\" style=\"--awb-border-radius-top-left:0px;--awb-border-radius-top-right:0px;--awb-border-radius-bottom-right:0px;--awb-border-radius-bottom-left:0px;--awb-flex-wrap:wrap;\" ><div class=\"fusion-builder-row fusion-row fusion-flex-align-items-flex-start fusion-flex-content-wrap\" style=\"max-width:1216.8px;margin-left: calc(-4% \/ 2 );margin-right: calc(-4% \/ 2 );\"><div class=\"fusion-layout-column fusion_builder_column fusion-builder-column-0 fusion_builder_column_1_1 1_1 fusion-flex-column\" style=\"--awb-bg-size:cover;--awb-width-large:100%;--awb-margin-top-large:0px;--awb-spacing-right-large:1.92%;--awb-margin-bottom-large:20px;--awb-spacing-left-large:1.92%;--awb-width-medium:100%;--awb-order-medium:0;--awb-spacing-right-medium:1.92%;--awb-spacing-left-medium:1.92%;--awb-width-small:100%;--awb-order-small:0;--awb-spacing-right-small:1.92%;--awb-spacing-left-small:1.92%;\"><div class=\"fusion-column-wrapper fusion-column-has-shadow fusion-flex-justify-content-flex-start fusion-content-layout-column\"><div class=\"fusion-text fusion-text-1\"><p>Aufgabe von Industrial Engineers ist es, ausgehend vom Produktdesign leistungsf\u00e4hige und robuste Produktions\u00adprozesse zu entwickeln und laufend zu optimieren. Als zentrales Bindeglied zwischen Fachabteilungen wie Vertrieb, Produktentwicklung, Beschaffung, Logistik, Produktion und Qualit\u00e4tsmanagement tragen sie wesentlich dazu bei, die Produktivit\u00e4t und Wettbewerbsf\u00e4higkeit produzierender Unternehmen abzusichern. Es handelt sich um eine Schl\u00fcsselfunktion in jedem Industriebetrieb, unabh\u00e4ngig von Unternehmensgr\u00f6\u00dfe, Auftrags- und Fertigungsart.<\/p>\n<\/div><div class=\"fusion-text fusion-text-2 fusion-text-no-margin\" style=\"--awb-margin-bottom:-20px;\"><h3 class=\"fusion-responsive-typography-calculated\" data-fontsize=\"25\" data-lineheight=\"30px\"><img decoding=\"async\" class=\"lazyload size-full wp-image-5364 alignright\" src=\"data:image\/svg+xml,%3Csvg%20xmlns%3D%27http%3A%2F%2Fwww.w3.org%2F2000%2Fsvg%27%20width%3D%27150%27%20height%3D%2729%27%20viewBox%3D%270%200%20150%2029%27%3E%3Crect%20width%3D%27150%27%20height%3D%2729%27%20fill-opacity%3D%220%22%2F%3E%3C%2Fsvg%3E\" data-orig-src=\"https:\/\/wienerhomepages-projekte.at\/1\/j-p-management\/wp-content\/uploads\/images\/logos\/step-up.jpg\" alt=\"\" width=\"150\" height=\"29\" \/>In Kooperation mit <a href=\"https:\/\/www.step-up.at\/\">StEP-Up<\/a> bieten wir folgende\u00a0Qualifizierung zum Thema &#8222;Industrial Engineering&#8220; an:<\/h3>\n<\/div><\/div><\/div><\/div><\/div><div class=\"fusion-fullwidth fullwidth-box fusion-builder-row-2 fusion-flex-container nonhundred-percent-fullwidth non-hundred-percent-height-scrolling\" style=\"--awb-border-radius-top-left:0px;--awb-border-radius-top-right:0px;--awb-border-radius-bottom-right:0px;--awb-border-radius-bottom-left:0px;--awb-flex-wrap:wrap;\" ><div class=\"fusion-builder-row fusion-row fusion-flex-align-items-flex-start fusion-flex-content-wrap\" style=\"max-width:1216.8px;margin-left: calc(-4% \/ 2 );margin-right: calc(-4% \/ 2 );\"><div class=\"fusion-layout-column fusion_builder_column fusion-builder-column-1 fusion_builder_column_1_1 1_1 fusion-flex-column\" style=\"--awb-bg-size:cover;--awb-width-large:100%;--awb-margin-top-large:0px;--awb-spacing-right-large:1.92%;--awb-margin-bottom-large:20px;--awb-spacing-left-large:1.92%;--awb-width-medium:100%;--awb-order-medium:0;--awb-spacing-right-medium:1.92%;--awb-spacing-left-medium:1.92%;--awb-width-small:100%;--awb-order-small:0;--awb-spacing-right-small:1.92%;--awb-spacing-left-small:1.92%;\"><div class=\"fusion-column-wrapper fusion-column-has-shadow fusion-flex-justify-content-flex-start fusion-content-layout-column\"><div class=\"fusion-content-boxes content-boxes columns row fusion-columns-1 fusion-columns-total-1 fusion-content-boxes-1 content-boxes-icon-on-side content-left\" style=\"--awb-hover-accent-color:var(--awb-color4);--awb-circle-hover-accent-color:var(--awb-color4);--awb-item-margin-bottom:40px;\" data-animationOffset=\"top-into-view\"><div style=\"--awb-backgroundcolor:rgba(255,255,255,0);--awb-content-padding-left:148px;\" class=\"fusion-column content-box-column content-box-column content-box-column-1 col-lg-12 col-md-12 col-sm-12 fusion-content-box-hover content-box-column-last content-box-column-last-in-row\"><div class=\"col content-box-wrapper content-wrapper link-area-link-icon link-type-text icon-hover-animation-fade\" data-animationOffset=\"top-into-view\"><div class=\"heading heading-with-icon icon-left\"><a class=\"heading-link\" href=\"https:\/\/www.step-up.at\/step-up-akademie\/lehrgang-certified-industrial-engineer\/\" target=\"_self\"><div aria-hidden=\"true\" class=\"image\"><img decoding=\"async\" class=\"lazyload\" src=\"data:image\/svg+xml,%3Csvg%20xmlns%3D%27http%3A%2F%2Fwww.w3.org%2F2000%2Fsvg%27%20width%3D%27200%27%20height%3D%27131%27%20viewBox%3D%270%200%20200%20131%27%3E%3Crect%20width%3D%27200%27%20height%3D%27131%27%20fill-opacity%3D%220%22%2F%3E%3C%2Fsvg%3E\" data-orig-src=\"https:\/\/wienerhomepages-projekte.at\/1\/j-p-management\/wp-content\/uploads\/images\/piktogramme\/cie.jpg\" width=\"128\" height=\"83.84\" alt=\"\" \/><\/div><h2 class=\"content-box-heading fusion-responsive-typography-calculated\" style=\"--h2_typography-font-size:18px;--fontSize:18;line-height:var(--awb-typography1-line-height);padding-left:148px;\">Certified Industrial Engineer<\/h2><\/a><\/div><div class=\"fusion-clearfix\"><\/div><div class=\"content-container\">\n<p>Certified Industrial Engineers kennen ihre Rolle als im Angebotsprozess, im Produkt- und Prozessentwicklungsprozess sowie bei der Optimierung der laufenden Produktion. Sie kennen wichtige dabei zur Anwendung kommende Vorgehensweisen und Methoden sowie deren Zusammenspiel. Sie sind in der Lage, einen wesentlichen Beitrag zur effizienten und effektiven Gestaltung ihrer Produktionsprozesse zu leisten.<\/p>\n<\/div><div class=\"fusion-clearfix\"><\/div><a class=\" fusion-read-more\" style=\"margin-left:148px;\" href=\"https:\/\/www.step-up.at\/step-up-akademie\/lehrgang-certified-industrial-engineer\/\" target=\"_self\">Zum Lehrgang<\/a><div class=\"fusion-clearfix\"><\/div><\/div><\/div><div class=\"fusion-clearfix\"><\/div><\/div><\/div><\/div><\/div><\/div><\/p>\n","protected":false},"excerpt":{"rendered":"","protected":false},"author":2,"featured_media":0,"parent":6561,"menu_order":0,"comment_status":"closed","ping_status":"closed","template":"","meta":{"footnotes":""},"class_list":["post-7921","page","type-page","status-publish","hentry"],"yoast_head":"<!-- This site is optimized with the Yoast SEO plugin v27.2 - https:\/\/yoast.com\/product\/yoast-seo-wordpress\/ -->\n<title>Industrial Engineering - j-p-management<\/title>\n<meta name=\"description\" content=\"Industrial Engineering - Aufgabe von Industrial Engineers ist es, ausgehend vom Produktdesign leistungsf\u00e4hige und robuste Produktions\u00adprozesse zu entwickeln und laufend zu optimieren. Als zentrales Bindeglied zwischen Fachabteilungen wie Vertrieb, Produktentwicklung, Beschaffung, Logistik, Produktion und Qualit\u00e4tsmanagement tragen sie wesentlich dazu bei, die Produktivit\u00e4t und Wettbewerbsf\u00e4higkeit produzierender Unternehmen abzusichern. Es handelt sich um eine Schl\u00fcsselfunktion in jedem Industriebetrieb, unabh\u00e4ngig von Unternehmensgr\u00f6\u00dfe, Auftrags- und Fertigungsart.\" \/>\n<meta name=\"robots\" content=\"noindex, follow, max-snippet:-1, max-image-preview:large, max-video-preview:-1\" \/>\n<meta property=\"og:locale\" content=\"de_DE\" \/>\n<meta property=\"og:type\" content=\"article\" \/>\n<meta property=\"og:title\" content=\"Industrial Engineering - j-p-management\" \/>\n<meta property=\"og:description\" content=\"Industrial Engineering - Aufgabe von Industrial Engineers ist es, ausgehend vom Produktdesign leistungsf\u00e4hige und robuste Produktions\u00adprozesse zu entwickeln und laufend zu optimieren. Als zentrales Bindeglied zwischen Fachabteilungen wie Vertrieb, Produktentwicklung, Beschaffung, Logistik, Produktion und Qualit\u00e4tsmanagement tragen sie wesentlich dazu bei, die Produktivit\u00e4t und Wettbewerbsf\u00e4higkeit produzierender Unternehmen abzusichern. Es handelt sich um eine Schl\u00fcsselfunktion in jedem Industriebetrieb, unabh\u00e4ngig von Unternehmensgr\u00f6\u00dfe, Auftrags- und Fertigungsart.\" \/>\n<meta property=\"og:url\" content=\"https:\/\/wienerhomepages-projekte.at\/1\/j-p-management\/akademie\/zertifizierte-lehrgaenge\/industrial-engineering\/\" \/>\n<meta property=\"og:site_name\" content=\"j-p-management\" \/>\n<meta property=\"article:modified_time\" content=\"2025-08-01T11:20:52+00:00\" \/>\n<meta property=\"og:image\" content=\"https:\/\/wienerhomepages-projekte.at\/1\/j-p-management\/wp-content\/uploads\/images\/logos\/step-up.jpg\" \/>\n\t<meta property=\"og:image:width\" content=\"150\" \/>\n\t<meta property=\"og:image:height\" content=\"29\" \/>\n\t<meta property=\"og:image:type\" content=\"image\/jpeg\" \/>\n<meta name=\"twitter:card\" content=\"summary_large_image\" \/>\n<meta name=\"twitter:label1\" content=\"Gesch\u00e4tzte Lesezeit\" \/>\n\t<meta name=\"twitter:data1\" content=\"2\u00a0Minuten\" \/>\n<script type=\"application\/ld+json\" class=\"yoast-schema-graph\">{\"@context\":\"https:\/\/schema.org\",\"@graph\":[{\"@type\":\"WebPage\",\"@id\":\"https:\/\/wienerhomepages-projekte.at\/1\/j-p-management\/akademie\/zertifizierte-lehrgaenge\/industrial-engineering\/\",\"url\":\"https:\/\/wienerhomepages-projekte.at\/1\/j-p-management\/akademie\/zertifizierte-lehrgaenge\/industrial-engineering\/\",\"name\":\"Industrial Engineering - j-p-management\",\"isPartOf\":{\"@id\":\"https:\/\/wienerhomepages-projekte.at\/1\/j-p-management\/#website\"},\"primaryImageOfPage\":{\"@id\":\"https:\/\/wienerhomepages-projekte.at\/1\/j-p-management\/akademie\/zertifizierte-lehrgaenge\/industrial-engineering\/#primaryimage\"},\"image\":{\"@id\":\"https:\/\/wienerhomepages-projekte.at\/1\/j-p-management\/akademie\/zertifizierte-lehrgaenge\/industrial-engineering\/#primaryimage\"},\"thumbnailUrl\":\"https:\/\/wienerhomepages-projekte.at\/1\/j-p-management\/wp-content\/uploads\/images\/logos\/step-up.jpg\",\"datePublished\":\"2023-02-20T08:41:18+00:00\",\"dateModified\":\"2025-08-01T11:20:52+00:00\",\"description\":\"Industrial Engineering - Aufgabe von Industrial Engineers ist es, ausgehend vom Produktdesign leistungsf\u00e4hige und robuste Produktions\u00adprozesse zu entwickeln und laufend zu optimieren. Als zentrales Bindeglied zwischen Fachabteilungen wie Vertrieb, Produktentwicklung, Beschaffung, Logistik, Produktion und Qualit\u00e4tsmanagement tragen sie wesentlich dazu bei, die Produktivit\u00e4t und Wettbewerbsf\u00e4higkeit produzierender Unternehmen abzusichern. Es handelt sich um eine Schl\u00fcsselfunktion in jedem Industriebetrieb, unabh\u00e4ngig von Unternehmensgr\u00f6\u00dfe, Auftrags- und Fertigungsart.\",\"breadcrumb\":{\"@id\":\"https:\/\/wienerhomepages-projekte.at\/1\/j-p-management\/akademie\/zertifizierte-lehrgaenge\/industrial-engineering\/#breadcrumb\"},\"inLanguage\":\"de\",\"potentialAction\":[{\"@type\":\"ReadAction\",\"target\":[\"https:\/\/wienerhomepages-projekte.at\/1\/j-p-management\/akademie\/zertifizierte-lehrgaenge\/industrial-engineering\/\"]}]},{\"@type\":\"ImageObject\",\"inLanguage\":\"de\",\"@id\":\"https:\/\/wienerhomepages-projekte.at\/1\/j-p-management\/akademie\/zertifizierte-lehrgaenge\/industrial-engineering\/#primaryimage\",\"url\":\"https:\/\/wienerhomepages-projekte.at\/1\/j-p-management\/wp-content\/uploads\/images\/logos\/step-up.jpg\",\"contentUrl\":\"https:\/\/wienerhomepages-projekte.at\/1\/j-p-management\/wp-content\/uploads\/images\/logos\/step-up.jpg\",\"width\":150,\"height\":29},{\"@type\":\"BreadcrumbList\",\"@id\":\"https:\/\/wienerhomepages-projekte.at\/1\/j-p-management\/akademie\/zertifizierte-lehrgaenge\/industrial-engineering\/#breadcrumb\",\"itemListElement\":[{\"@type\":\"ListItem\",\"position\":1,\"name\":\"Startseite\",\"item\":\"https:\/\/wienerhomepages-projekte.at\/1\/j-p-management\/\"},{\"@type\":\"ListItem\",\"position\":2,\"name\":\"Akademie\",\"item\":\"https:\/\/wienerhomepages-projekte.at\/1\/j-p-management\/akademie\/\"},{\"@type\":\"ListItem\",\"position\":3,\"name\":\"Zertifizierte Lehrg\u00e4nge\",\"item\":\"https:\/\/wienerhomepages-projekte.at\/1\/j-p-management\/akademie\/zertifizierte-lehrgaenge\/\"},{\"@type\":\"ListItem\",\"position\":4,\"name\":\"Industrial Engineering\"}]},{\"@type\":\"WebSite\",\"@id\":\"https:\/\/wienerhomepages-projekte.at\/1\/j-p-management\/#website\",\"url\":\"https:\/\/wienerhomepages-projekte.at\/1\/j-p-management\/\",\"name\":\"j-p-management\",\"description\":\"\",\"potentialAction\":[{\"@type\":\"SearchAction\",\"target\":{\"@type\":\"EntryPoint\",\"urlTemplate\":\"https:\/\/wienerhomepages-projekte.at\/1\/j-p-management\/?s={search_term_string}\"},\"query-input\":{\"@type\":\"PropertyValueSpecification\",\"valueRequired\":true,\"valueName\":\"search_term_string\"}}],\"inLanguage\":\"de\"}]}<\/script>\n<!-- \/ Yoast SEO plugin. -->","yoast_head_json":{"title":"Industrial Engineering - j-p-management","description":"Industrial Engineering - Aufgabe von Industrial Engineers ist es, ausgehend vom Produktdesign leistungsf\u00e4hige und robuste Produktions\u00adprozesse zu entwickeln und laufend zu optimieren. Als zentrales Bindeglied zwischen Fachabteilungen wie Vertrieb, Produktentwicklung, Beschaffung, Logistik, Produktion und Qualit\u00e4tsmanagement tragen sie wesentlich dazu bei, die Produktivit\u00e4t und Wettbewerbsf\u00e4higkeit produzierender Unternehmen abzusichern. Es handelt sich um eine Schl\u00fcsselfunktion in jedem Industriebetrieb, unabh\u00e4ngig von Unternehmensgr\u00f6\u00dfe, Auftrags- und Fertigungsart.","robots":{"index":"noindex","follow":"follow","max-snippet":"max-snippet:-1","max-image-preview":"max-image-preview:large","max-video-preview":"max-video-preview:-1"},"og_locale":"de_DE","og_type":"article","og_title":"Industrial Engineering - j-p-management","og_description":"Industrial Engineering - Aufgabe von Industrial Engineers ist es, ausgehend vom Produktdesign leistungsf\u00e4hige und robuste Produktions\u00adprozesse zu entwickeln und laufend zu optimieren. Als zentrales Bindeglied zwischen Fachabteilungen wie Vertrieb, Produktentwicklung, Beschaffung, Logistik, Produktion und Qualit\u00e4tsmanagement tragen sie wesentlich dazu bei, die Produktivit\u00e4t und Wettbewerbsf\u00e4higkeit produzierender Unternehmen abzusichern. Es handelt sich um eine Schl\u00fcsselfunktion in jedem Industriebetrieb, unabh\u00e4ngig von Unternehmensgr\u00f6\u00dfe, Auftrags- und Fertigungsart.","og_url":"https:\/\/wienerhomepages-projekte.at\/1\/j-p-management\/akademie\/zertifizierte-lehrgaenge\/industrial-engineering\/","og_site_name":"j-p-management","article_modified_time":"2025-08-01T11:20:52+00:00","og_image":[{"width":150,"height":29,"url":"https:\/\/wienerhomepages-projekte.at\/1\/j-p-management\/wp-content\/uploads\/images\/logos\/step-up.jpg","type":"image\/jpeg"}],"twitter_card":"summary_large_image","twitter_misc":{"Gesch\u00e4tzte Lesezeit":"2\u00a0Minuten"},"schema":{"@context":"https:\/\/schema.org","@graph":[{"@type":"WebPage","@id":"https:\/\/wienerhomepages-projekte.at\/1\/j-p-management\/akademie\/zertifizierte-lehrgaenge\/industrial-engineering\/","url":"https:\/\/wienerhomepages-projekte.at\/1\/j-p-management\/akademie\/zertifizierte-lehrgaenge\/industrial-engineering\/","name":"Industrial Engineering - j-p-management","isPartOf":{"@id":"https:\/\/wienerhomepages-projekte.at\/1\/j-p-management\/#website"},"primaryImageOfPage":{"@id":"https:\/\/wienerhomepages-projekte.at\/1\/j-p-management\/akademie\/zertifizierte-lehrgaenge\/industrial-engineering\/#primaryimage"},"image":{"@id":"https:\/\/wienerhomepages-projekte.at\/1\/j-p-management\/akademie\/zertifizierte-lehrgaenge\/industrial-engineering\/#primaryimage"},"thumbnailUrl":"https:\/\/wienerhomepages-projekte.at\/1\/j-p-management\/wp-content\/uploads\/images\/logos\/step-up.jpg","datePublished":"2023-02-20T08:41:18+00:00","dateModified":"2025-08-01T11:20:52+00:00","description":"Industrial Engineering - Aufgabe von Industrial Engineers ist es, ausgehend vom Produktdesign leistungsf\u00e4hige und robuste Produktions\u00adprozesse zu entwickeln und laufend zu optimieren. Als zentrales Bindeglied zwischen Fachabteilungen wie Vertrieb, Produktentwicklung, Beschaffung, Logistik, Produktion und Qualit\u00e4tsmanagement tragen sie wesentlich dazu bei, die Produktivit\u00e4t und Wettbewerbsf\u00e4higkeit produzierender Unternehmen abzusichern. Es handelt sich um eine Schl\u00fcsselfunktion in jedem Industriebetrieb, unabh\u00e4ngig von Unternehmensgr\u00f6\u00dfe, Auftrags- und Fertigungsart.","breadcrumb":{"@id":"https:\/\/wienerhomepages-projekte.at\/1\/j-p-management\/akademie\/zertifizierte-lehrgaenge\/industrial-engineering\/#breadcrumb"},"inLanguage":"de","potentialAction":[{"@type":"ReadAction","target":["https:\/\/wienerhomepages-projekte.at\/1\/j-p-management\/akademie\/zertifizierte-lehrgaenge\/industrial-engineering\/"]}]},{"@type":"ImageObject","inLanguage":"de","@id":"https:\/\/wienerhomepages-projekte.at\/1\/j-p-management\/akademie\/zertifizierte-lehrgaenge\/industrial-engineering\/#primaryimage","url":"https:\/\/wienerhomepages-projekte.at\/1\/j-p-management\/wp-content\/uploads\/images\/logos\/step-up.jpg","contentUrl":"https:\/\/wienerhomepages-projekte.at\/1\/j-p-management\/wp-content\/uploads\/images\/logos\/step-up.jpg","width":150,"height":29},{"@type":"BreadcrumbList","@id":"https:\/\/wienerhomepages-projekte.at\/1\/j-p-management\/akademie\/zertifizierte-lehrgaenge\/industrial-engineering\/#breadcrumb","itemListElement":[{"@type":"ListItem","position":1,"name":"Startseite","item":"https:\/\/wienerhomepages-projekte.at\/1\/j-p-management\/"},{"@type":"ListItem","position":2,"name":"Akademie","item":"https:\/\/wienerhomepages-projekte.at\/1\/j-p-management\/akademie\/"},{"@type":"ListItem","position":3,"name":"Zertifizierte Lehrg\u00e4nge","item":"https:\/\/wienerhomepages-projekte.at\/1\/j-p-management\/akademie\/zertifizierte-lehrgaenge\/"},{"@type":"ListItem","position":4,"name":"Industrial Engineering"}]},{"@type":"WebSite","@id":"https:\/\/wienerhomepages-projekte.at\/1\/j-p-management\/#website","url":"https:\/\/wienerhomepages-projekte.at\/1\/j-p-management\/","name":"j-p-management","description":"","potentialAction":[{"@type":"SearchAction","target":{"@type":"EntryPoint","urlTemplate":"https:\/\/wienerhomepages-projekte.at\/1\/j-p-management\/?s={search_term_string}"},"query-input":{"@type":"PropertyValueSpecification","valueRequired":true,"valueName":"search_term_string"}}],"inLanguage":"de"}]}},"_links":{"self":[{"href":"https:\/\/wienerhomepages-projekte.at\/1\/j-p-management\/wp-json\/wp\/v2\/pages\/7921","targetHints":{"allow":["GET"]}}],"collection":[{"href":"https:\/\/wienerhomepages-projekte.at\/1\/j-p-management\/wp-json\/wp\/v2\/pages"}],"about":[{"href":"https:\/\/wienerhomepages-projekte.at\/1\/j-p-management\/wp-json\/wp\/v2\/types\/page"}],"author":[{"embeddable":true,"href":"https:\/\/wienerhomepages-projekte.at\/1\/j-p-management\/wp-json\/wp\/v2\/users\/2"}],"replies":[{"embeddable":true,"href":"https:\/\/wienerhomepages-projekte.at\/1\/j-p-management\/wp-json\/wp\/v2\/comments?post=7921"}],"version-history":[{"count":6,"href":"https:\/\/wienerhomepages-projekte.at\/1\/j-p-management\/wp-json\/wp\/v2\/pages\/7921\/revisions"}],"predecessor-version":[{"id":7981,"href":"https:\/\/wienerhomepages-projekte.at\/1\/j-p-management\/wp-json\/wp\/v2\/pages\/7921\/revisions\/7981"}],"up":[{"embeddable":true,"href":"https:\/\/wienerhomepages-projekte.at\/1\/j-p-management\/wp-json\/wp\/v2\/pages\/6561"}],"wp:attachment":[{"href":"https:\/\/wienerhomepages-projekte.at\/1\/j-p-management\/wp-json\/wp\/v2\/media?parent=7921"}],"curies":[{"name":"wp","href":"https:\/\/api.w.org\/{rel}","templated":true}]}}