{"id":7247,"date":"2022-11-30T15:11:58","date_gmt":"2022-11-30T14:11:58","guid":{"rendered":"https:\/\/wienerhomepages-projekte.at\/1\/j-p-management\/?page_id=7247"},"modified":"2026-03-12T10:03:45","modified_gmt":"2026-03-12T09:03:45","slug":"inhouse-qualifizierung","status":"publish","type":"page","link":"https:\/\/wienerhomepages-projekte.at\/1\/j-p-management\/akademie\/inhouse-qualifizierung\/","title":{"rendered":"Inhouse-Qualifizierung"},"content":{"rendered":"<div class=\"fusion-fullwidth fullwidth-box fusion-builder-row-1 fusion-flex-container nonhundred-percent-fullwidth non-hundred-percent-height-scrolling\" style=\"--awb-border-radius-top-left:0px;--awb-border-radius-top-right:0px;--awb-border-radius-bottom-right:0px;--awb-border-radius-bottom-left:0px;--awb-flex-wrap:wrap;\" ><div class=\"fusion-builder-row fusion-row fusion-flex-align-items-flex-start fusion-flex-content-wrap\" style=\"max-width:1216.8px;margin-left: calc(-4% \/ 2 );margin-right: calc(-4% \/ 2 );\"><div class=\"fusion-layout-column fusion_builder_column fusion-builder-column-0 fusion_builder_column_1_1 1_1 fusion-flex-column\" style=\"--awb-bg-size:cover;--awb-width-large:100%;--awb-margin-top-large:0px;--awb-spacing-right-large:1.92%;--awb-margin-bottom-large:20px;--awb-spacing-left-large:1.92%;--awb-width-medium:100%;--awb-order-medium:0;--awb-spacing-right-medium:1.92%;--awb-spacing-left-medium:1.92%;--awb-width-small:100%;--awb-order-small:0;--awb-spacing-right-small:1.92%;--awb-spacing-left-small:1.92%;\"><div class=\"fusion-column-wrapper fusion-column-has-shadow fusion-flex-justify-content-flex-start fusion-content-layout-column\"><div class=\"fusion-text fusion-text-1\"><h2>Ma\u00dfgeschneiderte Trainings und Lehrg\u00e4nge f\u00fcr Ihr Unternehmen<\/h2>\n<p>Die Trainings und Lehrg\u00e4nge der StEP-Up-Akademie k\u00f6nnen auch als individuell gestaltete Inhouse-Qualifizierungen in Ihrem Unternehmen durchgef\u00fchrt werden. Die Ausbildungsinhalte und der organisatorische Rahmen k\u00f6nnen individuell an die Anforderungen Ihres Unternehmens angepasst werden. Praxisbeispiele aus Ihrem Unternehmen k\u00f6nnen in den Trainingseinheiten behandelt werden.<\/p>\n<h3>Ihr Nutzen<\/h3>\n<ul>\n<li><strong>Optimierte Ausbildungsinhalte<\/strong><br \/>\nDie inhaltlichen Schwerpunkte der Trainings und Lehrg\u00e4nge werden mit Ihnen gemeinsam festgelegt. Ihre speziellen Bildungserfordernisse werden dabei ber\u00fccksichtigt. Die Ausbildungen k\u00f6nnen auf Ihre Qualifizierungsziele und die Vorkenntnisse Ihrer Mitarbeiterinnen und Mitarbeiter ausgerichtet werden.<\/li>\n<li><strong>Praxisbeispiele aus Ihrem Unternehmen<\/strong><br \/>\nIn den Trainingseinheiten kann auf Problemstellungen und Beispiele aus Ihrer betrieblichen Praxis eingegangen werden. Dies erleichtert den Teilnehmerinnen und Teilnehmern den Transfer des Gelernten in die betriebliche Praxis.<\/li>\n<li><strong>Anschauungsunterricht vor Ort<\/strong><br \/>\nZur Unterst\u00fctzung des Verst\u00e4ndnisses f\u00fcr die vermittelten Inhalte k\u00f6nnen im Rahmen der Trainingseinheiten ausgew\u00e4hlte Bereiche im Unternehmen besichtigt werden. Trainings- und Workshopeinheiten k\u00f6nnen zielgerichtet kombiniert werden.<\/li>\n<li><strong>Vertraulicher Rahmen<\/strong><br \/>\nDie Abwicklung des Trainings innerhalb eines Unternehmens erm\u00f6glicht die offene Diskussion \u00fcber vertrauliche Inhalte.<\/li>\n<li><strong>Bereichs\u00fcbergreifende Zusammenarbeit<\/strong><br \/>\nInhouse-Qualifizierungen f\u00f6rdern die Teambildung und das gegenseitige Verst\u00e4ndnis f\u00fcr Probleme und Vorgehensweisen anderer Fachbereiche.<\/li>\n<li><strong>Optimierter organisatorischer Rahmen<\/strong><br \/>\nDer organisatorische Rahmen der Trainings und Lehrg\u00e4nge wird auf Ihre Anforderungen abgestimmt (z. B. Ort, Dauer, Termine, Trainingszeiten).<\/li>\n<li><strong>Kosteng\u00fcnstigere Qualifizierungsm\u00f6glichkeit<\/strong><br \/>\nInhouse-Trainings und -Lehrg\u00e4nge sind ab einer bestimmten Teilnehmeranzahl kosteng\u00fcnstiger. Au\u00dferdem entstehen keine zus\u00e4tzlichen Reisekosten f\u00fcr Ihre Mitarbeiterinnen und Mitarbeiter.<\/li>\n<\/ul>\n<h3>Planen Sie gemeinsam mit uns Ihr Qualifizierungsprogramm<\/h3>\n<p>Gerne beraten wie Sie in einem <a href=\"https:\/\/wienerhomepages-projekte.at\/1\/j-p-management\/unternehmen\/kontakt\/\">pers\u00f6nlichen Gespr\u00e4ch<\/a> und erstellen ein auf Ihre Anforderungen ma\u00dfgeschneidertes Qualifizierungsangebot.<\/p>\n<\/div><\/div><\/div><\/div><\/div>\n","protected":false},"excerpt":{"rendered":"","protected":false},"author":2,"featured_media":0,"parent":6283,"menu_order":0,"comment_status":"closed","ping_status":"closed","template":"","meta":{"footnotes":""},"class_list":["post-7247","page","type-page","status-publish","hentry"],"yoast_head":"<!-- This site is optimized with the Yoast SEO plugin v27.2 - https:\/\/yoast.com\/product\/yoast-seo-wordpress\/ -->\n<title>Inhouse-Qualifizierung - j-p-management<\/title>\n<meta name=\"description\" content=\"Inhouse Qualifizierung - Die Trainings und Lehrg\u00e4nge der StEP-Up-Akademie k\u00f6nnen auch als individuell gestaltete Inhouse-Qualifizierungen in Ihrem Unternehmen durchgef\u00fchrt werden. Die Ausbildungsinhalte und der organisatorische Rahmen k\u00f6nnen individuell an die Anforderungen Ihres Unternehmens angepasst werden. Praxisbeispiele aus Ihrem Unternehmen k\u00f6nnen in den Trainingseinheiten behandelt werden.\" \/>\n<meta name=\"robots\" content=\"noindex, follow, max-snippet:-1, max-image-preview:large, max-video-preview:-1\" \/>\n<meta property=\"og:locale\" content=\"de_DE\" \/>\n<meta property=\"og:type\" content=\"article\" \/>\n<meta property=\"og:title\" content=\"Inhouse-Qualifizierung - j-p-management\" \/>\n<meta property=\"og:description\" content=\"Inhouse Qualifizierung - Die Trainings und Lehrg\u00e4nge der StEP-Up-Akademie k\u00f6nnen auch als individuell gestaltete Inhouse-Qualifizierungen in Ihrem Unternehmen durchgef\u00fchrt werden. Die Ausbildungsinhalte und der organisatorische Rahmen k\u00f6nnen individuell an die Anforderungen Ihres Unternehmens angepasst werden. Praxisbeispiele aus Ihrem Unternehmen k\u00f6nnen in den Trainingseinheiten behandelt werden.\" \/>\n<meta property=\"og:url\" content=\"https:\/\/wienerhomepages-projekte.at\/1\/j-p-management\/akademie\/inhouse-qualifizierung\/\" \/>\n<meta property=\"og:site_name\" content=\"j-p-management\" \/>\n<meta property=\"article:modified_time\" content=\"2026-03-12T09:03:45+00:00\" \/>\n<meta name=\"twitter:card\" content=\"summary_large_image\" \/>\n<meta name=\"twitter:label1\" content=\"Gesch\u00e4tzte Lesezeit\" \/>\n\t<meta name=\"twitter:data1\" content=\"2\u00a0Minuten\" \/>\n<script type=\"application\/ld+json\" class=\"yoast-schema-graph\">{\"@context\":\"https:\/\/schema.org\",\"@graph\":[{\"@type\":\"WebPage\",\"@id\":\"https:\/\/wienerhomepages-projekte.at\/1\/j-p-management\/akademie\/inhouse-qualifizierung\/\",\"url\":\"https:\/\/wienerhomepages-projekte.at\/1\/j-p-management\/akademie\/inhouse-qualifizierung\/\",\"name\":\"Inhouse-Qualifizierung - j-p-management\",\"isPartOf\":{\"@id\":\"https:\/\/wienerhomepages-projekte.at\/1\/j-p-management\/#website\"},\"datePublished\":\"2022-11-30T14:11:58+00:00\",\"dateModified\":\"2026-03-12T09:03:45+00:00\",\"description\":\"Inhouse Qualifizierung - Die Trainings und Lehrg\u00e4nge der StEP-Up-Akademie k\u00f6nnen auch als individuell gestaltete Inhouse-Qualifizierungen in Ihrem Unternehmen durchgef\u00fchrt werden. Die Ausbildungsinhalte und der organisatorische Rahmen k\u00f6nnen individuell an die Anforderungen Ihres Unternehmens angepasst werden. Praxisbeispiele aus Ihrem Unternehmen k\u00f6nnen in den Trainingseinheiten behandelt werden.\",\"breadcrumb\":{\"@id\":\"https:\/\/wienerhomepages-projekte.at\/1\/j-p-management\/akademie\/inhouse-qualifizierung\/#breadcrumb\"},\"inLanguage\":\"de\",\"potentialAction\":[{\"@type\":\"ReadAction\",\"target\":[\"https:\/\/wienerhomepages-projekte.at\/1\/j-p-management\/akademie\/inhouse-qualifizierung\/\"]}]},{\"@type\":\"BreadcrumbList\",\"@id\":\"https:\/\/wienerhomepages-projekte.at\/1\/j-p-management\/akademie\/inhouse-qualifizierung\/#breadcrumb\",\"itemListElement\":[{\"@type\":\"ListItem\",\"position\":1,\"name\":\"Startseite\",\"item\":\"https:\/\/wienerhomepages-projekte.at\/1\/j-p-management\/\"},{\"@type\":\"ListItem\",\"position\":2,\"name\":\"Akademie\",\"item\":\"https:\/\/wienerhomepages-projekte.at\/1\/j-p-management\/akademie\/\"},{\"@type\":\"ListItem\",\"position\":3,\"name\":\"Inhouse-Qualifizierung\"}]},{\"@type\":\"WebSite\",\"@id\":\"https:\/\/wienerhomepages-projekte.at\/1\/j-p-management\/#website\",\"url\":\"https:\/\/wienerhomepages-projekte.at\/1\/j-p-management\/\",\"name\":\"j-p-management\",\"description\":\"\",\"potentialAction\":[{\"@type\":\"SearchAction\",\"target\":{\"@type\":\"EntryPoint\",\"urlTemplate\":\"https:\/\/wienerhomepages-projekte.at\/1\/j-p-management\/?s={search_term_string}\"},\"query-input\":{\"@type\":\"PropertyValueSpecification\",\"valueRequired\":true,\"valueName\":\"search_term_string\"}}],\"inLanguage\":\"de\"}]}<\/script>\n<!-- \/ Yoast SEO plugin. -->","yoast_head_json":{"title":"Inhouse-Qualifizierung - j-p-management","description":"Inhouse Qualifizierung - Die Trainings und Lehrg\u00e4nge der StEP-Up-Akademie k\u00f6nnen auch als individuell gestaltete Inhouse-Qualifizierungen in Ihrem Unternehmen durchgef\u00fchrt werden. Die Ausbildungsinhalte und der organisatorische Rahmen k\u00f6nnen individuell an die Anforderungen Ihres Unternehmens angepasst werden. Praxisbeispiele aus Ihrem Unternehmen k\u00f6nnen in den Trainingseinheiten behandelt werden.","robots":{"index":"noindex","follow":"follow","max-snippet":"max-snippet:-1","max-image-preview":"max-image-preview:large","max-video-preview":"max-video-preview:-1"},"og_locale":"de_DE","og_type":"article","og_title":"Inhouse-Qualifizierung - j-p-management","og_description":"Inhouse Qualifizierung - Die Trainings und Lehrg\u00e4nge der StEP-Up-Akademie k\u00f6nnen auch als individuell gestaltete Inhouse-Qualifizierungen in Ihrem Unternehmen durchgef\u00fchrt werden. Die Ausbildungsinhalte und der organisatorische Rahmen k\u00f6nnen individuell an die Anforderungen Ihres Unternehmens angepasst werden. Praxisbeispiele aus Ihrem Unternehmen k\u00f6nnen in den Trainingseinheiten behandelt werden.","og_url":"https:\/\/wienerhomepages-projekte.at\/1\/j-p-management\/akademie\/inhouse-qualifizierung\/","og_site_name":"j-p-management","article_modified_time":"2026-03-12T09:03:45+00:00","twitter_card":"summary_large_image","twitter_misc":{"Gesch\u00e4tzte Lesezeit":"2\u00a0Minuten"},"schema":{"@context":"https:\/\/schema.org","@graph":[{"@type":"WebPage","@id":"https:\/\/wienerhomepages-projekte.at\/1\/j-p-management\/akademie\/inhouse-qualifizierung\/","url":"https:\/\/wienerhomepages-projekte.at\/1\/j-p-management\/akademie\/inhouse-qualifizierung\/","name":"Inhouse-Qualifizierung - j-p-management","isPartOf":{"@id":"https:\/\/wienerhomepages-projekte.at\/1\/j-p-management\/#website"},"datePublished":"2022-11-30T14:11:58+00:00","dateModified":"2026-03-12T09:03:45+00:00","description":"Inhouse Qualifizierung - Die Trainings und Lehrg\u00e4nge der StEP-Up-Akademie k\u00f6nnen auch als individuell gestaltete Inhouse-Qualifizierungen in Ihrem Unternehmen durchgef\u00fchrt werden. Die Ausbildungsinhalte und der organisatorische Rahmen k\u00f6nnen individuell an die Anforderungen Ihres Unternehmens angepasst werden. Praxisbeispiele aus Ihrem Unternehmen k\u00f6nnen in den Trainingseinheiten behandelt werden.","breadcrumb":{"@id":"https:\/\/wienerhomepages-projekte.at\/1\/j-p-management\/akademie\/inhouse-qualifizierung\/#breadcrumb"},"inLanguage":"de","potentialAction":[{"@type":"ReadAction","target":["https:\/\/wienerhomepages-projekte.at\/1\/j-p-management\/akademie\/inhouse-qualifizierung\/"]}]},{"@type":"BreadcrumbList","@id":"https:\/\/wienerhomepages-projekte.at\/1\/j-p-management\/akademie\/inhouse-qualifizierung\/#breadcrumb","itemListElement":[{"@type":"ListItem","position":1,"name":"Startseite","item":"https:\/\/wienerhomepages-projekte.at\/1\/j-p-management\/"},{"@type":"ListItem","position":2,"name":"Akademie","item":"https:\/\/wienerhomepages-projekte.at\/1\/j-p-management\/akademie\/"},{"@type":"ListItem","position":3,"name":"Inhouse-Qualifizierung"}]},{"@type":"WebSite","@id":"https:\/\/wienerhomepages-projekte.at\/1\/j-p-management\/#website","url":"https:\/\/wienerhomepages-projekte.at\/1\/j-p-management\/","name":"j-p-management","description":"","potentialAction":[{"@type":"SearchAction","target":{"@type":"EntryPoint","urlTemplate":"https:\/\/wienerhomepages-projekte.at\/1\/j-p-management\/?s={search_term_string}"},"query-input":{"@type":"PropertyValueSpecification","valueRequired":true,"valueName":"search_term_string"}}],"inLanguage":"de"}]}},"_links":{"self":[{"href":"https:\/\/wienerhomepages-projekte.at\/1\/j-p-management\/wp-json\/wp\/v2\/pages\/7247","targetHints":{"allow":["GET"]}}],"collection":[{"href":"https:\/\/wienerhomepages-projekte.at\/1\/j-p-management\/wp-json\/wp\/v2\/pages"}],"about":[{"href":"https:\/\/wienerhomepages-projekte.at\/1\/j-p-management\/wp-json\/wp\/v2\/types\/page"}],"author":[{"embeddable":true,"href":"https:\/\/wienerhomepages-projekte.at\/1\/j-p-management\/wp-json\/wp\/v2\/users\/2"}],"replies":[{"embeddable":true,"href":"https:\/\/wienerhomepages-projekte.at\/1\/j-p-management\/wp-json\/wp\/v2\/comments?post=7247"}],"version-history":[{"count":4,"href":"https:\/\/wienerhomepages-projekte.at\/1\/j-p-management\/wp-json\/wp\/v2\/pages\/7247\/revisions"}],"predecessor-version":[{"id":8899,"href":"https:\/\/wienerhomepages-projekte.at\/1\/j-p-management\/wp-json\/wp\/v2\/pages\/7247\/revisions\/8899"}],"up":[{"embeddable":true,"href":"https:\/\/wienerhomepages-projekte.at\/1\/j-p-management\/wp-json\/wp\/v2\/pages\/6283"}],"wp:attachment":[{"href":"https:\/\/wienerhomepages-projekte.at\/1\/j-p-management\/wp-json\/wp\/v2\/media?parent=7247"}],"curies":[{"name":"wp","href":"https:\/\/api.w.org\/{rel}","templated":true}]}}