{"id":7241,"date":"2022-11-30T15:07:46","date_gmt":"2022-11-30T14:07:46","guid":{"rendered":"https:\/\/wienerhomepages-projekte.at\/1\/j-p-management\/?page_id=7241"},"modified":"2025-07-31T13:33:42","modified_gmt":"2025-07-31T11:33:42","slug":"lerntransfer-und-realisierung-konkreter-verbesserungen","status":"publish","type":"page","link":"https:\/\/wienerhomepages-projekte.at\/1\/j-p-management\/akademie\/lerntransfer-und-realisierung-konkreter-verbesserungen\/","title":{"rendered":"Lerntransfer und Realisierung konkreter Verbesserungen"},"content":{"rendered":"<div class=\"fusion-fullwidth fullwidth-box fusion-builder-row-1 fusion-flex-container nonhundred-percent-fullwidth non-hundred-percent-height-scrolling\" style=\"--awb-border-radius-top-left:0px;--awb-border-radius-top-right:0px;--awb-border-radius-bottom-right:0px;--awb-border-radius-bottom-left:0px;--awb-flex-wrap:wrap;\" ><div class=\"fusion-builder-row fusion-row fusion-flex-align-items-flex-start fusion-flex-content-wrap\" style=\"max-width:1216.8px;margin-left: calc(-4% \/ 2 );margin-right: calc(-4% \/ 2 );\"><div class=\"fusion-layout-column fusion_builder_column fusion-builder-column-0 fusion_builder_column_1_1 1_1 fusion-flex-column\" style=\"--awb-bg-size:cover;--awb-width-large:100%;--awb-margin-top-large:0px;--awb-spacing-right-large:1.92%;--awb-margin-bottom-large:20px;--awb-spacing-left-large:1.92%;--awb-width-medium:100%;--awb-order-medium:0;--awb-spacing-right-medium:1.92%;--awb-spacing-left-medium:1.92%;--awb-width-small:100%;--awb-order-small:0;--awb-spacing-right-small:1.92%;--awb-spacing-left-small:1.92%;\"><div class=\"fusion-column-wrapper fusion-column-has-shadow fusion-flex-justify-content-flex-start fusion-content-layout-column\"><div class=\"fusion-text fusion-text-1\"><h2>Das Qualifizierungskonzept im \u00dcberblick<\/h2>\n<p>Durch eine sorgf\u00e4ltig aufeinander abgestimmte, zielgerichtete Kombination von Trainingseinheiten, praktischer Anwendung im Unternehmen sowie Pr\u00e4sentation und Reflexion der Ergebnisse und Erfahrungen aus der praktischen Anwendung f\u00f6rdern wir den Lerntransfer in die betriebliche Praxis und die Teilnehmerinnen und Teilnehmer realisieren dabei bereits konkrete Verbesserungen.<\/p>\n<p>Nachfolgende Grafik zeigt beispielhaft den Aufbau einer solchen Qualifizierung.<\/p>\n<p><img decoding=\"async\" class=\"lazyload alignnone size-full wp-image-20834\" src=\"data:image\/svg+xml,%3Csvg%20xmlns%3D%27http%3A%2F%2Fwww.w3.org%2F2000%2Fsvg%27%20width%3D%27635%27%20height%3D%27292%27%20viewBox%3D%270%200%20635%20292%27%3E%3Crect%20width%3D%27635%27%20height%3D%27292%27%20fill-opacity%3D%220%22%2F%3E%3C%2Fsvg%3E\" data-orig-src=\"https:\/\/www.step-up.at\/wp-content\/uploads\/lerntransfer.jpg\" alt=\"\" width=\"635\" height=\"292\" \/><\/p>\n<h3>I Trainingseinheiten<\/h3>\n<p>In den Trainingseinheiten werden Vorgehensweisen, Methoden und Werkzeuge praxisnah vermittelt und die Anwendung wird ge\u00fcbt.<\/p>\n<h3>II Praktische Anwendung im Unternehmen<\/h3>\n<p>Abgestimmt auf die Trainingsinhalte wenden die Teilnehmerinnen und Teilnehmer ausgew\u00e4hlte Vorgehensweisen, Methoden und Werkzeuge in ihrem Unternehmen an, sammeln praktische Erfahrungen und realisieren konkrete Verbesserungen.<\/p>\n<h3>III Pr\u00e4sentation und Reflexion der Ergebnisse<\/h3>\n<p>Die Ergebnisse der praktischen Anwendung sowie die gewonnenen Erfahrungen werden im Rahmen eines Pr\u00e4sentations- und Reflexionsworkshops diskutiert. Dabei haben die Teilnehmerinnen und Teilnehmer die Gelegenheit, innerhalb kurzer Zeit viel an Wissen zu sammeln, weil sie auch von den Erkenntnissen ihrer Kolleginnen und Kollegen profitieren.<\/p>\n<p><strong>Zertifizierte Lehrg\u00e4nge beinhalten zus\u00e4tzlich eine Pr\u00fcfung.<\/strong><\/p>\n<h2>Ihr Nutzen<\/h2>\n<ul>\n<li>Die Kompetenz Ihrer Mitarbeiterinnen und Mitarbeiter ist gesteigert.<\/li>\n<li>Konkrete Verbesserungen in Bezug auf Qualit\u00e4t, Durchlaufzeit und Kosten sind realisiert.<\/li>\n<li>Ihre Mitarbeiterinnen und Mitarbeiter sind aufgrund ihrer Erfolgserlebnisse motiviert.<\/li>\n<li>Die Basis f\u00fcr die nachhaltige Realisierung erkannter Optimierungspotenziale in Ihrem Unternehmen ist geschaffen.<\/li>\n<\/ul>\n<\/div><\/div><\/div><\/div><\/div>\n","protected":false},"excerpt":{"rendered":"","protected":false},"author":2,"featured_media":0,"parent":6283,"menu_order":0,"comment_status":"closed","ping_status":"closed","template":"","meta":{"footnotes":""},"class_list":["post-7241","page","type-page","status-publish","hentry"],"yoast_head":"<!-- This site is optimized with the Yoast SEO plugin v27.2 - https:\/\/yoast.com\/product\/yoast-seo-wordpress\/ -->\n<title>Lerntransfer und Realisierung konkreter Verbesserungen - j-p-management<\/title>\n<meta name=\"description\" content=\"Lerntransfer und Realisierung - Durch eine sorgf\u00e4ltig aufeinander abgestimmte, zielgerichtete Kombination von Trainingseinheiten, praktischer Anwendung im Unternehmen sowie Pr\u00e4sentation und Reflexion der Ergebnisse und Erfahrungen aus der praktischen Anwendung f\u00f6rdern wir den Lerntransfer in die betriebliche Praxis und die Teilnehmerinnen und Teilnehmer realisieren dabei bereits konkrete Verbesserungen.\" \/>\n<meta name=\"robots\" content=\"noindex, follow, max-snippet:-1, max-image-preview:large, max-video-preview:-1\" \/>\n<meta property=\"og:locale\" content=\"de_DE\" \/>\n<meta property=\"og:type\" content=\"article\" \/>\n<meta property=\"og:title\" content=\"Lerntransfer und Realisierung konkreter Verbesserungen - j-p-management\" \/>\n<meta property=\"og:description\" content=\"Lerntransfer und Realisierung - Durch eine sorgf\u00e4ltig aufeinander abgestimmte, zielgerichtete Kombination von Trainingseinheiten, praktischer Anwendung im Unternehmen sowie Pr\u00e4sentation und Reflexion der Ergebnisse und Erfahrungen aus der praktischen Anwendung f\u00f6rdern wir den Lerntransfer in die betriebliche Praxis und die Teilnehmerinnen und Teilnehmer realisieren dabei bereits konkrete Verbesserungen.\" \/>\n<meta property=\"og:url\" content=\"https:\/\/wienerhomepages-projekte.at\/1\/j-p-management\/akademie\/lerntransfer-und-realisierung-konkreter-verbesserungen\/\" \/>\n<meta property=\"og:site_name\" content=\"j-p-management\" \/>\n<meta property=\"article:modified_time\" content=\"2025-07-31T11:33:42+00:00\" \/>\n<meta name=\"twitter:card\" content=\"summary_large_image\" \/>\n<meta name=\"twitter:label1\" content=\"Gesch\u00e4tzte Lesezeit\" \/>\n\t<meta name=\"twitter:data1\" content=\"2\u00a0Minuten\" \/>\n<script type=\"application\/ld+json\" class=\"yoast-schema-graph\">{\"@context\":\"https:\/\/schema.org\",\"@graph\":[{\"@type\":\"WebPage\",\"@id\":\"https:\/\/wienerhomepages-projekte.at\/1\/j-p-management\/akademie\/lerntransfer-und-realisierung-konkreter-verbesserungen\/\",\"url\":\"https:\/\/wienerhomepages-projekte.at\/1\/j-p-management\/akademie\/lerntransfer-und-realisierung-konkreter-verbesserungen\/\",\"name\":\"Lerntransfer und Realisierung konkreter Verbesserungen - j-p-management\",\"isPartOf\":{\"@id\":\"https:\/\/wienerhomepages-projekte.at\/1\/j-p-management\/#website\"},\"primaryImageOfPage\":{\"@id\":\"https:\/\/wienerhomepages-projekte.at\/1\/j-p-management\/akademie\/lerntransfer-und-realisierung-konkreter-verbesserungen\/#primaryimage\"},\"image\":{\"@id\":\"https:\/\/wienerhomepages-projekte.at\/1\/j-p-management\/akademie\/lerntransfer-und-realisierung-konkreter-verbesserungen\/#primaryimage\"},\"thumbnailUrl\":\"https:\/\/www.step-up.at\/wp-content\/uploads\/lerntransfer.jpg\",\"datePublished\":\"2022-11-30T14:07:46+00:00\",\"dateModified\":\"2025-07-31T11:33:42+00:00\",\"description\":\"Lerntransfer und Realisierung - Durch eine sorgf\u00e4ltig aufeinander abgestimmte, zielgerichtete Kombination von Trainingseinheiten, praktischer Anwendung im Unternehmen sowie Pr\u00e4sentation und Reflexion der Ergebnisse und Erfahrungen aus der praktischen Anwendung f\u00f6rdern wir den Lerntransfer in die betriebliche Praxis und die Teilnehmerinnen und Teilnehmer realisieren dabei bereits konkrete Verbesserungen.\",\"breadcrumb\":{\"@id\":\"https:\/\/wienerhomepages-projekte.at\/1\/j-p-management\/akademie\/lerntransfer-und-realisierung-konkreter-verbesserungen\/#breadcrumb\"},\"inLanguage\":\"de\",\"potentialAction\":[{\"@type\":\"ReadAction\",\"target\":[\"https:\/\/wienerhomepages-projekte.at\/1\/j-p-management\/akademie\/lerntransfer-und-realisierung-konkreter-verbesserungen\/\"]}]},{\"@type\":\"ImageObject\",\"inLanguage\":\"de\",\"@id\":\"https:\/\/wienerhomepages-projekte.at\/1\/j-p-management\/akademie\/lerntransfer-und-realisierung-konkreter-verbesserungen\/#primaryimage\",\"url\":\"https:\/\/www.step-up.at\/wp-content\/uploads\/lerntransfer.jpg\",\"contentUrl\":\"https:\/\/www.step-up.at\/wp-content\/uploads\/lerntransfer.jpg\"},{\"@type\":\"BreadcrumbList\",\"@id\":\"https:\/\/wienerhomepages-projekte.at\/1\/j-p-management\/akademie\/lerntransfer-und-realisierung-konkreter-verbesserungen\/#breadcrumb\",\"itemListElement\":[{\"@type\":\"ListItem\",\"position\":1,\"name\":\"Startseite\",\"item\":\"https:\/\/wienerhomepages-projekte.at\/1\/j-p-management\/\"},{\"@type\":\"ListItem\",\"position\":2,\"name\":\"Akademie\",\"item\":\"https:\/\/wienerhomepages-projekte.at\/1\/j-p-management\/akademie\/\"},{\"@type\":\"ListItem\",\"position\":3,\"name\":\"Lerntransfer und Realisierung konkreter Verbesserungen\"}]},{\"@type\":\"WebSite\",\"@id\":\"https:\/\/wienerhomepages-projekte.at\/1\/j-p-management\/#website\",\"url\":\"https:\/\/wienerhomepages-projekte.at\/1\/j-p-management\/\",\"name\":\"j-p-management\",\"description\":\"\",\"potentialAction\":[{\"@type\":\"SearchAction\",\"target\":{\"@type\":\"EntryPoint\",\"urlTemplate\":\"https:\/\/wienerhomepages-projekte.at\/1\/j-p-management\/?s={search_term_string}\"},\"query-input\":{\"@type\":\"PropertyValueSpecification\",\"valueRequired\":true,\"valueName\":\"search_term_string\"}}],\"inLanguage\":\"de\"}]}<\/script>\n<!-- \/ Yoast SEO plugin. -->","yoast_head_json":{"title":"Lerntransfer und Realisierung konkreter Verbesserungen - j-p-management","description":"Lerntransfer und Realisierung - Durch eine sorgf\u00e4ltig aufeinander abgestimmte, zielgerichtete Kombination von Trainingseinheiten, praktischer Anwendung im Unternehmen sowie Pr\u00e4sentation und Reflexion der Ergebnisse und Erfahrungen aus der praktischen Anwendung f\u00f6rdern wir den Lerntransfer in die betriebliche Praxis und die Teilnehmerinnen und Teilnehmer realisieren dabei bereits konkrete Verbesserungen.","robots":{"index":"noindex","follow":"follow","max-snippet":"max-snippet:-1","max-image-preview":"max-image-preview:large","max-video-preview":"max-video-preview:-1"},"og_locale":"de_DE","og_type":"article","og_title":"Lerntransfer und Realisierung konkreter Verbesserungen - j-p-management","og_description":"Lerntransfer und Realisierung - Durch eine sorgf\u00e4ltig aufeinander abgestimmte, zielgerichtete Kombination von Trainingseinheiten, praktischer Anwendung im Unternehmen sowie Pr\u00e4sentation und Reflexion der Ergebnisse und Erfahrungen aus der praktischen Anwendung f\u00f6rdern wir den Lerntransfer in die betriebliche Praxis und die Teilnehmerinnen und Teilnehmer realisieren dabei bereits konkrete Verbesserungen.","og_url":"https:\/\/wienerhomepages-projekte.at\/1\/j-p-management\/akademie\/lerntransfer-und-realisierung-konkreter-verbesserungen\/","og_site_name":"j-p-management","article_modified_time":"2025-07-31T11:33:42+00:00","twitter_card":"summary_large_image","twitter_misc":{"Gesch\u00e4tzte Lesezeit":"2\u00a0Minuten"},"schema":{"@context":"https:\/\/schema.org","@graph":[{"@type":"WebPage","@id":"https:\/\/wienerhomepages-projekte.at\/1\/j-p-management\/akademie\/lerntransfer-und-realisierung-konkreter-verbesserungen\/","url":"https:\/\/wienerhomepages-projekte.at\/1\/j-p-management\/akademie\/lerntransfer-und-realisierung-konkreter-verbesserungen\/","name":"Lerntransfer und Realisierung konkreter Verbesserungen - j-p-management","isPartOf":{"@id":"https:\/\/wienerhomepages-projekte.at\/1\/j-p-management\/#website"},"primaryImageOfPage":{"@id":"https:\/\/wienerhomepages-projekte.at\/1\/j-p-management\/akademie\/lerntransfer-und-realisierung-konkreter-verbesserungen\/#primaryimage"},"image":{"@id":"https:\/\/wienerhomepages-projekte.at\/1\/j-p-management\/akademie\/lerntransfer-und-realisierung-konkreter-verbesserungen\/#primaryimage"},"thumbnailUrl":"https:\/\/www.step-up.at\/wp-content\/uploads\/lerntransfer.jpg","datePublished":"2022-11-30T14:07:46+00:00","dateModified":"2025-07-31T11:33:42+00:00","description":"Lerntransfer und Realisierung - Durch eine sorgf\u00e4ltig aufeinander abgestimmte, zielgerichtete Kombination von Trainingseinheiten, praktischer Anwendung im Unternehmen sowie Pr\u00e4sentation und Reflexion der Ergebnisse und Erfahrungen aus der praktischen Anwendung f\u00f6rdern wir den Lerntransfer in die betriebliche Praxis und die Teilnehmerinnen und Teilnehmer realisieren dabei bereits konkrete Verbesserungen.","breadcrumb":{"@id":"https:\/\/wienerhomepages-projekte.at\/1\/j-p-management\/akademie\/lerntransfer-und-realisierung-konkreter-verbesserungen\/#breadcrumb"},"inLanguage":"de","potentialAction":[{"@type":"ReadAction","target":["https:\/\/wienerhomepages-projekte.at\/1\/j-p-management\/akademie\/lerntransfer-und-realisierung-konkreter-verbesserungen\/"]}]},{"@type":"ImageObject","inLanguage":"de","@id":"https:\/\/wienerhomepages-projekte.at\/1\/j-p-management\/akademie\/lerntransfer-und-realisierung-konkreter-verbesserungen\/#primaryimage","url":"https:\/\/www.step-up.at\/wp-content\/uploads\/lerntransfer.jpg","contentUrl":"https:\/\/www.step-up.at\/wp-content\/uploads\/lerntransfer.jpg"},{"@type":"BreadcrumbList","@id":"https:\/\/wienerhomepages-projekte.at\/1\/j-p-management\/akademie\/lerntransfer-und-realisierung-konkreter-verbesserungen\/#breadcrumb","itemListElement":[{"@type":"ListItem","position":1,"name":"Startseite","item":"https:\/\/wienerhomepages-projekte.at\/1\/j-p-management\/"},{"@type":"ListItem","position":2,"name":"Akademie","item":"https:\/\/wienerhomepages-projekte.at\/1\/j-p-management\/akademie\/"},{"@type":"ListItem","position":3,"name":"Lerntransfer und Realisierung konkreter Verbesserungen"}]},{"@type":"WebSite","@id":"https:\/\/wienerhomepages-projekte.at\/1\/j-p-management\/#website","url":"https:\/\/wienerhomepages-projekte.at\/1\/j-p-management\/","name":"j-p-management","description":"","potentialAction":[{"@type":"SearchAction","target":{"@type":"EntryPoint","urlTemplate":"https:\/\/wienerhomepages-projekte.at\/1\/j-p-management\/?s={search_term_string}"},"query-input":{"@type":"PropertyValueSpecification","valueRequired":true,"valueName":"search_term_string"}}],"inLanguage":"de"}]}},"_links":{"self":[{"href":"https:\/\/wienerhomepages-projekte.at\/1\/j-p-management\/wp-json\/wp\/v2\/pages\/7241","targetHints":{"allow":["GET"]}}],"collection":[{"href":"https:\/\/wienerhomepages-projekte.at\/1\/j-p-management\/wp-json\/wp\/v2\/pages"}],"about":[{"href":"https:\/\/wienerhomepages-projekte.at\/1\/j-p-management\/wp-json\/wp\/v2\/types\/page"}],"author":[{"embeddable":true,"href":"https:\/\/wienerhomepages-projekte.at\/1\/j-p-management\/wp-json\/wp\/v2\/users\/2"}],"replies":[{"embeddable":true,"href":"https:\/\/wienerhomepages-projekte.at\/1\/j-p-management\/wp-json\/wp\/v2\/comments?post=7241"}],"version-history":[{"count":3,"href":"https:\/\/wienerhomepages-projekte.at\/1\/j-p-management\/wp-json\/wp\/v2\/pages\/7241\/revisions"}],"predecessor-version":[{"id":7813,"href":"https:\/\/wienerhomepages-projekte.at\/1\/j-p-management\/wp-json\/wp\/v2\/pages\/7241\/revisions\/7813"}],"up":[{"embeddable":true,"href":"https:\/\/wienerhomepages-projekte.at\/1\/j-p-management\/wp-json\/wp\/v2\/pages\/6283"}],"wp:attachment":[{"href":"https:\/\/wienerhomepages-projekte.at\/1\/j-p-management\/wp-json\/wp\/v2\/media?parent=7241"}],"curies":[{"name":"wp","href":"https:\/\/api.w.org\/{rel}","templated":true}]}}