{"id":6316,"date":"2022-10-26T14:10:47","date_gmt":"2022-10-26T12:10:47","guid":{"rendered":"https:\/\/wienerhomepages-projekte.at\/1\/j-p-management\/?page_id=6316"},"modified":"2025-08-01T13:25:46","modified_gmt":"2025-08-01T11:25:46","slug":"lehrgaenge-design-for-six-sigma","status":"publish","type":"page","link":"https:\/\/wienerhomepages-projekte.at\/1\/j-p-management\/akademie\/zertifizierte-lehrgaenge\/lehrgaenge-design-for-six-sigma\/","title":{"rendered":"Design for Six Sigma"},"content":{"rendered":"<p><div class=\"fusion-fullwidth fullwidth-box fusion-builder-row-1 fusion-flex-container nonhundred-percent-fullwidth non-hundred-percent-height-scrolling\" style=\"--awb-border-radius-top-left:0px;--awb-border-radius-top-right:0px;--awb-border-radius-bottom-right:0px;--awb-border-radius-bottom-left:0px;--awb-flex-wrap:wrap;\" ><div class=\"fusion-builder-row fusion-row fusion-flex-align-items-flex-start fusion-flex-content-wrap\" style=\"max-width:1216.8px;margin-left: calc(-4% \/ 2 );margin-right: calc(-4% \/ 2 );\"><div class=\"fusion-layout-column fusion_builder_column fusion-builder-column-0 fusion_builder_column_1_1 1_1 fusion-flex-column\" style=\"--awb-bg-size:cover;--awb-width-large:100%;--awb-margin-top-large:0px;--awb-spacing-right-large:1.92%;--awb-margin-bottom-large:20px;--awb-spacing-left-large:1.92%;--awb-width-medium:100%;--awb-order-medium:0;--awb-spacing-right-medium:1.92%;--awb-spacing-left-medium:1.92%;--awb-width-small:100%;--awb-order-small:0;--awb-spacing-right-small:1.92%;--awb-spacing-left-small:1.92%;\"><div class=\"fusion-column-wrapper fusion-column-has-shadow fusion-flex-justify-content-flex-start fusion-content-layout-column\"><div class=\"fusion-text fusion-text-1 fusion-text-no-margin\" style=\"--awb-margin-bottom:-20px;\"><p>Entscheidenden Anteil am Erfolg von Six Sigma haben die handelnden Personen. Zur Abwicklung der Verbesserungsprojekte sind in Six Sigma international weitestgehend standardisierte Rollen definiert, die von Mitarbeiterinnen und Mitarbeitern aus unterschiedlichsten Bereichen des Unternehmens zu besetzen sind. Die Rollen stehen f\u00fcr bestimmte Aufgaben in den Six Sigma-Projekten, f\u00fcr einen bestimmten Umfang an Kenntnissen und F\u00e4higkeiten und damit verbunden f\u00fcr ein definiertes Qualifizierungsprogramm.<\/p>\n<p>Die bekanntesten Rollen sind Yellow Belts, Green Belts und Black Belts. Je nach Aufgabenstellung werden die Mitarbeiterinnen und Mitarbeiter in diesen Rollen zur Abwicklung von Design for Six Sigma-Projekten ausgebildet.<\/p>\n<h3 class=\"\" data-fontsize=\"25\" data-lineheight=\"30px\"><img decoding=\"async\" class=\"lazyload size-full wp-image-5364 alignright\" src=\"data:image\/svg+xml,%3Csvg%20xmlns%3D%27http%3A%2F%2Fwww.w3.org%2F2000%2Fsvg%27%20width%3D%27150%27%20height%3D%2729%27%20viewBox%3D%270%200%20150%2029%27%3E%3Crect%20width%3D%27150%27%20height%3D%2729%27%20fill-opacity%3D%220%22%2F%3E%3C%2Fsvg%3E\" data-orig-src=\"https:\/\/wienerhomepages-projekte.at\/1\/j-p-management\/wp-content\/uploads\/images\/logos\/step-up.jpg\" alt=\"\" width=\"150\" height=\"29\" \/>In Kooperation mit\u00a0<a href=\"https:\/\/www.step-up.at\/\">StEP-Up<\/a> bieten wir folgende Design for Six Sigma-Belt-Qualifizierungen an:<\/h3>\n<\/div><\/div><\/div><\/div><\/div><div class=\"fusion-fullwidth fullwidth-box fusion-builder-row-2 fusion-flex-container nonhundred-percent-fullwidth non-hundred-percent-height-scrolling\" style=\"--awb-border-radius-top-left:0px;--awb-border-radius-top-right:0px;--awb-border-radius-bottom-right:0px;--awb-border-radius-bottom-left:0px;--awb-flex-wrap:wrap;\" ><div class=\"fusion-builder-row fusion-row fusion-flex-align-items-flex-start fusion-flex-content-wrap\" style=\"max-width:1216.8px;margin-left: calc(-4% \/ 2 );margin-right: calc(-4% \/ 2 );\"><div class=\"fusion-layout-column fusion_builder_column fusion-builder-column-1 fusion_builder_column_1_1 1_1 fusion-flex-column\" style=\"--awb-bg-size:cover;--awb-width-large:100%;--awb-margin-top-large:0px;--awb-spacing-right-large:1.92%;--awb-margin-bottom-large:20px;--awb-spacing-left-large:1.92%;--awb-width-medium:100%;--awb-order-medium:0;--awb-spacing-right-medium:1.92%;--awb-spacing-left-medium:1.92%;--awb-width-small:100%;--awb-order-small:0;--awb-spacing-right-small:1.92%;--awb-spacing-left-small:1.92%;\"><div class=\"fusion-column-wrapper fusion-column-has-shadow fusion-flex-justify-content-flex-start fusion-content-layout-column\"><div class=\"fusion-content-boxes content-boxes columns row fusion-columns-1 fusion-columns-total-3 fusion-content-boxes-1 content-boxes-icon-on-side content-left\" style=\"--awb-hover-accent-color:var(--awb-color4);--awb-circle-hover-accent-color:var(--awb-color4);--awb-item-margin-bottom:40px;\" data-animationOffset=\"top-into-view\"><div style=\"--awb-backgroundcolor:rgba(255,255,255,0);--awb-content-padding-left:148px;\" class=\"fusion-column content-box-column content-box-column content-box-column-1 col-lg-12 col-md-12 col-sm-12 fusion-content-box-hover content-box-column-last-in-row\"><div class=\"col content-box-wrapper content-wrapper link-area-link-icon link-type-text icon-hover-animation-fade\" data-animationOffset=\"top-into-view\"><div class=\"heading heading-with-icon icon-left\"><a class=\"heading-link\" href=\"https:\/\/www.step-up.at\/step-up-akademie\/lehrgang-design-for-six-sigma-yellow-belt\/\" target=\"_self\"><div aria-hidden=\"true\" class=\"image\"><img decoding=\"async\" class=\"lazyload\" src=\"data:image\/svg+xml,%3Csvg%20xmlns%3D%27http%3A%2F%2Fwww.w3.org%2F2000%2Fsvg%27%20width%3D%27128%27%20height%3D%2766%27%20viewBox%3D%270%200%20128%2066%27%3E%3Crect%20width%3D%27128%27%20height%3D%2766%27%20fill-opacity%3D%220%22%2F%3E%3C%2Fsvg%3E\" data-orig-src=\"https:\/\/wienerhomepages-projekte.at\/1\/j-p-management\/wp-content\/uploads\/images\/yellow-belt.jpg\" width=\"128\" height=\"66\" alt=\"\" \/><\/div><h2 class=\"content-box-heading fusion-responsive-typography-calculated\" style=\"--h2_typography-font-size:18px;--fontSize:18;line-height:var(--awb-typography1-line-height);padding-left:148px;\">Design for Six Sigma-Yellow Belts<\/h2><\/a><\/div><div class=\"fusion-clearfix\"><\/div><div class=\"content-container\">\n<p>Design for Six Sigma-Yellow Belts sind Fachexpertinnen bzw. Fachexperten, die ihr Wissen in die Findung konzeptionell neuer L\u00f6sungen einbringen. Sie verf\u00fcgen \u00fcber grundlegende Kenntnisse von Design for Six Sigma (Vorgehensweisen, Methoden) und wenden einige Methoden auch in der t\u00e4glichen Arbeit an.<\/p>\n<\/div><div class=\"fusion-clearfix\"><\/div><a class=\" fusion-read-more\" style=\"margin-left:148px;\" href=\"https:\/\/www.step-up.at\/step-up-akademie\/lehrgang-design-for-six-sigma-yellow-belt\/\" target=\"_self\">Zum Lehrgang<\/a><div class=\"fusion-clearfix\"><\/div><\/div><\/div><div style=\"--awb-backgroundcolor:rgba(255,255,255,0);--awb-content-padding-left:148px;\" class=\"fusion-column content-box-column content-box-column content-box-column-2 col-lg-12 col-md-12 col-sm-12 fusion-content-box-hover content-box-column-last-in-row\"><div class=\"col content-box-wrapper content-wrapper link-area-link-icon link-type-text icon-hover-animation-fade\" data-animationOffset=\"top-into-view\"><div class=\"heading heading-with-icon icon-left\"><a class=\"heading-link\" href=\"https:\/\/www.step-up.at\/step-up-akademie\/lehrgang-design-for-six-sigma-green-belt\/\" target=\"_self\"><div aria-hidden=\"true\" class=\"image\"><img decoding=\"async\" class=\"lazyload\" src=\"data:image\/svg+xml,%3Csvg%20xmlns%3D%27http%3A%2F%2Fwww.w3.org%2F2000%2Fsvg%27%20width%3D%27128%27%20height%3D%2766%27%20viewBox%3D%270%200%20128%2066%27%3E%3Crect%20width%3D%27128%27%20height%3D%2766%27%20fill-opacity%3D%220%22%2F%3E%3C%2Fsvg%3E\" data-orig-src=\"https:\/\/wienerhomepages-projekte.at\/1\/j-p-management\/wp-content\/uploads\/images\/green-belt.jpg\" width=\"128\" height=\"66\" alt=\"\" \/><\/div><h2 class=\"content-box-heading fusion-responsive-typography-calculated\" style=\"--h2_typography-font-size:18px;--fontSize:18;line-height:var(--awb-typography1-line-height);padding-left:148px;\">Design for Six Sigma-Green Belts<\/h2><\/a><\/div><div class=\"fusion-clearfix\"><\/div><div class=\"content-container\">\n<p>Design for Six Sigma-Green Belts sind Fachleute, die nachgewiesen haben, dass sie in der Lage sind, konzeptionell neue L\u00f6sungen mit einem Team von Fachexpertinnen und Fachexperten erfolgreich zu entwickeln. F\u00fcr Design for Six Sigma-Green Belts steht die Projektabwicklung nach dem PIDOV-Modell einschlie\u00dflich der Methodenanwendung im Zentrum.<\/p>\n<\/div><div class=\"fusion-clearfix\"><\/div><a class=\" fusion-read-more\" style=\"margin-left:148px;\" href=\"https:\/\/www.step-up.at\/step-up-akademie\/lehrgang-design-for-six-sigma-green-belt\/\" target=\"_self\">Zum Lehrgang<\/a><div class=\"fusion-clearfix\"><\/div><\/div><\/div><div style=\"--awb-backgroundcolor:rgba(255,255,255,0);--awb-content-padding-left:148px;\" class=\"fusion-column content-box-column content-box-column content-box-column-3 col-lg-12 col-md-12 col-sm-12 fusion-content-box-hover content-box-column-last content-box-column-last-in-row\"><div class=\"col content-box-wrapper content-wrapper link-area-link-icon link-type-text icon-hover-animation-fade\" data-animationOffset=\"top-into-view\"><div class=\"heading heading-with-icon icon-left\"><a class=\"heading-link\" href=\"https:\/\/www.step-up.at\/step-up-akademie\/lehrgang-design-for-six-sigma-black-belt\/\" target=\"_self\"><div aria-hidden=\"true\" class=\"image\"><img decoding=\"async\" class=\"lazyload\" src=\"data:image\/svg+xml,%3Csvg%20xmlns%3D%27http%3A%2F%2Fwww.w3.org%2F2000%2Fsvg%27%20width%3D%27128%27%20height%3D%2766%27%20viewBox%3D%270%200%20128%2066%27%3E%3Crect%20width%3D%27128%27%20height%3D%2766%27%20fill-opacity%3D%220%22%2F%3E%3C%2Fsvg%3E\" data-orig-src=\"https:\/\/wienerhomepages-projekte.at\/1\/j-p-management\/wp-content\/uploads\/images\/black-belt.jpg\" width=\"128\" height=\"66\" alt=\"\" \/><\/div><h2 class=\"content-box-heading fusion-responsive-typography-calculated\" style=\"--h2_typography-font-size:18px;--fontSize:18;line-height:var(--awb-typography1-line-height);padding-left:148px;\">Design for Six Sigma-Black Belts<\/h2><\/a><\/div><div class=\"fusion-clearfix\"><\/div><div class=\"content-container\">\n<p>Design for Six Sigma-Black Belts sind Fachleute, die nachgewiesen haben, dass sie in der Lage sind, konzeptionell neue L\u00f6sungen erfolgreich zu entwickeln, auch wenn die Bew\u00e4ltigung der Aufgabenstellung einen h\u00f6heren Methodenanspruch erfordert.<\/p>\n<\/div><div class=\"fusion-clearfix\"><\/div><a class=\" fusion-read-more\" style=\"margin-left:148px;\" href=\"https:\/\/www.step-up.at\/step-up-akademie\/lehrgang-design-for-six-sigma-black-belt\/\" target=\"_self\">Zum Lehrgang<\/a><div class=\"fusion-clearfix\"><\/div><\/div><\/div><div class=\"fusion-clearfix\"><\/div><\/div><\/div><\/div><\/div><\/div><\/p>\n","protected":false},"excerpt":{"rendered":"","protected":false},"author":2,"featured_media":0,"parent":6561,"menu_order":0,"comment_status":"closed","ping_status":"closed","template":"","meta":{"footnotes":""},"class_list":["post-6316","page","type-page","status-publish","hentry"],"yoast_head":"<!-- This site is optimized with the Yoast SEO plugin v27.2 - https:\/\/yoast.com\/product\/yoast-seo-wordpress\/ -->\n<title>Design for Six Sigma - j-p-management<\/title>\n<meta name=\"description\" content=\"Entscheidenden Anteil am Erfolg von Six Sigma haben die handelnden Personen. Zur Abwicklung der Verbesserungsprojekte sind in Six Sigma international weitestgehend standardisierte Rollen definiert, die von Mitarbeiterinnen und Mitarbeitern aus unterschiedlichsten Bereichen des Unternehmens zu besetzen sind. Die Rollen stehen f\u00fcr bestimmte Aufgaben in den Six Sigma-Projekten, f\u00fcr einen bestimmten Umfang an Kenntnissen und F\u00e4higkeiten und damit verbunden f\u00fcr ein definiertes Qualifizierungsprogramm.\" \/>\n<meta name=\"robots\" content=\"noindex, follow, max-snippet:-1, max-image-preview:large, max-video-preview:-1\" \/>\n<meta property=\"og:locale\" content=\"de_DE\" \/>\n<meta property=\"og:type\" content=\"article\" \/>\n<meta property=\"og:title\" content=\"Design for Six Sigma - j-p-management\" \/>\n<meta property=\"og:description\" content=\"Entscheidenden Anteil am Erfolg von Six Sigma haben die handelnden Personen. Zur Abwicklung der Verbesserungsprojekte sind in Six Sigma international weitestgehend standardisierte Rollen definiert, die von Mitarbeiterinnen und Mitarbeitern aus unterschiedlichsten Bereichen des Unternehmens zu besetzen sind. Die Rollen stehen f\u00fcr bestimmte Aufgaben in den Six Sigma-Projekten, f\u00fcr einen bestimmten Umfang an Kenntnissen und F\u00e4higkeiten und damit verbunden f\u00fcr ein definiertes Qualifizierungsprogramm.\" \/>\n<meta property=\"og:url\" content=\"https:\/\/wienerhomepages-projekte.at\/1\/j-p-management\/akademie\/zertifizierte-lehrgaenge\/lehrgaenge-design-for-six-sigma\/\" \/>\n<meta property=\"og:site_name\" content=\"j-p-management\" \/>\n<meta property=\"article:modified_time\" content=\"2025-08-01T11:25:46+00:00\" \/>\n<meta property=\"og:image\" content=\"https:\/\/wienerhomepages-projekte.at\/1\/j-p-management\/wp-content\/uploads\/images\/logos\/step-up.jpg\" \/>\n\t<meta property=\"og:image:width\" content=\"150\" \/>\n\t<meta property=\"og:image:height\" content=\"29\" \/>\n\t<meta property=\"og:image:type\" content=\"image\/jpeg\" \/>\n<meta name=\"twitter:card\" content=\"summary_large_image\" \/>\n<meta name=\"twitter:label1\" content=\"Gesch\u00e4tzte Lesezeit\" \/>\n\t<meta name=\"twitter:data1\" content=\"3\u00a0Minuten\" \/>\n<script type=\"application\/ld+json\" class=\"yoast-schema-graph\">{\"@context\":\"https:\/\/schema.org\",\"@graph\":[{\"@type\":\"WebPage\",\"@id\":\"https:\/\/wienerhomepages-projekte.at\/1\/j-p-management\/akademie\/zertifizierte-lehrgaenge\/lehrgaenge-design-for-six-sigma\/\",\"url\":\"https:\/\/wienerhomepages-projekte.at\/1\/j-p-management\/akademie\/zertifizierte-lehrgaenge\/lehrgaenge-design-for-six-sigma\/\",\"name\":\"Design for Six Sigma - j-p-management\",\"isPartOf\":{\"@id\":\"https:\/\/wienerhomepages-projekte.at\/1\/j-p-management\/#website\"},\"primaryImageOfPage\":{\"@id\":\"https:\/\/wienerhomepages-projekte.at\/1\/j-p-management\/akademie\/zertifizierte-lehrgaenge\/lehrgaenge-design-for-six-sigma\/#primaryimage\"},\"image\":{\"@id\":\"https:\/\/wienerhomepages-projekte.at\/1\/j-p-management\/akademie\/zertifizierte-lehrgaenge\/lehrgaenge-design-for-six-sigma\/#primaryimage\"},\"thumbnailUrl\":\"https:\/\/wienerhomepages-projekte.at\/1\/j-p-management\/wp-content\/uploads\/images\/logos\/step-up.jpg\",\"datePublished\":\"2022-10-26T12:10:47+00:00\",\"dateModified\":\"2025-08-01T11:25:46+00:00\",\"description\":\"Entscheidenden Anteil am Erfolg von Six Sigma haben die handelnden Personen. Zur Abwicklung der Verbesserungsprojekte sind in Six Sigma international weitestgehend standardisierte Rollen definiert, die von Mitarbeiterinnen und Mitarbeitern aus unterschiedlichsten Bereichen des Unternehmens zu besetzen sind. Die Rollen stehen f\u00fcr bestimmte Aufgaben in den Six Sigma-Projekten, f\u00fcr einen bestimmten Umfang an Kenntnissen und F\u00e4higkeiten und damit verbunden f\u00fcr ein definiertes Qualifizierungsprogramm.\",\"breadcrumb\":{\"@id\":\"https:\/\/wienerhomepages-projekte.at\/1\/j-p-management\/akademie\/zertifizierte-lehrgaenge\/lehrgaenge-design-for-six-sigma\/#breadcrumb\"},\"inLanguage\":\"de\",\"potentialAction\":[{\"@type\":\"ReadAction\",\"target\":[\"https:\/\/wienerhomepages-projekte.at\/1\/j-p-management\/akademie\/zertifizierte-lehrgaenge\/lehrgaenge-design-for-six-sigma\/\"]}]},{\"@type\":\"ImageObject\",\"inLanguage\":\"de\",\"@id\":\"https:\/\/wienerhomepages-projekte.at\/1\/j-p-management\/akademie\/zertifizierte-lehrgaenge\/lehrgaenge-design-for-six-sigma\/#primaryimage\",\"url\":\"https:\/\/wienerhomepages-projekte.at\/1\/j-p-management\/wp-content\/uploads\/images\/logos\/step-up.jpg\",\"contentUrl\":\"https:\/\/wienerhomepages-projekte.at\/1\/j-p-management\/wp-content\/uploads\/images\/logos\/step-up.jpg\",\"width\":150,\"height\":29},{\"@type\":\"BreadcrumbList\",\"@id\":\"https:\/\/wienerhomepages-projekte.at\/1\/j-p-management\/akademie\/zertifizierte-lehrgaenge\/lehrgaenge-design-for-six-sigma\/#breadcrumb\",\"itemListElement\":[{\"@type\":\"ListItem\",\"position\":1,\"name\":\"Startseite\",\"item\":\"https:\/\/wienerhomepages-projekte.at\/1\/j-p-management\/\"},{\"@type\":\"ListItem\",\"position\":2,\"name\":\"Akademie\",\"item\":\"https:\/\/wienerhomepages-projekte.at\/1\/j-p-management\/akademie\/\"},{\"@type\":\"ListItem\",\"position\":3,\"name\":\"Zertifizierte Lehrg\u00e4nge\",\"item\":\"https:\/\/wienerhomepages-projekte.at\/1\/j-p-management\/akademie\/zertifizierte-lehrgaenge\/\"},{\"@type\":\"ListItem\",\"position\":4,\"name\":\"Design for Six Sigma\"}]},{\"@type\":\"WebSite\",\"@id\":\"https:\/\/wienerhomepages-projekte.at\/1\/j-p-management\/#website\",\"url\":\"https:\/\/wienerhomepages-projekte.at\/1\/j-p-management\/\",\"name\":\"j-p-management\",\"description\":\"\",\"potentialAction\":[{\"@type\":\"SearchAction\",\"target\":{\"@type\":\"EntryPoint\",\"urlTemplate\":\"https:\/\/wienerhomepages-projekte.at\/1\/j-p-management\/?s={search_term_string}\"},\"query-input\":{\"@type\":\"PropertyValueSpecification\",\"valueRequired\":true,\"valueName\":\"search_term_string\"}}],\"inLanguage\":\"de\"}]}<\/script>\n<!-- \/ Yoast SEO plugin. -->","yoast_head_json":{"title":"Design for Six Sigma - j-p-management","description":"Entscheidenden Anteil am Erfolg von Six Sigma haben die handelnden Personen. Zur Abwicklung der Verbesserungsprojekte sind in Six Sigma international weitestgehend standardisierte Rollen definiert, die von Mitarbeiterinnen und Mitarbeitern aus unterschiedlichsten Bereichen des Unternehmens zu besetzen sind. Die Rollen stehen f\u00fcr bestimmte Aufgaben in den Six Sigma-Projekten, f\u00fcr einen bestimmten Umfang an Kenntnissen und F\u00e4higkeiten und damit verbunden f\u00fcr ein definiertes Qualifizierungsprogramm.","robots":{"index":"noindex","follow":"follow","max-snippet":"max-snippet:-1","max-image-preview":"max-image-preview:large","max-video-preview":"max-video-preview:-1"},"og_locale":"de_DE","og_type":"article","og_title":"Design for Six Sigma - j-p-management","og_description":"Entscheidenden Anteil am Erfolg von Six Sigma haben die handelnden Personen. Zur Abwicklung der Verbesserungsprojekte sind in Six Sigma international weitestgehend standardisierte Rollen definiert, die von Mitarbeiterinnen und Mitarbeitern aus unterschiedlichsten Bereichen des Unternehmens zu besetzen sind. Die Rollen stehen f\u00fcr bestimmte Aufgaben in den Six Sigma-Projekten, f\u00fcr einen bestimmten Umfang an Kenntnissen und F\u00e4higkeiten und damit verbunden f\u00fcr ein definiertes Qualifizierungsprogramm.","og_url":"https:\/\/wienerhomepages-projekte.at\/1\/j-p-management\/akademie\/zertifizierte-lehrgaenge\/lehrgaenge-design-for-six-sigma\/","og_site_name":"j-p-management","article_modified_time":"2025-08-01T11:25:46+00:00","og_image":[{"width":150,"height":29,"url":"https:\/\/wienerhomepages-projekte.at\/1\/j-p-management\/wp-content\/uploads\/images\/logos\/step-up.jpg","type":"image\/jpeg"}],"twitter_card":"summary_large_image","twitter_misc":{"Gesch\u00e4tzte Lesezeit":"3\u00a0Minuten"},"schema":{"@context":"https:\/\/schema.org","@graph":[{"@type":"WebPage","@id":"https:\/\/wienerhomepages-projekte.at\/1\/j-p-management\/akademie\/zertifizierte-lehrgaenge\/lehrgaenge-design-for-six-sigma\/","url":"https:\/\/wienerhomepages-projekte.at\/1\/j-p-management\/akademie\/zertifizierte-lehrgaenge\/lehrgaenge-design-for-six-sigma\/","name":"Design for Six Sigma - j-p-management","isPartOf":{"@id":"https:\/\/wienerhomepages-projekte.at\/1\/j-p-management\/#website"},"primaryImageOfPage":{"@id":"https:\/\/wienerhomepages-projekte.at\/1\/j-p-management\/akademie\/zertifizierte-lehrgaenge\/lehrgaenge-design-for-six-sigma\/#primaryimage"},"image":{"@id":"https:\/\/wienerhomepages-projekte.at\/1\/j-p-management\/akademie\/zertifizierte-lehrgaenge\/lehrgaenge-design-for-six-sigma\/#primaryimage"},"thumbnailUrl":"https:\/\/wienerhomepages-projekte.at\/1\/j-p-management\/wp-content\/uploads\/images\/logos\/step-up.jpg","datePublished":"2022-10-26T12:10:47+00:00","dateModified":"2025-08-01T11:25:46+00:00","description":"Entscheidenden Anteil am Erfolg von Six Sigma haben die handelnden Personen. Zur Abwicklung der Verbesserungsprojekte sind in Six Sigma international weitestgehend standardisierte Rollen definiert, die von Mitarbeiterinnen und Mitarbeitern aus unterschiedlichsten Bereichen des Unternehmens zu besetzen sind. Die Rollen stehen f\u00fcr bestimmte Aufgaben in den Six Sigma-Projekten, f\u00fcr einen bestimmten Umfang an Kenntnissen und F\u00e4higkeiten und damit verbunden f\u00fcr ein definiertes Qualifizierungsprogramm.","breadcrumb":{"@id":"https:\/\/wienerhomepages-projekte.at\/1\/j-p-management\/akademie\/zertifizierte-lehrgaenge\/lehrgaenge-design-for-six-sigma\/#breadcrumb"},"inLanguage":"de","potentialAction":[{"@type":"ReadAction","target":["https:\/\/wienerhomepages-projekte.at\/1\/j-p-management\/akademie\/zertifizierte-lehrgaenge\/lehrgaenge-design-for-six-sigma\/"]}]},{"@type":"ImageObject","inLanguage":"de","@id":"https:\/\/wienerhomepages-projekte.at\/1\/j-p-management\/akademie\/zertifizierte-lehrgaenge\/lehrgaenge-design-for-six-sigma\/#primaryimage","url":"https:\/\/wienerhomepages-projekte.at\/1\/j-p-management\/wp-content\/uploads\/images\/logos\/step-up.jpg","contentUrl":"https:\/\/wienerhomepages-projekte.at\/1\/j-p-management\/wp-content\/uploads\/images\/logos\/step-up.jpg","width":150,"height":29},{"@type":"BreadcrumbList","@id":"https:\/\/wienerhomepages-projekte.at\/1\/j-p-management\/akademie\/zertifizierte-lehrgaenge\/lehrgaenge-design-for-six-sigma\/#breadcrumb","itemListElement":[{"@type":"ListItem","position":1,"name":"Startseite","item":"https:\/\/wienerhomepages-projekte.at\/1\/j-p-management\/"},{"@type":"ListItem","position":2,"name":"Akademie","item":"https:\/\/wienerhomepages-projekte.at\/1\/j-p-management\/akademie\/"},{"@type":"ListItem","position":3,"name":"Zertifizierte Lehrg\u00e4nge","item":"https:\/\/wienerhomepages-projekte.at\/1\/j-p-management\/akademie\/zertifizierte-lehrgaenge\/"},{"@type":"ListItem","position":4,"name":"Design for Six Sigma"}]},{"@type":"WebSite","@id":"https:\/\/wienerhomepages-projekte.at\/1\/j-p-management\/#website","url":"https:\/\/wienerhomepages-projekte.at\/1\/j-p-management\/","name":"j-p-management","description":"","potentialAction":[{"@type":"SearchAction","target":{"@type":"EntryPoint","urlTemplate":"https:\/\/wienerhomepages-projekte.at\/1\/j-p-management\/?s={search_term_string}"},"query-input":{"@type":"PropertyValueSpecification","valueRequired":true,"valueName":"search_term_string"}}],"inLanguage":"de"}]}},"_links":{"self":[{"href":"https:\/\/wienerhomepages-projekte.at\/1\/j-p-management\/wp-json\/wp\/v2\/pages\/6316","targetHints":{"allow":["GET"]}}],"collection":[{"href":"https:\/\/wienerhomepages-projekte.at\/1\/j-p-management\/wp-json\/wp\/v2\/pages"}],"about":[{"href":"https:\/\/wienerhomepages-projekte.at\/1\/j-p-management\/wp-json\/wp\/v2\/types\/page"}],"author":[{"embeddable":true,"href":"https:\/\/wienerhomepages-projekte.at\/1\/j-p-management\/wp-json\/wp\/v2\/users\/2"}],"replies":[{"embeddable":true,"href":"https:\/\/wienerhomepages-projekte.at\/1\/j-p-management\/wp-json\/wp\/v2\/comments?post=6316"}],"version-history":[{"count":6,"href":"https:\/\/wienerhomepages-projekte.at\/1\/j-p-management\/wp-json\/wp\/v2\/pages\/6316\/revisions"}],"predecessor-version":[{"id":7976,"href":"https:\/\/wienerhomepages-projekte.at\/1\/j-p-management\/wp-json\/wp\/v2\/pages\/6316\/revisions\/7976"}],"up":[{"embeddable":true,"href":"https:\/\/wienerhomepages-projekte.at\/1\/j-p-management\/wp-json\/wp\/v2\/pages\/6561"}],"wp:attachment":[{"href":"https:\/\/wienerhomepages-projekte.at\/1\/j-p-management\/wp-json\/wp\/v2\/media?parent=6316"}],"curies":[{"name":"wp","href":"https:\/\/api.w.org\/{rel}","templated":true}]}}