{"id":6053,"date":"2022-08-16T14:14:38","date_gmt":"2022-08-16T12:14:38","guid":{"rendered":"https:\/\/wienerhomepages-projekte.at\/1\/j-p-management\/?page_id=6053"},"modified":"2023-02-14T13:47:16","modified_gmt":"2023-02-14T12:47:16","slug":"universitaetslehrgang-lean-operations-management","status":"publish","type":"page","link":"https:\/\/wienerhomepages-projekte.at\/1\/j-p-management\/akademie\/universitaetslehrgang-lean-operations-management\/","title":{"rendered":"Universit\u00e4tslehrgang &#8222;Lean Operations Management&#8220;"},"content":{"rendered":"<div class=\"fusion-fullwidth fullwidth-box fusion-builder-row-1 fusion-flex-container nonhundred-percent-fullwidth non-hundred-percent-height-scrolling\" style=\"--awb-border-radius-top-left:0px;--awb-border-radius-top-right:0px;--awb-border-radius-bottom-right:0px;--awb-border-radius-bottom-left:0px;--awb-flex-wrap:wrap;\" ><div class=\"fusion-builder-row fusion-row fusion-flex-align-items-flex-start fusion-flex-content-wrap\" style=\"max-width:1216.8px;margin-left: calc(-4% \/ 2 );margin-right: calc(-4% \/ 2 );\"><div class=\"fusion-layout-column fusion_builder_column fusion-builder-column-0 fusion_builder_column_1_1 1_1 fusion-flex-column\" style=\"--awb-bg-size:cover;--awb-width-large:100%;--awb-margin-top-large:0px;--awb-spacing-right-large:1.92%;--awb-margin-bottom-large:20px;--awb-spacing-left-large:1.92%;--awb-width-medium:100%;--awb-order-medium:0;--awb-spacing-right-medium:1.92%;--awb-spacing-left-medium:1.92%;--awb-width-small:100%;--awb-order-small:0;--awb-spacing-right-small:1.92%;--awb-spacing-left-small:1.92%;\"><div class=\"fusion-column-wrapper fusion-column-has-shadow fusion-flex-justify-content-flex-start fusion-content-layout-column\"><div class=\"fusion-text fusion-text-1\"><p><a href=\"https:\/\/wienerhomepages-projekte.at\/1\/j-p-management\/wp-content\/uploads\/folder\/folder_lom_duk.pdf\"><img decoding=\"async\" class=\"lazyload alignright wp-image-6056 size-fusion-200\" src=\"https:\/\/wienerhomepages-projekte.at\/1\/j-p-management\/wp-content\/uploads\/images\/cover\/folder_lom_duk-200x283.jpg\" data-orig-src=\"https:\/\/wienerhomepages-projekte.at\/1\/j-p-management\/wp-content\/uploads\/images\/cover\/folder_lom_duk-200x283.jpg\" alt=\"\" width=\"200\" height=\"283\" srcset=\"data:image\/svg+xml,%3Csvg%20xmlns%3D%27http%3A%2F%2Fwww.w3.org%2F2000%2Fsvg%27%20width%3D%27200%27%20height%3D%27283%27%20viewBox%3D%270%200%20200%20283%27%3E%3Crect%20width%3D%27200%27%20height%3D%27283%27%20fill-opacity%3D%220%22%2F%3E%3C%2Fsvg%3E\" data-srcset=\"https:\/\/wienerhomepages-projekte.at\/1\/j-p-management\/wp-content\/uploads\/images\/cover\/folder_lom_duk-200x283.jpg 200w, https:\/\/wienerhomepages-projekte.at\/1\/j-p-management\/wp-content\/uploads\/images\/cover\/folder_lom_duk-212x300.jpg 212w, https:\/\/wienerhomepages-projekte.at\/1\/j-p-management\/wp-content\/uploads\/images\/cover\/folder_lom_duk.jpg 300w\" data-sizes=\"auto\" data-orig-sizes=\"(max-width: 200px) 100vw, 200px\" \/><\/a>Lean Management ist in den letzten Jahrzehnten zu einem zentralen Thema geworden, wenn es um nachhaltige Wettbewerbsf\u00e4higkeit geht. Mit verschwendungsfreien und ausgeglichenen Prozessen werden ohne \u00dcberlastung der Kapazit\u00e4ten im Kundentakt Produkte produziert bzw. Dienstleistungen erbracht, die die Kunden begeistern. Eine Unternehmenskultur, die sicherstellt, dass alle F\u00fchrungskr\u00e4fte sowie alle Mitarbeiterinnen und Mitarbeiter in die Gestaltung und kontinuierliche Verbesserung der Prozesse einbezogen werden, sorgt f\u00fcr die im heutigen Wettbewerbsumfeld notwendige Agilit\u00e4t.<\/p>\n<p>Um Personen zur nachhaltigen Verankerung von Lean Management in Unternehmen zu qualifizieren, bietet die\u00a0<a href=\"https:\/\/www.donau-uni.ac.at\/\">Universit\u00e4t f\u00fcr Weiterbildung Krems<\/a> in Kooperation mit <a href=\"https:\/\/www.step-up.at\">StEP-Up<\/a> den<\/p>\n<h3>Universit\u00e4tslehrgang \u201eLean Operations Management MSc\u201c<\/h3>\n<p>an. Dieser von StEP-Up und der Universit\u00e4t f\u00fcr Weiterbildung Krems bereits 2008 gemeinsam entwickelte und 2009 erstmalig gestartete Universit\u00e4tslehrgang war das erste universit\u00e4re Bildungsangebot zu diesem Thema im deutschsprachigen Raum. StEP-Up tr\u00e4gt die fachliche Verantwortung f\u00fcr dieses Studium, stellt die Vortragenden und entwickelt den Universit\u00e4tslehrgang kontinuierlich weiter. Jung + Partner Management GmbH ist mit einer Reihe von Referentinnen \/ Referenten in der Lehre vertreten.<\/p>\n<p>In diesem Lehrgang lernen die Studierenden in der Praxis erprobte Theorien, Konzepte, Methoden und L\u00f6sungen von Lean Operations Management kennen. Sie werden in die Lage versetzt, das erworbene Wissen unternehmensspezifisch anzuwenden, um so f\u00fcr ihr Unternehmen geeignete L\u00f6sungen zu entwickeln. Weiters verf\u00fcgen sie \u00fcber die erforderlichen F\u00e4higkeiten zur nachhaltigen Verankerung einer F\u00fchrungskultur, die den Lean Leadership-Prinzipien Rechnung tr\u00e4gt. Au\u00dferdem erkennen sie die durch Digitalisierung entstehenden M\u00f6glichkeiten in Bezug auf die Optimierung ihrer Prozesse.<\/p>\n<p>Der Universit\u00e4tslehrgang dauert vier Semester und ist berufsbegleitend organisiert. Er besteht aus zehn Modulen mit praxisorientierten Modularbeiten sowie einer Master Thesis und schlie\u00dft mit dem akademischen Grad \u201eMaster of Science (MSc)\u201c ab.<\/p>\n<p>Zielgruppe sind leitende Mitarbeiterinnen und Mitarbeiter sowie Nachwuchsf\u00fchrungskr\u00e4fte aus produzierenden Unternehmen.<\/p>\n<p>Details zum Masterstudium entnehmen Sie bitte dem\u00a0<a href=\"https:\/\/wienerhomepages-projekte.at\/1\/j-p-management\/wp-content\/uploads\/folder\/folder_lom_duk.pdf\">Lehrgangsfolder<\/a>\u00a0sowie der\u00a0<a href=\"https:\/\/www.donau-uni.ac.at\/de\/studium\/lean-operations-management.html\">Lehrgangsseite<\/a>.<\/p>\n<p><b><a href=\"https:\/\/www.step-up.at\/ueber-uns\/mitglieder\/\">Mitglieder von StEP-Up<\/a>\u00a0erhalten einen Preisnachlass von 10 % auf die Studiengeb\u00fchr!<\/b><\/p>\n<\/div><\/div><\/div><\/div><\/div>\n","protected":false},"excerpt":{"rendered":"","protected":false},"author":2,"featured_media":0,"parent":6283,"menu_order":0,"comment_status":"closed","ping_status":"closed","template":"","meta":{"footnotes":""},"class_list":["post-6053","page","type-page","status-publish","hentry"],"yoast_head":"<!-- This site is optimized with the Yoast SEO plugin v27.2 - https:\/\/yoast.com\/product\/yoast-seo-wordpress\/ -->\n<title>Universit\u00e4tslehrgang &quot;Lean Operations Management&quot; - j-p-management<\/title>\n<meta name=\"robots\" content=\"noindex, follow, max-snippet:-1, max-image-preview:large, max-video-preview:-1\" \/>\n<meta property=\"og:locale\" content=\"de_DE\" \/>\n<meta property=\"og:type\" content=\"article\" \/>\n<meta property=\"og:title\" content=\"Universit\u00e4tslehrgang &quot;Lean Operations Management&quot; - j-p-management\" \/>\n<meta property=\"og:url\" content=\"https:\/\/wienerhomepages-projekte.at\/1\/j-p-management\/akademie\/universitaetslehrgang-lean-operations-management\/\" \/>\n<meta property=\"og:site_name\" content=\"j-p-management\" \/>\n<meta property=\"article:modified_time\" content=\"2023-02-14T12:47:16+00:00\" \/>\n<meta property=\"og:image\" content=\"https:\/\/wienerhomepages-projekte.at\/1\/j-p-management\/wp-content\/uploads\/images\/cover\/folder_lom_duk-200x283.jpg\" \/>\n<meta name=\"twitter:card\" content=\"summary_large_image\" \/>\n<meta name=\"twitter:label1\" content=\"Gesch\u00e4tzte Lesezeit\" \/>\n\t<meta name=\"twitter:data1\" content=\"3\u00a0Minuten\" \/>\n<script type=\"application\/ld+json\" class=\"yoast-schema-graph\">{\"@context\":\"https:\/\/schema.org\",\"@graph\":[{\"@type\":\"WebPage\",\"@id\":\"https:\/\/wienerhomepages-projekte.at\/1\/j-p-management\/akademie\/universitaetslehrgang-lean-operations-management\/\",\"url\":\"https:\/\/wienerhomepages-projekte.at\/1\/j-p-management\/akademie\/universitaetslehrgang-lean-operations-management\/\",\"name\":\"Universit\u00e4tslehrgang \\\"Lean Operations Management\\\" - j-p-management\",\"isPartOf\":{\"@id\":\"https:\/\/wienerhomepages-projekte.at\/1\/j-p-management\/#website\"},\"primaryImageOfPage\":{\"@id\":\"https:\/\/wienerhomepages-projekte.at\/1\/j-p-management\/akademie\/universitaetslehrgang-lean-operations-management\/#primaryimage\"},\"image\":{\"@id\":\"https:\/\/wienerhomepages-projekte.at\/1\/j-p-management\/akademie\/universitaetslehrgang-lean-operations-management\/#primaryimage\"},\"thumbnailUrl\":\"https:\/\/wienerhomepages-projekte.at\/1\/j-p-management\/wp-content\/uploads\/images\/cover\/folder_lom_duk-200x283.jpg\",\"datePublished\":\"2022-08-16T12:14:38+00:00\",\"dateModified\":\"2023-02-14T12:47:16+00:00\",\"breadcrumb\":{\"@id\":\"https:\/\/wienerhomepages-projekte.at\/1\/j-p-management\/akademie\/universitaetslehrgang-lean-operations-management\/#breadcrumb\"},\"inLanguage\":\"de\",\"potentialAction\":[{\"@type\":\"ReadAction\",\"target\":[\"https:\/\/wienerhomepages-projekte.at\/1\/j-p-management\/akademie\/universitaetslehrgang-lean-operations-management\/\"]}]},{\"@type\":\"ImageObject\",\"inLanguage\":\"de\",\"@id\":\"https:\/\/wienerhomepages-projekte.at\/1\/j-p-management\/akademie\/universitaetslehrgang-lean-operations-management\/#primaryimage\",\"url\":\"https:\/\/wienerhomepages-projekte.at\/1\/j-p-management\/wp-content\/uploads\/images\/cover\/folder_lom_duk.jpg\",\"contentUrl\":\"https:\/\/wienerhomepages-projekte.at\/1\/j-p-management\/wp-content\/uploads\/images\/cover\/folder_lom_duk.jpg\",\"width\":300,\"height\":424},{\"@type\":\"BreadcrumbList\",\"@id\":\"https:\/\/wienerhomepages-projekte.at\/1\/j-p-management\/akademie\/universitaetslehrgang-lean-operations-management\/#breadcrumb\",\"itemListElement\":[{\"@type\":\"ListItem\",\"position\":1,\"name\":\"Startseite\",\"item\":\"https:\/\/wienerhomepages-projekte.at\/1\/j-p-management\/\"},{\"@type\":\"ListItem\",\"position\":2,\"name\":\"Akademie\",\"item\":\"https:\/\/wienerhomepages-projekte.at\/1\/j-p-management\/akademie\/\"},{\"@type\":\"ListItem\",\"position\":3,\"name\":\"Universit\u00e4tslehrgang &#8222;Lean Operations Management&#8220;\"}]},{\"@type\":\"WebSite\",\"@id\":\"https:\/\/wienerhomepages-projekte.at\/1\/j-p-management\/#website\",\"url\":\"https:\/\/wienerhomepages-projekte.at\/1\/j-p-management\/\",\"name\":\"j-p-management\",\"description\":\"\",\"potentialAction\":[{\"@type\":\"SearchAction\",\"target\":{\"@type\":\"EntryPoint\",\"urlTemplate\":\"https:\/\/wienerhomepages-projekte.at\/1\/j-p-management\/?s={search_term_string}\"},\"query-input\":{\"@type\":\"PropertyValueSpecification\",\"valueRequired\":true,\"valueName\":\"search_term_string\"}}],\"inLanguage\":\"de\"}]}<\/script>\n<!-- \/ Yoast SEO plugin. -->","yoast_head_json":{"title":"Universit\u00e4tslehrgang \"Lean Operations Management\" - j-p-management","robots":{"index":"noindex","follow":"follow","max-snippet":"max-snippet:-1","max-image-preview":"max-image-preview:large","max-video-preview":"max-video-preview:-1"},"og_locale":"de_DE","og_type":"article","og_title":"Universit\u00e4tslehrgang \"Lean Operations Management\" - j-p-management","og_url":"https:\/\/wienerhomepages-projekte.at\/1\/j-p-management\/akademie\/universitaetslehrgang-lean-operations-management\/","og_site_name":"j-p-management","article_modified_time":"2023-02-14T12:47:16+00:00","og_image":[{"url":"https:\/\/wienerhomepages-projekte.at\/1\/j-p-management\/wp-content\/uploads\/images\/cover\/folder_lom_duk-200x283.jpg","type":"","width":"","height":""}],"twitter_card":"summary_large_image","twitter_misc":{"Gesch\u00e4tzte Lesezeit":"3\u00a0Minuten"},"schema":{"@context":"https:\/\/schema.org","@graph":[{"@type":"WebPage","@id":"https:\/\/wienerhomepages-projekte.at\/1\/j-p-management\/akademie\/universitaetslehrgang-lean-operations-management\/","url":"https:\/\/wienerhomepages-projekte.at\/1\/j-p-management\/akademie\/universitaetslehrgang-lean-operations-management\/","name":"Universit\u00e4tslehrgang \"Lean Operations Management\" - j-p-management","isPartOf":{"@id":"https:\/\/wienerhomepages-projekte.at\/1\/j-p-management\/#website"},"primaryImageOfPage":{"@id":"https:\/\/wienerhomepages-projekte.at\/1\/j-p-management\/akademie\/universitaetslehrgang-lean-operations-management\/#primaryimage"},"image":{"@id":"https:\/\/wienerhomepages-projekte.at\/1\/j-p-management\/akademie\/universitaetslehrgang-lean-operations-management\/#primaryimage"},"thumbnailUrl":"https:\/\/wienerhomepages-projekte.at\/1\/j-p-management\/wp-content\/uploads\/images\/cover\/folder_lom_duk-200x283.jpg","datePublished":"2022-08-16T12:14:38+00:00","dateModified":"2023-02-14T12:47:16+00:00","breadcrumb":{"@id":"https:\/\/wienerhomepages-projekte.at\/1\/j-p-management\/akademie\/universitaetslehrgang-lean-operations-management\/#breadcrumb"},"inLanguage":"de","potentialAction":[{"@type":"ReadAction","target":["https:\/\/wienerhomepages-projekte.at\/1\/j-p-management\/akademie\/universitaetslehrgang-lean-operations-management\/"]}]},{"@type":"ImageObject","inLanguage":"de","@id":"https:\/\/wienerhomepages-projekte.at\/1\/j-p-management\/akademie\/universitaetslehrgang-lean-operations-management\/#primaryimage","url":"https:\/\/wienerhomepages-projekte.at\/1\/j-p-management\/wp-content\/uploads\/images\/cover\/folder_lom_duk.jpg","contentUrl":"https:\/\/wienerhomepages-projekte.at\/1\/j-p-management\/wp-content\/uploads\/images\/cover\/folder_lom_duk.jpg","width":300,"height":424},{"@type":"BreadcrumbList","@id":"https:\/\/wienerhomepages-projekte.at\/1\/j-p-management\/akademie\/universitaetslehrgang-lean-operations-management\/#breadcrumb","itemListElement":[{"@type":"ListItem","position":1,"name":"Startseite","item":"https:\/\/wienerhomepages-projekte.at\/1\/j-p-management\/"},{"@type":"ListItem","position":2,"name":"Akademie","item":"https:\/\/wienerhomepages-projekte.at\/1\/j-p-management\/akademie\/"},{"@type":"ListItem","position":3,"name":"Universit\u00e4tslehrgang &#8222;Lean Operations Management&#8220;"}]},{"@type":"WebSite","@id":"https:\/\/wienerhomepages-projekte.at\/1\/j-p-management\/#website","url":"https:\/\/wienerhomepages-projekte.at\/1\/j-p-management\/","name":"j-p-management","description":"","potentialAction":[{"@type":"SearchAction","target":{"@type":"EntryPoint","urlTemplate":"https:\/\/wienerhomepages-projekte.at\/1\/j-p-management\/?s={search_term_string}"},"query-input":{"@type":"PropertyValueSpecification","valueRequired":true,"valueName":"search_term_string"}}],"inLanguage":"de"}]}},"_links":{"self":[{"href":"https:\/\/wienerhomepages-projekte.at\/1\/j-p-management\/wp-json\/wp\/v2\/pages\/6053","targetHints":{"allow":["GET"]}}],"collection":[{"href":"https:\/\/wienerhomepages-projekte.at\/1\/j-p-management\/wp-json\/wp\/v2\/pages"}],"about":[{"href":"https:\/\/wienerhomepages-projekte.at\/1\/j-p-management\/wp-json\/wp\/v2\/types\/page"}],"author":[{"embeddable":true,"href":"https:\/\/wienerhomepages-projekte.at\/1\/j-p-management\/wp-json\/wp\/v2\/users\/2"}],"replies":[{"embeddable":true,"href":"https:\/\/wienerhomepages-projekte.at\/1\/j-p-management\/wp-json\/wp\/v2\/comments?post=6053"}],"version-history":[{"count":8,"href":"https:\/\/wienerhomepages-projekte.at\/1\/j-p-management\/wp-json\/wp\/v2\/pages\/6053\/revisions"}],"predecessor-version":[{"id":7784,"href":"https:\/\/wienerhomepages-projekte.at\/1\/j-p-management\/wp-json\/wp\/v2\/pages\/6053\/revisions\/7784"}],"up":[{"embeddable":true,"href":"https:\/\/wienerhomepages-projekte.at\/1\/j-p-management\/wp-json\/wp\/v2\/pages\/6283"}],"wp:attachment":[{"href":"https:\/\/wienerhomepages-projekte.at\/1\/j-p-management\/wp-json\/wp\/v2\/media?parent=6053"}],"curies":[{"name":"wp","href":"https:\/\/api.w.org\/{rel}","templated":true}]}}