{"id":5937,"date":"2022-08-08T16:43:19","date_gmt":"2022-08-08T14:43:19","guid":{"rendered":"https:\/\/wienerhomepages-projekte.at\/1\/j-p-management\/?page_id=5937"},"modified":"2025-07-31T13:53:24","modified_gmt":"2025-07-31T11:53:24","slug":"qualitaetstechnische-methoden","status":"publish","type":"page","link":"https:\/\/wienerhomepages-projekte.at\/1\/j-p-management\/akademie\/trainings\/qualitaetsmanagement\/qualitaetstechnische-methoden\/","title":{"rendered":"Qualit\u00e4tstechnische Methoden zur Produkt- und Prozessoptimierung"},"content":{"rendered":"","protected":false},"excerpt":{"rendered":"","protected":false},"author":2,"featured_media":0,"parent":5916,"menu_order":0,"comment_status":"closed","ping_status":"closed","template":"templates\/tpl-produktentwicklung-produktoptimierung-prozessentwicklung-prozessoptimierung.php","meta":{"footnotes":""},"class_list":["post-5937","page","type-page","status-publish","hentry"],"yoast_head":"<!-- This site is optimized with the Yoast SEO plugin v27.2 - https:\/\/yoast.com\/product\/yoast-seo-wordpress\/ -->\n<title>Qualit\u00e4tstechnische Methoden zur Produkt- und Prozessoptimierung - j-p-management<\/title>\n<meta name=\"description\" content=\"Qualit\u00e4tstechnische Methoden zur Produkt- und Prozessoptimierung - FMEA, Poka Yoke, MSA, Ma\u00df-, Form und Lagetolerierung, SPC,\" \/>\n<meta name=\"robots\" content=\"noindex, follow, max-snippet:-1, max-image-preview:large, max-video-preview:-1\" \/>\n<meta property=\"og:locale\" content=\"de_DE\" \/>\n<meta property=\"og:type\" content=\"article\" \/>\n<meta property=\"og:title\" content=\"Qualit\u00e4tstechnische Methoden zur Produkt- und Prozessoptimierung - j-p-management\" \/>\n<meta property=\"og:description\" content=\"Qualit\u00e4tstechnische Methoden zur Produkt- und Prozessoptimierung - FMEA, Poka Yoke, MSA, Ma\u00df-, Form und Lagetolerierung, SPC,\" \/>\n<meta property=\"og:url\" content=\"https:\/\/wienerhomepages-projekte.at\/1\/j-p-management\/akademie\/trainings\/qualitaetsmanagement\/qualitaetstechnische-methoden\/\" \/>\n<meta property=\"og:site_name\" content=\"j-p-management\" \/>\n<meta property=\"article:modified_time\" content=\"2025-07-31T11:53:24+00:00\" \/>\n<meta name=\"twitter:card\" content=\"summary_large_image\" \/>\n<script type=\"application\/ld+json\" class=\"yoast-schema-graph\">{\"@context\":\"https:\/\/schema.org\",\"@graph\":[{\"@type\":\"WebPage\",\"@id\":\"https:\/\/wienerhomepages-projekte.at\/1\/j-p-management\/akademie\/trainings\/qualitaetsmanagement\/qualitaetstechnische-methoden\/\",\"url\":\"https:\/\/wienerhomepages-projekte.at\/1\/j-p-management\/akademie\/trainings\/qualitaetsmanagement\/qualitaetstechnische-methoden\/\",\"name\":\"Qualit\u00e4tstechnische Methoden zur Produkt- und Prozessoptimierung - j-p-management\",\"isPartOf\":{\"@id\":\"https:\/\/wienerhomepages-projekte.at\/1\/j-p-management\/#website\"},\"datePublished\":\"2022-08-08T14:43:19+00:00\",\"dateModified\":\"2025-07-31T11:53:24+00:00\",\"description\":\"Qualit\u00e4tstechnische Methoden zur Produkt- und Prozessoptimierung - FMEA, Poka Yoke, MSA, Ma\u00df-, Form und Lagetolerierung, SPC,\",\"breadcrumb\":{\"@id\":\"https:\/\/wienerhomepages-projekte.at\/1\/j-p-management\/akademie\/trainings\/qualitaetsmanagement\/qualitaetstechnische-methoden\/#breadcrumb\"},\"inLanguage\":\"de\",\"potentialAction\":[{\"@type\":\"ReadAction\",\"target\":[\"https:\/\/wienerhomepages-projekte.at\/1\/j-p-management\/akademie\/trainings\/qualitaetsmanagement\/qualitaetstechnische-methoden\/\"]}]},{\"@type\":\"BreadcrumbList\",\"@id\":\"https:\/\/wienerhomepages-projekte.at\/1\/j-p-management\/akademie\/trainings\/qualitaetsmanagement\/qualitaetstechnische-methoden\/#breadcrumb\",\"itemListElement\":[{\"@type\":\"ListItem\",\"position\":1,\"name\":\"Startseite\",\"item\":\"https:\/\/wienerhomepages-projekte.at\/1\/j-p-management\/\"},{\"@type\":\"ListItem\",\"position\":2,\"name\":\"Akademie\",\"item\":\"https:\/\/wienerhomepages-projekte.at\/1\/j-p-management\/akademie\/\"},{\"@type\":\"ListItem\",\"position\":3,\"name\":\"Trainings &#038; Lehrg\u00e4nge\",\"item\":\"https:\/\/wienerhomepages-projekte.at\/1\/j-p-management\/akademie\/trainings\/\"},{\"@type\":\"ListItem\",\"position\":4,\"name\":\"Qualit\u00e4tsmanagement\",\"item\":\"https:\/\/wienerhomepages-projekte.at\/1\/j-p-management\/akademie\/trainings\/qualitaetsmanagement\/\"},{\"@type\":\"ListItem\",\"position\":5,\"name\":\"Qualit\u00e4tstechnische Methoden zur Produkt- und Prozessoptimierung\"}]},{\"@type\":\"WebSite\",\"@id\":\"https:\/\/wienerhomepages-projekte.at\/1\/j-p-management\/#website\",\"url\":\"https:\/\/wienerhomepages-projekte.at\/1\/j-p-management\/\",\"name\":\"j-p-management\",\"description\":\"\",\"potentialAction\":[{\"@type\":\"SearchAction\",\"target\":{\"@type\":\"EntryPoint\",\"urlTemplate\":\"https:\/\/wienerhomepages-projekte.at\/1\/j-p-management\/?s={search_term_string}\"},\"query-input\":{\"@type\":\"PropertyValueSpecification\",\"valueRequired\":true,\"valueName\":\"search_term_string\"}}],\"inLanguage\":\"de\"}]}<\/script>\n<!-- \/ Yoast SEO plugin. -->","yoast_head_json":{"title":"Qualit\u00e4tstechnische Methoden zur Produkt- und Prozessoptimierung - j-p-management","description":"Qualit\u00e4tstechnische Methoden zur Produkt- und Prozessoptimierung - FMEA, Poka Yoke, MSA, Ma\u00df-, Form und Lagetolerierung, SPC,","robots":{"index":"noindex","follow":"follow","max-snippet":"max-snippet:-1","max-image-preview":"max-image-preview:large","max-video-preview":"max-video-preview:-1"},"og_locale":"de_DE","og_type":"article","og_title":"Qualit\u00e4tstechnische Methoden zur Produkt- und Prozessoptimierung - j-p-management","og_description":"Qualit\u00e4tstechnische Methoden zur Produkt- und Prozessoptimierung - FMEA, Poka Yoke, MSA, Ma\u00df-, Form und Lagetolerierung, SPC,","og_url":"https:\/\/wienerhomepages-projekte.at\/1\/j-p-management\/akademie\/trainings\/qualitaetsmanagement\/qualitaetstechnische-methoden\/","og_site_name":"j-p-management","article_modified_time":"2025-07-31T11:53:24+00:00","twitter_card":"summary_large_image","schema":{"@context":"https:\/\/schema.org","@graph":[{"@type":"WebPage","@id":"https:\/\/wienerhomepages-projekte.at\/1\/j-p-management\/akademie\/trainings\/qualitaetsmanagement\/qualitaetstechnische-methoden\/","url":"https:\/\/wienerhomepages-projekte.at\/1\/j-p-management\/akademie\/trainings\/qualitaetsmanagement\/qualitaetstechnische-methoden\/","name":"Qualit\u00e4tstechnische Methoden zur Produkt- und Prozessoptimierung - j-p-management","isPartOf":{"@id":"https:\/\/wienerhomepages-projekte.at\/1\/j-p-management\/#website"},"datePublished":"2022-08-08T14:43:19+00:00","dateModified":"2025-07-31T11:53:24+00:00","description":"Qualit\u00e4tstechnische Methoden zur Produkt- und Prozessoptimierung - FMEA, Poka Yoke, MSA, Ma\u00df-, Form und Lagetolerierung, SPC,","breadcrumb":{"@id":"https:\/\/wienerhomepages-projekte.at\/1\/j-p-management\/akademie\/trainings\/qualitaetsmanagement\/qualitaetstechnische-methoden\/#breadcrumb"},"inLanguage":"de","potentialAction":[{"@type":"ReadAction","target":["https:\/\/wienerhomepages-projekte.at\/1\/j-p-management\/akademie\/trainings\/qualitaetsmanagement\/qualitaetstechnische-methoden\/"]}]},{"@type":"BreadcrumbList","@id":"https:\/\/wienerhomepages-projekte.at\/1\/j-p-management\/akademie\/trainings\/qualitaetsmanagement\/qualitaetstechnische-methoden\/#breadcrumb","itemListElement":[{"@type":"ListItem","position":1,"name":"Startseite","item":"https:\/\/wienerhomepages-projekte.at\/1\/j-p-management\/"},{"@type":"ListItem","position":2,"name":"Akademie","item":"https:\/\/wienerhomepages-projekte.at\/1\/j-p-management\/akademie\/"},{"@type":"ListItem","position":3,"name":"Trainings &#038; Lehrg\u00e4nge","item":"https:\/\/wienerhomepages-projekte.at\/1\/j-p-management\/akademie\/trainings\/"},{"@type":"ListItem","position":4,"name":"Qualit\u00e4tsmanagement","item":"https:\/\/wienerhomepages-projekte.at\/1\/j-p-management\/akademie\/trainings\/qualitaetsmanagement\/"},{"@type":"ListItem","position":5,"name":"Qualit\u00e4tstechnische Methoden zur Produkt- und Prozessoptimierung"}]},{"@type":"WebSite","@id":"https:\/\/wienerhomepages-projekte.at\/1\/j-p-management\/#website","url":"https:\/\/wienerhomepages-projekte.at\/1\/j-p-management\/","name":"j-p-management","description":"","potentialAction":[{"@type":"SearchAction","target":{"@type":"EntryPoint","urlTemplate":"https:\/\/wienerhomepages-projekte.at\/1\/j-p-management\/?s={search_term_string}"},"query-input":{"@type":"PropertyValueSpecification","valueRequired":true,"valueName":"search_term_string"}}],"inLanguage":"de"}]}},"_links":{"self":[{"href":"https:\/\/wienerhomepages-projekte.at\/1\/j-p-management\/wp-json\/wp\/v2\/pages\/5937","targetHints":{"allow":["GET"]}}],"collection":[{"href":"https:\/\/wienerhomepages-projekte.at\/1\/j-p-management\/wp-json\/wp\/v2\/pages"}],"about":[{"href":"https:\/\/wienerhomepages-projekte.at\/1\/j-p-management\/wp-json\/wp\/v2\/types\/page"}],"author":[{"embeddable":true,"href":"https:\/\/wienerhomepages-projekte.at\/1\/j-p-management\/wp-json\/wp\/v2\/users\/2"}],"replies":[{"embeddable":true,"href":"https:\/\/wienerhomepages-projekte.at\/1\/j-p-management\/wp-json\/wp\/v2\/comments?post=5937"}],"version-history":[{"count":2,"href":"https:\/\/wienerhomepages-projekte.at\/1\/j-p-management\/wp-json\/wp\/v2\/pages\/5937\/revisions"}],"predecessor-version":[{"id":5940,"href":"https:\/\/wienerhomepages-projekte.at\/1\/j-p-management\/wp-json\/wp\/v2\/pages\/5937\/revisions\/5940"}],"up":[{"embeddable":true,"href":"https:\/\/wienerhomepages-projekte.at\/1\/j-p-management\/wp-json\/wp\/v2\/pages\/5916"}],"wp:attachment":[{"href":"https:\/\/wienerhomepages-projekte.at\/1\/j-p-management\/wp-json\/wp\/v2\/media?parent=5937"}],"curies":[{"name":"wp","href":"https:\/\/api.w.org\/{rel}","templated":true}]}}