{"id":5890,"date":"2022-08-08T11:47:37","date_gmt":"2022-08-08T09:47:37","guid":{"rendered":"https:\/\/wienerhomepages-projekte.at\/1\/j-p-management\/?page_id=5890"},"modified":"2025-07-31T13:37:06","modified_gmt":"2025-07-31T11:37:06","slug":"lean-management-digitalisierung","status":"publish","type":"page","link":"https:\/\/wienerhomepages-projekte.at\/1\/j-p-management\/akademie\/trainings\/lean-management-digitalisierung\/","title":{"rendered":"Lean Management &#038; Digitalisierung"},"content":{"rendered":"<div class=\"fusion-fullwidth fullwidth-box fusion-builder-row-1 fusion-flex-container nonhundred-percent-fullwidth non-hundred-percent-height-scrolling\" style=\"--awb-border-radius-top-left:0px;--awb-border-radius-top-right:0px;--awb-border-radius-bottom-right:0px;--awb-border-radius-bottom-left:0px;--awb-flex-wrap:wrap;\" ><div class=\"fusion-builder-row fusion-row fusion-flex-align-items-flex-start fusion-flex-content-wrap\" style=\"max-width:1216.8px;margin-left: calc(-4% \/ 2 );margin-right: calc(-4% \/ 2 );\"><div class=\"fusion-layout-column fusion_builder_column fusion-builder-column-0 fusion_builder_column_1_1 1_1 fusion-flex-column\" style=\"--awb-bg-size:cover;--awb-width-large:100%;--awb-margin-top-large:0px;--awb-spacing-right-large:1.92%;--awb-margin-bottom-large:20px;--awb-spacing-left-large:1.92%;--awb-width-medium:100%;--awb-order-medium:0;--awb-spacing-right-medium:1.92%;--awb-spacing-left-medium:1.92%;--awb-width-small:100%;--awb-order-small:0;--awb-spacing-right-small:1.92%;--awb-spacing-left-small:1.92%;\"><div class=\"fusion-column-wrapper fusion-column-has-shadow fusion-flex-justify-content-flex-start fusion-content-layout-column\"><div class=\"fusion-text fusion-text-1\"><h2 class=\"fusion-responsive-typography-calculated\" data-fontsize=\"25\" data-lineheight=\"30px\">Lean Management<\/h2>\n<p>Im Zentrum steht die konsequente Ausrichtung der Prozesse auf die Anforderungen der externen und internen Kunden. Es geht darum, die Effektivit\u00e4t und Effizienz in den Prozessen zu erh\u00f6hen, indem die Wertsch\u00f6pfung maximiert und die Verschwendung minimiert wird.<br \/>\nDer Idealzustand w\u00e4re, mit verschwendungsfreien und ausgeglichenen Prozessen ohne \u00dcberlastung der Kapazit\u00e4ten im Kundentakt Produkte zu produzieren bzw. Dienstleistungen zu erbringen, die die Kunden begeistern.<\/p>\n<h2 class=\"fusion-responsive-typography-calculated\" data-fontsize=\"25\" data-lineheight=\"30px\">Lean Production<\/h2>\n<p>behandelt die Anwendung der Lean Management-Grunds\u00e4tze mit Fokus auf Produktionsprozesse inkl. Materialfluss.<\/p>\n<h2 class=\"fusion-responsive-typography-calculated\" data-fontsize=\"25\" data-lineheight=\"30px\">Lean Administration<\/h2>\n<p>behandelt die Anwendung der Lean Management-Grunds\u00e4tze mit Fokus auf Administrationsprozesse inkl. Informationsfluss.<\/p>\n<p><strong>Eine exakte Abgrenzung zwischen Lean Production und Lean Administration ist nicht notwendig und auch nicht sinnvoll. Um bei der Vermittlung der mit Lean Management in Zusammenhang stehenden Werkzeuge, Methoden, Vorgehensweisen, F\u00fchrungsgrunds\u00e4tze etc. den Lerntransfer sicherzustellen, ist es aber von gro\u00dfer Bedeutung, die Lerninhalte, Beispiele, \u00dcbungen etc. auf die jeweiligen Zielgruppen abzustimmen.<\/strong><\/p>\n<h2 class=\"fusion-responsive-typography-calculated\" data-fontsize=\"25\" data-lineheight=\"30px\">Digitalisierung<\/h2>\n<p>Entwicklungen im Bereich Hardware, Software, Datenbanken und das Internet er\u00f6ffnen v\u00f6llig neue M\u00f6glichkeiten. Menschen, Maschinen, Produkte, Betriebsmittel und digitale Netzwerke werden zu autonomen Systemen verschmolzen und unternehmens\u00fcbergreifend vernetzt. Die Abbildung der realen Prozesse in Echtzeit schafft ein bisher nicht gekanntes Ma\u00df an Transparenz entlang der gesamten Wertsch\u00f6pfungskette. Mit den daraus resultierenden M\u00f6glichkeiten gelingt es, Qualit\u00e4t, Produktivit\u00e4t und Durchlaufzeiten in den Prozessen noch weiter zu verbessern und sich dem Idealzustand noch mehr anzun\u00e4hern.<\/p>\n<p><b>Dem besonders wichtigen Thema \u201eIndustrie 4.0 \/ Digitalisierung\u201c wird in den relevanten Trainings und Lehrg\u00e4ngen praxisorientiert Rechnung getragen. Details dazu finden Sie in den jeweiligen Trainings-\/Lehrgangsbeschreibungen.<\/b><\/p>\n<\/div><\/div><\/div><\/div><\/div>\n","protected":false},"excerpt":{"rendered":"","protected":false},"author":2,"featured_media":0,"parent":5121,"menu_order":0,"comment_status":"closed","ping_status":"closed","template":"","meta":{"footnotes":""},"class_list":["post-5890","page","type-page","status-publish","hentry"],"yoast_head":"<!-- This site is optimized with the Yoast SEO plugin v27.2 - https:\/\/yoast.com\/product\/yoast-seo-wordpress\/ -->\n<title>Lean Management &amp; Digitalisierung - j-p-management<\/title>\n<meta name=\"description\" content=\"Lean Management und Digitalisierung - Entwicklungen im Bereich Hardware, Software, Datenbanken und das Internet er\u00f6ffnen v\u00f6llig neue M\u00f6glichkeiten. Menschen, Maschinen, Produkte, Betriebsmittel und digitale Netzwerke werden zu autonomen Systemen verschmolzen und unternehmens\u00fcbergreifend vernetzt. Die Abbildung der realen Prozesse in Echtzeit schafft ein bisher nicht gekanntes Ma\u00df an Transparenz entlang der gesamten Wertsch\u00f6pfungskette. Mit den daraus resultierenden M\u00f6glichkeiten gelingt es, Qualit\u00e4t, Produktivit\u00e4t und Durchlaufzeiten in den Prozessen noch weiter zu verbessern und sich dem Idealzustand noch mehr anzun\u00e4hern\" \/>\n<meta name=\"robots\" content=\"noindex, follow, max-snippet:-1, max-image-preview:large, max-video-preview:-1\" \/>\n<meta property=\"og:locale\" content=\"de_DE\" \/>\n<meta property=\"og:type\" content=\"article\" \/>\n<meta property=\"og:title\" content=\"Lean Management &amp; Digitalisierung - j-p-management\" \/>\n<meta property=\"og:description\" content=\"Lean Management und Digitalisierung - Entwicklungen im Bereich Hardware, Software, Datenbanken und das Internet er\u00f6ffnen v\u00f6llig neue M\u00f6glichkeiten. Menschen, Maschinen, Produkte, Betriebsmittel und digitale Netzwerke werden zu autonomen Systemen verschmolzen und unternehmens\u00fcbergreifend vernetzt. Die Abbildung der realen Prozesse in Echtzeit schafft ein bisher nicht gekanntes Ma\u00df an Transparenz entlang der gesamten Wertsch\u00f6pfungskette. Mit den daraus resultierenden M\u00f6glichkeiten gelingt es, Qualit\u00e4t, Produktivit\u00e4t und Durchlaufzeiten in den Prozessen noch weiter zu verbessern und sich dem Idealzustand noch mehr anzun\u00e4hern\" \/>\n<meta property=\"og:url\" content=\"https:\/\/wienerhomepages-projekte.at\/1\/j-p-management\/akademie\/trainings\/lean-management-digitalisierung\/\" \/>\n<meta property=\"og:site_name\" content=\"j-p-management\" \/>\n<meta property=\"article:modified_time\" content=\"2025-07-31T11:37:06+00:00\" \/>\n<meta name=\"twitter:card\" content=\"summary_large_image\" \/>\n<meta name=\"twitter:label1\" content=\"Gesch\u00e4tzte Lesezeit\" \/>\n\t<meta name=\"twitter:data1\" content=\"2\u00a0Minuten\" \/>\n<script type=\"application\/ld+json\" class=\"yoast-schema-graph\">{\"@context\":\"https:\/\/schema.org\",\"@graph\":[{\"@type\":\"WebPage\",\"@id\":\"https:\/\/wienerhomepages-projekte.at\/1\/j-p-management\/akademie\/trainings\/lean-management-digitalisierung\/\",\"url\":\"https:\/\/wienerhomepages-projekte.at\/1\/j-p-management\/akademie\/trainings\/lean-management-digitalisierung\/\",\"name\":\"Lean Management & Digitalisierung - j-p-management\",\"isPartOf\":{\"@id\":\"https:\/\/wienerhomepages-projekte.at\/1\/j-p-management\/#website\"},\"datePublished\":\"2022-08-08T09:47:37+00:00\",\"dateModified\":\"2025-07-31T11:37:06+00:00\",\"description\":\"Lean Management und Digitalisierung - Entwicklungen im Bereich Hardware, Software, Datenbanken und das Internet er\u00f6ffnen v\u00f6llig neue M\u00f6glichkeiten. Menschen, Maschinen, Produkte, Betriebsmittel und digitale Netzwerke werden zu autonomen Systemen verschmolzen und unternehmens\u00fcbergreifend vernetzt. Die Abbildung der realen Prozesse in Echtzeit schafft ein bisher nicht gekanntes Ma\u00df an Transparenz entlang der gesamten Wertsch\u00f6pfungskette. Mit den daraus resultierenden M\u00f6glichkeiten gelingt es, Qualit\u00e4t, Produktivit\u00e4t und Durchlaufzeiten in den Prozessen noch weiter zu verbessern und sich dem Idealzustand noch mehr anzun\u00e4hern\",\"breadcrumb\":{\"@id\":\"https:\/\/wienerhomepages-projekte.at\/1\/j-p-management\/akademie\/trainings\/lean-management-digitalisierung\/#breadcrumb\"},\"inLanguage\":\"de\",\"potentialAction\":[{\"@type\":\"ReadAction\",\"target\":[\"https:\/\/wienerhomepages-projekte.at\/1\/j-p-management\/akademie\/trainings\/lean-management-digitalisierung\/\"]}]},{\"@type\":\"BreadcrumbList\",\"@id\":\"https:\/\/wienerhomepages-projekte.at\/1\/j-p-management\/akademie\/trainings\/lean-management-digitalisierung\/#breadcrumb\",\"itemListElement\":[{\"@type\":\"ListItem\",\"position\":1,\"name\":\"Startseite\",\"item\":\"https:\/\/wienerhomepages-projekte.at\/1\/j-p-management\/\"},{\"@type\":\"ListItem\",\"position\":2,\"name\":\"Akademie\",\"item\":\"https:\/\/wienerhomepages-projekte.at\/1\/j-p-management\/akademie\/\"},{\"@type\":\"ListItem\",\"position\":3,\"name\":\"Trainings &#038; Lehrg\u00e4nge\",\"item\":\"https:\/\/wienerhomepages-projekte.at\/1\/j-p-management\/akademie\/trainings\/\"},{\"@type\":\"ListItem\",\"position\":4,\"name\":\"Lean Management &#038; Digitalisierung\"}]},{\"@type\":\"WebSite\",\"@id\":\"https:\/\/wienerhomepages-projekte.at\/1\/j-p-management\/#website\",\"url\":\"https:\/\/wienerhomepages-projekte.at\/1\/j-p-management\/\",\"name\":\"j-p-management\",\"description\":\"\",\"potentialAction\":[{\"@type\":\"SearchAction\",\"target\":{\"@type\":\"EntryPoint\",\"urlTemplate\":\"https:\/\/wienerhomepages-projekte.at\/1\/j-p-management\/?s={search_term_string}\"},\"query-input\":{\"@type\":\"PropertyValueSpecification\",\"valueRequired\":true,\"valueName\":\"search_term_string\"}}],\"inLanguage\":\"de\"}]}<\/script>\n<!-- \/ Yoast SEO plugin. -->","yoast_head_json":{"title":"Lean Management & Digitalisierung - j-p-management","description":"Lean Management und Digitalisierung - Entwicklungen im Bereich Hardware, Software, Datenbanken und das Internet er\u00f6ffnen v\u00f6llig neue M\u00f6glichkeiten. Menschen, Maschinen, Produkte, Betriebsmittel und digitale Netzwerke werden zu autonomen Systemen verschmolzen und unternehmens\u00fcbergreifend vernetzt. Die Abbildung der realen Prozesse in Echtzeit schafft ein bisher nicht gekanntes Ma\u00df an Transparenz entlang der gesamten Wertsch\u00f6pfungskette. Mit den daraus resultierenden M\u00f6glichkeiten gelingt es, Qualit\u00e4t, Produktivit\u00e4t und Durchlaufzeiten in den Prozessen noch weiter zu verbessern und sich dem Idealzustand noch mehr anzun\u00e4hern","robots":{"index":"noindex","follow":"follow","max-snippet":"max-snippet:-1","max-image-preview":"max-image-preview:large","max-video-preview":"max-video-preview:-1"},"og_locale":"de_DE","og_type":"article","og_title":"Lean Management & Digitalisierung - j-p-management","og_description":"Lean Management und Digitalisierung - Entwicklungen im Bereich Hardware, Software, Datenbanken und das Internet er\u00f6ffnen v\u00f6llig neue M\u00f6glichkeiten. Menschen, Maschinen, Produkte, Betriebsmittel und digitale Netzwerke werden zu autonomen Systemen verschmolzen und unternehmens\u00fcbergreifend vernetzt. Die Abbildung der realen Prozesse in Echtzeit schafft ein bisher nicht gekanntes Ma\u00df an Transparenz entlang der gesamten Wertsch\u00f6pfungskette. Mit den daraus resultierenden M\u00f6glichkeiten gelingt es, Qualit\u00e4t, Produktivit\u00e4t und Durchlaufzeiten in den Prozessen noch weiter zu verbessern und sich dem Idealzustand noch mehr anzun\u00e4hern","og_url":"https:\/\/wienerhomepages-projekte.at\/1\/j-p-management\/akademie\/trainings\/lean-management-digitalisierung\/","og_site_name":"j-p-management","article_modified_time":"2025-07-31T11:37:06+00:00","twitter_card":"summary_large_image","twitter_misc":{"Gesch\u00e4tzte Lesezeit":"2\u00a0Minuten"},"schema":{"@context":"https:\/\/schema.org","@graph":[{"@type":"WebPage","@id":"https:\/\/wienerhomepages-projekte.at\/1\/j-p-management\/akademie\/trainings\/lean-management-digitalisierung\/","url":"https:\/\/wienerhomepages-projekte.at\/1\/j-p-management\/akademie\/trainings\/lean-management-digitalisierung\/","name":"Lean Management & Digitalisierung - j-p-management","isPartOf":{"@id":"https:\/\/wienerhomepages-projekte.at\/1\/j-p-management\/#website"},"datePublished":"2022-08-08T09:47:37+00:00","dateModified":"2025-07-31T11:37:06+00:00","description":"Lean Management und Digitalisierung - Entwicklungen im Bereich Hardware, Software, Datenbanken und das Internet er\u00f6ffnen v\u00f6llig neue M\u00f6glichkeiten. Menschen, Maschinen, Produkte, Betriebsmittel und digitale Netzwerke werden zu autonomen Systemen verschmolzen und unternehmens\u00fcbergreifend vernetzt. Die Abbildung der realen Prozesse in Echtzeit schafft ein bisher nicht gekanntes Ma\u00df an Transparenz entlang der gesamten Wertsch\u00f6pfungskette. Mit den daraus resultierenden M\u00f6glichkeiten gelingt es, Qualit\u00e4t, Produktivit\u00e4t und Durchlaufzeiten in den Prozessen noch weiter zu verbessern und sich dem Idealzustand noch mehr anzun\u00e4hern","breadcrumb":{"@id":"https:\/\/wienerhomepages-projekte.at\/1\/j-p-management\/akademie\/trainings\/lean-management-digitalisierung\/#breadcrumb"},"inLanguage":"de","potentialAction":[{"@type":"ReadAction","target":["https:\/\/wienerhomepages-projekte.at\/1\/j-p-management\/akademie\/trainings\/lean-management-digitalisierung\/"]}]},{"@type":"BreadcrumbList","@id":"https:\/\/wienerhomepages-projekte.at\/1\/j-p-management\/akademie\/trainings\/lean-management-digitalisierung\/#breadcrumb","itemListElement":[{"@type":"ListItem","position":1,"name":"Startseite","item":"https:\/\/wienerhomepages-projekte.at\/1\/j-p-management\/"},{"@type":"ListItem","position":2,"name":"Akademie","item":"https:\/\/wienerhomepages-projekte.at\/1\/j-p-management\/akademie\/"},{"@type":"ListItem","position":3,"name":"Trainings &#038; Lehrg\u00e4nge","item":"https:\/\/wienerhomepages-projekte.at\/1\/j-p-management\/akademie\/trainings\/"},{"@type":"ListItem","position":4,"name":"Lean Management &#038; Digitalisierung"}]},{"@type":"WebSite","@id":"https:\/\/wienerhomepages-projekte.at\/1\/j-p-management\/#website","url":"https:\/\/wienerhomepages-projekte.at\/1\/j-p-management\/","name":"j-p-management","description":"","potentialAction":[{"@type":"SearchAction","target":{"@type":"EntryPoint","urlTemplate":"https:\/\/wienerhomepages-projekte.at\/1\/j-p-management\/?s={search_term_string}"},"query-input":{"@type":"PropertyValueSpecification","valueRequired":true,"valueName":"search_term_string"}}],"inLanguage":"de"}]}},"_links":{"self":[{"href":"https:\/\/wienerhomepages-projekte.at\/1\/j-p-management\/wp-json\/wp\/v2\/pages\/5890","targetHints":{"allow":["GET"]}}],"collection":[{"href":"https:\/\/wienerhomepages-projekte.at\/1\/j-p-management\/wp-json\/wp\/v2\/pages"}],"about":[{"href":"https:\/\/wienerhomepages-projekte.at\/1\/j-p-management\/wp-json\/wp\/v2\/types\/page"}],"author":[{"embeddable":true,"href":"https:\/\/wienerhomepages-projekte.at\/1\/j-p-management\/wp-json\/wp\/v2\/users\/2"}],"replies":[{"embeddable":true,"href":"https:\/\/wienerhomepages-projekte.at\/1\/j-p-management\/wp-json\/wp\/v2\/comments?post=5890"}],"version-history":[{"count":4,"href":"https:\/\/wienerhomepages-projekte.at\/1\/j-p-management\/wp-json\/wp\/v2\/pages\/5890\/revisions"}],"predecessor-version":[{"id":8522,"href":"https:\/\/wienerhomepages-projekte.at\/1\/j-p-management\/wp-json\/wp\/v2\/pages\/5890\/revisions\/8522"}],"up":[{"embeddable":true,"href":"https:\/\/wienerhomepages-projekte.at\/1\/j-p-management\/wp-json\/wp\/v2\/pages\/5121"}],"wp:attachment":[{"href":"https:\/\/wienerhomepages-projekte.at\/1\/j-p-management\/wp-json\/wp\/v2\/media?parent=5890"}],"curies":[{"name":"wp","href":"https:\/\/api.w.org\/{rel}","templated":true}]}}