{"id":5789,"date":"2022-06-29T15:49:43","date_gmt":"2022-06-29T13:49:43","guid":{"rendered":"https:\/\/wienerhomepages-projekte.at\/1\/j-p-management\/?page_id=5789"},"modified":"2025-08-01T13:02:25","modified_gmt":"2025-08-01T11:02:25","slug":"projekterfolge-produkt-und-prozessoptimierung","status":"publish","type":"page","link":"https:\/\/wienerhomepages-projekte.at\/1\/j-p-management\/leistungsfelder\/six-sigma-design-for-six-sigma\/projekterfolge-produkt-und-prozessoptimierung\/","title":{"rendered":"Projekterfolge Produkt- und Prozessoptimierung"},"content":{"rendered":"","protected":false},"excerpt":{"rendered":"","protected":false},"author":2,"featured_media":0,"parent":5476,"menu_order":0,"comment_status":"closed","ping_status":"closed","template":"templates\/tpl-verbesserungs-referenzprojekte.php","meta":{"footnotes":""},"class_list":["post-5789","page","type-page","status-publish","hentry"],"yoast_head":"<!-- This site is optimized with the Yoast SEO plugin v27.2 - https:\/\/yoast.com\/product\/yoast-seo-wordpress\/ -->\n<title>Projekterfolge Produkt- und Prozessoptimierung - j-p-management<\/title>\n<meta name=\"description\" content=\"Projekterfolge Produkt- und Prozessoptimierung - 1) Projektaufwand = alle durch das Projekt entstehenden Kosten (z.B. Personal-, Material-, Maschinenkosten) von Projektstart bis Projektabschluss plus die Abschreibung von im Zuge des Projektes get\u00e4tigten Investitionen \u00fcber 12 Monate2) Netto-Einsparung = ausgabewirksame Einsparung \u00fcber 12 Monate ab Projektabschluss minus Projektaufwand\" \/>\n<meta name=\"robots\" content=\"noindex, follow, max-snippet:-1, max-image-preview:large, max-video-preview:-1\" \/>\n<meta property=\"og:locale\" content=\"de_DE\" \/>\n<meta property=\"og:type\" content=\"article\" \/>\n<meta property=\"og:title\" content=\"Projekterfolge Produkt- und Prozessoptimierung - j-p-management\" \/>\n<meta property=\"og:description\" content=\"Projekterfolge Produkt- und Prozessoptimierung - 1) Projektaufwand = alle durch das Projekt entstehenden Kosten (z.B. Personal-, Material-, Maschinenkosten) von Projektstart bis Projektabschluss plus die Abschreibung von im Zuge des Projektes get\u00e4tigten Investitionen \u00fcber 12 Monate2) Netto-Einsparung = ausgabewirksame Einsparung \u00fcber 12 Monate ab Projektabschluss minus Projektaufwand\" \/>\n<meta property=\"og:url\" content=\"https:\/\/wienerhomepages-projekte.at\/1\/j-p-management\/leistungsfelder\/six-sigma-design-for-six-sigma\/projekterfolge-produkt-und-prozessoptimierung\/\" \/>\n<meta property=\"og:site_name\" content=\"j-p-management\" \/>\n<meta property=\"article:modified_time\" content=\"2025-08-01T11:02:25+00:00\" \/>\n<meta name=\"twitter:card\" content=\"summary_large_image\" \/>\n<script type=\"application\/ld+json\" class=\"yoast-schema-graph\">{\"@context\":\"https:\/\/schema.org\",\"@graph\":[{\"@type\":\"WebPage\",\"@id\":\"https:\/\/wienerhomepages-projekte.at\/1\/j-p-management\/leistungsfelder\/six-sigma-design-for-six-sigma\/projekterfolge-produkt-und-prozessoptimierung\/\",\"url\":\"https:\/\/wienerhomepages-projekte.at\/1\/j-p-management\/leistungsfelder\/six-sigma-design-for-six-sigma\/projekterfolge-produkt-und-prozessoptimierung\/\",\"name\":\"Projekterfolge Produkt- und Prozessoptimierung - j-p-management\",\"isPartOf\":{\"@id\":\"https:\/\/wienerhomepages-projekte.at\/1\/j-p-management\/#website\"},\"datePublished\":\"2022-06-29T13:49:43+00:00\",\"dateModified\":\"2025-08-01T11:02:25+00:00\",\"description\":\"Projekterfolge Produkt- und Prozessoptimierung - 1) Projektaufwand = alle durch das Projekt entstehenden Kosten (z.B. Personal-, Material-, Maschinenkosten) von Projektstart bis Projektabschluss plus die Abschreibung von im Zuge des Projektes get\u00e4tigten Investitionen \u00fcber 12 Monate2) Netto-Einsparung = ausgabewirksame Einsparung \u00fcber 12 Monate ab Projektabschluss minus Projektaufwand\",\"breadcrumb\":{\"@id\":\"https:\/\/wienerhomepages-projekte.at\/1\/j-p-management\/leistungsfelder\/six-sigma-design-for-six-sigma\/projekterfolge-produkt-und-prozessoptimierung\/#breadcrumb\"},\"inLanguage\":\"de\",\"potentialAction\":[{\"@type\":\"ReadAction\",\"target\":[\"https:\/\/wienerhomepages-projekte.at\/1\/j-p-management\/leistungsfelder\/six-sigma-design-for-six-sigma\/projekterfolge-produkt-und-prozessoptimierung\/\"]}]},{\"@type\":\"BreadcrumbList\",\"@id\":\"https:\/\/wienerhomepages-projekte.at\/1\/j-p-management\/leistungsfelder\/six-sigma-design-for-six-sigma\/projekterfolge-produkt-und-prozessoptimierung\/#breadcrumb\",\"itemListElement\":[{\"@type\":\"ListItem\",\"position\":1,\"name\":\"Startseite\",\"item\":\"https:\/\/wienerhomepages-projekte.at\/1\/j-p-management\/\"},{\"@type\":\"ListItem\",\"position\":2,\"name\":\"Consulting, Coaching\",\"item\":\"https:\/\/wienerhomepages-projekte.at\/1\/j-p-management\/leistungsfelder\/\"},{\"@type\":\"ListItem\",\"position\":3,\"name\":\"Six Sigma \/ Design for Six Sigma\",\"item\":\"https:\/\/wienerhomepages-projekte.at\/1\/j-p-management\/leistungsfelder\/six-sigma-design-for-six-sigma\/\"},{\"@type\":\"ListItem\",\"position\":4,\"name\":\"Projekterfolge Produkt- und Prozessoptimierung\"}]},{\"@type\":\"WebSite\",\"@id\":\"https:\/\/wienerhomepages-projekte.at\/1\/j-p-management\/#website\",\"url\":\"https:\/\/wienerhomepages-projekte.at\/1\/j-p-management\/\",\"name\":\"j-p-management\",\"description\":\"\",\"potentialAction\":[{\"@type\":\"SearchAction\",\"target\":{\"@type\":\"EntryPoint\",\"urlTemplate\":\"https:\/\/wienerhomepages-projekte.at\/1\/j-p-management\/?s={search_term_string}\"},\"query-input\":{\"@type\":\"PropertyValueSpecification\",\"valueRequired\":true,\"valueName\":\"search_term_string\"}}],\"inLanguage\":\"de\"}]}<\/script>\n<!-- \/ Yoast SEO plugin. -->","yoast_head_json":{"title":"Projekterfolge Produkt- und Prozessoptimierung - j-p-management","description":"Projekterfolge Produkt- und Prozessoptimierung - 1) Projektaufwand = alle durch das Projekt entstehenden Kosten (z.B. Personal-, Material-, Maschinenkosten) von Projektstart bis Projektabschluss plus die Abschreibung von im Zuge des Projektes get\u00e4tigten Investitionen \u00fcber 12 Monate2) Netto-Einsparung = ausgabewirksame Einsparung \u00fcber 12 Monate ab Projektabschluss minus Projektaufwand","robots":{"index":"noindex","follow":"follow","max-snippet":"max-snippet:-1","max-image-preview":"max-image-preview:large","max-video-preview":"max-video-preview:-1"},"og_locale":"de_DE","og_type":"article","og_title":"Projekterfolge Produkt- und Prozessoptimierung - j-p-management","og_description":"Projekterfolge Produkt- und Prozessoptimierung - 1) Projektaufwand = alle durch das Projekt entstehenden Kosten (z.B. Personal-, Material-, Maschinenkosten) von Projektstart bis Projektabschluss plus die Abschreibung von im Zuge des Projektes get\u00e4tigten Investitionen \u00fcber 12 Monate2) Netto-Einsparung = ausgabewirksame Einsparung \u00fcber 12 Monate ab Projektabschluss minus Projektaufwand","og_url":"https:\/\/wienerhomepages-projekte.at\/1\/j-p-management\/leistungsfelder\/six-sigma-design-for-six-sigma\/projekterfolge-produkt-und-prozessoptimierung\/","og_site_name":"j-p-management","article_modified_time":"2025-08-01T11:02:25+00:00","twitter_card":"summary_large_image","schema":{"@context":"https:\/\/schema.org","@graph":[{"@type":"WebPage","@id":"https:\/\/wienerhomepages-projekte.at\/1\/j-p-management\/leistungsfelder\/six-sigma-design-for-six-sigma\/projekterfolge-produkt-und-prozessoptimierung\/","url":"https:\/\/wienerhomepages-projekte.at\/1\/j-p-management\/leistungsfelder\/six-sigma-design-for-six-sigma\/projekterfolge-produkt-und-prozessoptimierung\/","name":"Projekterfolge Produkt- und Prozessoptimierung - j-p-management","isPartOf":{"@id":"https:\/\/wienerhomepages-projekte.at\/1\/j-p-management\/#website"},"datePublished":"2022-06-29T13:49:43+00:00","dateModified":"2025-08-01T11:02:25+00:00","description":"Projekterfolge Produkt- und Prozessoptimierung - 1) Projektaufwand = alle durch das Projekt entstehenden Kosten (z.B. Personal-, Material-, Maschinenkosten) von Projektstart bis Projektabschluss plus die Abschreibung von im Zuge des Projektes get\u00e4tigten Investitionen \u00fcber 12 Monate2) Netto-Einsparung = ausgabewirksame Einsparung \u00fcber 12 Monate ab Projektabschluss minus Projektaufwand","breadcrumb":{"@id":"https:\/\/wienerhomepages-projekte.at\/1\/j-p-management\/leistungsfelder\/six-sigma-design-for-six-sigma\/projekterfolge-produkt-und-prozessoptimierung\/#breadcrumb"},"inLanguage":"de","potentialAction":[{"@type":"ReadAction","target":["https:\/\/wienerhomepages-projekte.at\/1\/j-p-management\/leistungsfelder\/six-sigma-design-for-six-sigma\/projekterfolge-produkt-und-prozessoptimierung\/"]}]},{"@type":"BreadcrumbList","@id":"https:\/\/wienerhomepages-projekte.at\/1\/j-p-management\/leistungsfelder\/six-sigma-design-for-six-sigma\/projekterfolge-produkt-und-prozessoptimierung\/#breadcrumb","itemListElement":[{"@type":"ListItem","position":1,"name":"Startseite","item":"https:\/\/wienerhomepages-projekte.at\/1\/j-p-management\/"},{"@type":"ListItem","position":2,"name":"Consulting, Coaching","item":"https:\/\/wienerhomepages-projekte.at\/1\/j-p-management\/leistungsfelder\/"},{"@type":"ListItem","position":3,"name":"Six Sigma \/ Design for Six Sigma","item":"https:\/\/wienerhomepages-projekte.at\/1\/j-p-management\/leistungsfelder\/six-sigma-design-for-six-sigma\/"},{"@type":"ListItem","position":4,"name":"Projekterfolge Produkt- und Prozessoptimierung"}]},{"@type":"WebSite","@id":"https:\/\/wienerhomepages-projekte.at\/1\/j-p-management\/#website","url":"https:\/\/wienerhomepages-projekte.at\/1\/j-p-management\/","name":"j-p-management","description":"","potentialAction":[{"@type":"SearchAction","target":{"@type":"EntryPoint","urlTemplate":"https:\/\/wienerhomepages-projekte.at\/1\/j-p-management\/?s={search_term_string}"},"query-input":{"@type":"PropertyValueSpecification","valueRequired":true,"valueName":"search_term_string"}}],"inLanguage":"de"}]}},"_links":{"self":[{"href":"https:\/\/wienerhomepages-projekte.at\/1\/j-p-management\/wp-json\/wp\/v2\/pages\/5789","targetHints":{"allow":["GET"]}}],"collection":[{"href":"https:\/\/wienerhomepages-projekte.at\/1\/j-p-management\/wp-json\/wp\/v2\/pages"}],"about":[{"href":"https:\/\/wienerhomepages-projekte.at\/1\/j-p-management\/wp-json\/wp\/v2\/types\/page"}],"author":[{"embeddable":true,"href":"https:\/\/wienerhomepages-projekte.at\/1\/j-p-management\/wp-json\/wp\/v2\/users\/2"}],"replies":[{"embeddable":true,"href":"https:\/\/wienerhomepages-projekte.at\/1\/j-p-management\/wp-json\/wp\/v2\/comments?post=5789"}],"version-history":[{"count":1,"href":"https:\/\/wienerhomepages-projekte.at\/1\/j-p-management\/wp-json\/wp\/v2\/pages\/5789\/revisions"}],"predecessor-version":[{"id":5790,"href":"https:\/\/wienerhomepages-projekte.at\/1\/j-p-management\/wp-json\/wp\/v2\/pages\/5789\/revisions\/5790"}],"up":[{"embeddable":true,"href":"https:\/\/wienerhomepages-projekte.at\/1\/j-p-management\/wp-json\/wp\/v2\/pages\/5476"}],"wp:attachment":[{"href":"https:\/\/wienerhomepages-projekte.at\/1\/j-p-management\/wp-json\/wp\/v2\/media?parent=5789"}],"curies":[{"name":"wp","href":"https:\/\/api.w.org\/{rel}","templated":true}]}}