{"id":5540,"date":"2022-06-28T09:44:16","date_gmt":"2022-06-28T07:44:16","guid":{"rendered":"https:\/\/wienerhomepages-projekte.at\/1\/j-p-management\/?page_id=5540"},"modified":"2025-07-31T13:04:56","modified_gmt":"2025-07-31T11:04:56","slug":"technische-optimierungen","status":"publish","type":"page","link":"https:\/\/wienerhomepages-projekte.at\/1\/j-p-management\/leistungsfelder\/technische-optimierungen\/","title":{"rendered":"Technische Optimierungen"},"content":{"rendered":"<div class=\"fusion-fullwidth fullwidth-box fusion-builder-row-1 fusion-flex-container nonhundred-percent-fullwidth non-hundred-percent-height-scrolling\" style=\"--awb-border-radius-top-left:0px;--awb-border-radius-top-right:0px;--awb-border-radius-bottom-right:0px;--awb-border-radius-bottom-left:0px;--awb-flex-wrap:wrap;\" ><div class=\"fusion-builder-row fusion-row fusion-flex-align-items-flex-start fusion-flex-content-wrap\" style=\"max-width:1216.8px;margin-left: calc(-4% \/ 2 );margin-right: calc(-4% \/ 2 );\"><div class=\"fusion-layout-column fusion_builder_column fusion-builder-column-0 fusion_builder_column_1_1 1_1 fusion-flex-column listeleistungen\" style=\"--awb-bg-size:cover;--awb-width-large:100%;--awb-margin-top-large:0px;--awb-spacing-right-large:1.92%;--awb-margin-bottom-large:20px;--awb-spacing-left-large:1.92%;--awb-width-medium:100%;--awb-order-medium:0;--awb-spacing-right-medium:1.92%;--awb-spacing-left-medium:1.92%;--awb-width-small:100%;--awb-order-small:0;--awb-spacing-right-small:1.92%;--awb-spacing-left-small:1.92%;\"><div class=\"fusion-column-wrapper fusion-column-has-shadow fusion-flex-justify-content-flex-start fusion-content-layout-column\"><div class=\"fusion-text fusion-text-1\"><h2>Wir unterst\u00fctzen Sie bei:<\/h2>\n<ul>\n<li><strong>Optimierung Ihrer Werkzeuge, Vorrichtungen, Maschinen und Anlagen<\/strong> (inkl. Kunden-\/Lieferantenschnittstelle)\n<ul>\n<li>Beispiele f\u00fcr technische Probleme, bei deren L\u00f6sung wir Sie gerne unterst\u00fctzen: Werkzeug erreicht Standzeit nicht, Anlage erreicht St\u00fcckzahl nicht, Prozesse sind nicht f\u00e4hig \/ stabil, Fehler, Ausschuss, Nacharbeit etc.<\/li>\n<\/ul>\n<\/li>\n<\/ul>\n<h3>Referenzprojekte erfolgreich optimierter Werkzeuge, Vorrichtungen, Maschinen und Anlagen<\/h3>\n<ul>\n<li><strong>Stanzwerkzeuge f\u00fcr hochfeste St\u00e4hle:<\/strong>\u00a0Erh\u00f6hung der Standzeit durch Optimierung des Werkzeugkonzeptes<\/li>\n<li><strong>Spritzgusswerkzeuge:<\/strong>\u00a0Verbesserung der Zulieferqualit\u00e4t durch Erstellung eines Lastenheftes und Optimierung der Konstruktionsrichtlinien<\/li>\n<li><strong>Druckgussformen:<\/strong>\u00a0Verbesserung der Werkzeugqualit\u00e4t durch Optimierung der Konstruktionsrichtlinien<\/li>\n<li><strong>Herstellung von Nahtlosrohren:<\/strong>\u00a0Ausschussreduktion und Erh\u00f6hung der Betriebsmittelstandzeit durch Integration einer flexiblen Blockzentriermaschine in eine Produktionslinie<\/li>\n<li><strong>Tiefziehfolienschneidanlage:<\/strong> Erh\u00f6hung der Produktqualit\u00e4t und Anlagenproduktivit\u00e4t durch Innovation im Trennverfahren (patentiert)<\/li>\n<li><strong>Kistentransportsystem:<\/strong> Erh\u00f6hung der Transportkapazit\u00e4t durch Simulation, Optimierung der Regelstrategie und Umsetzung technischer Ma\u00dfnahmen<\/li>\n<li><strong>automatisierte Fertigungszelle:<\/strong> Produktivit\u00e4tssteigerung durch Optimierung der Spannvorrichtungen und des Roboterhandlings<\/li>\n<li><strong>Gewindevermessung und Lochdornpr\u00fcfung:<\/strong> Verbesserung der Messdatenqualit\u00e4t und Reduktion der Messzykluszeit durch optische Messverfahren f\u00fcr Oberfl\u00e4chen und Geometrien<\/li>\n<li><strong>Schwei\u00dfprozess:<\/strong>\u00a0Reduktion des Arbeitsaufwandes in den Rohbaustationen sowie von Richt- und Anpassungsarbeiten, Verbesserung der Arbeitssicherheit und Ergonomie, Reduktion der Durchlaufzeit durch Optimierung der Schwei\u00dfvorrichtungen<\/li>\n<\/ul>\n<\/div><\/div><\/div><\/div><\/div>\n","protected":false},"excerpt":{"rendered":"","protected":false},"author":2,"featured_media":0,"parent":5119,"menu_order":0,"comment_status":"closed","ping_status":"closed","template":"","meta":{"footnotes":""},"class_list":["post-5540","page","type-page","status-publish","hentry"],"yoast_head":"<!-- This site is optimized with the Yoast SEO plugin v27.2 - https:\/\/yoast.com\/product\/yoast-seo-wordpress\/ -->\n<title>Technische Optimierungen - j-p-management<\/title>\n<meta name=\"description\" content=\"Technische Optimierungen - Optimierung Ihrer Werkzeuge, Vorrichtungen, Maschinen und Anlagen (inkl. Kunden-\/Lieferantenschnittstelle)Beispiele f\u00fcr technische Probleme, bei deren L\u00f6sung wir Sie gerne unterst\u00fctzen: Werkzeug erreicht Standzeit nicht, Anlage erreicht St\u00fcckzahl nicht, Prozesse sind nicht f\u00e4hig \/ stabil, Fehler, Ausschuss, Nacharbeit etc.\" \/>\n<meta name=\"robots\" content=\"noindex, follow, max-snippet:-1, max-image-preview:large, max-video-preview:-1\" \/>\n<meta property=\"og:locale\" content=\"de_DE\" \/>\n<meta property=\"og:type\" content=\"article\" \/>\n<meta property=\"og:title\" content=\"Technische Optimierungen - j-p-management\" \/>\n<meta property=\"og:description\" content=\"Technische Optimierungen - Optimierung Ihrer Werkzeuge, Vorrichtungen, Maschinen und Anlagen (inkl. Kunden-\/Lieferantenschnittstelle)Beispiele f\u00fcr technische Probleme, bei deren L\u00f6sung wir Sie gerne unterst\u00fctzen: Werkzeug erreicht Standzeit nicht, Anlage erreicht St\u00fcckzahl nicht, Prozesse sind nicht f\u00e4hig \/ stabil, Fehler, Ausschuss, Nacharbeit etc.\" \/>\n<meta property=\"og:url\" content=\"https:\/\/wienerhomepages-projekte.at\/1\/j-p-management\/leistungsfelder\/technische-optimierungen\/\" \/>\n<meta property=\"og:site_name\" content=\"j-p-management\" \/>\n<meta property=\"article:modified_time\" content=\"2025-07-31T11:04:56+00:00\" \/>\n<meta name=\"twitter:card\" content=\"summary_large_image\" \/>\n<meta name=\"twitter:label1\" content=\"Gesch\u00e4tzte Lesezeit\" \/>\n\t<meta name=\"twitter:data1\" content=\"1\u00a0Minute\" \/>\n<script type=\"application\/ld+json\" class=\"yoast-schema-graph\">{\"@context\":\"https:\/\/schema.org\",\"@graph\":[{\"@type\":\"WebPage\",\"@id\":\"https:\/\/wienerhomepages-projekte.at\/1\/j-p-management\/leistungsfelder\/technische-optimierungen\/\",\"url\":\"https:\/\/wienerhomepages-projekte.at\/1\/j-p-management\/leistungsfelder\/technische-optimierungen\/\",\"name\":\"Technische Optimierungen - j-p-management\",\"isPartOf\":{\"@id\":\"https:\/\/wienerhomepages-projekte.at\/1\/j-p-management\/#website\"},\"datePublished\":\"2022-06-28T07:44:16+00:00\",\"dateModified\":\"2025-07-31T11:04:56+00:00\",\"description\":\"Technische Optimierungen - Optimierung Ihrer Werkzeuge, Vorrichtungen, Maschinen und Anlagen (inkl. Kunden-\/Lieferantenschnittstelle)Beispiele f\u00fcr technische Probleme, bei deren L\u00f6sung wir Sie gerne unterst\u00fctzen: Werkzeug erreicht Standzeit nicht, Anlage erreicht St\u00fcckzahl nicht, Prozesse sind nicht f\u00e4hig \/ stabil, Fehler, Ausschuss, Nacharbeit etc.\",\"breadcrumb\":{\"@id\":\"https:\/\/wienerhomepages-projekte.at\/1\/j-p-management\/leistungsfelder\/technische-optimierungen\/#breadcrumb\"},\"inLanguage\":\"de\",\"potentialAction\":[{\"@type\":\"ReadAction\",\"target\":[\"https:\/\/wienerhomepages-projekte.at\/1\/j-p-management\/leistungsfelder\/technische-optimierungen\/\"]}]},{\"@type\":\"BreadcrumbList\",\"@id\":\"https:\/\/wienerhomepages-projekte.at\/1\/j-p-management\/leistungsfelder\/technische-optimierungen\/#breadcrumb\",\"itemListElement\":[{\"@type\":\"ListItem\",\"position\":1,\"name\":\"Startseite\",\"item\":\"https:\/\/wienerhomepages-projekte.at\/1\/j-p-management\/\"},{\"@type\":\"ListItem\",\"position\":2,\"name\":\"Consulting, Coaching\",\"item\":\"https:\/\/wienerhomepages-projekte.at\/1\/j-p-management\/leistungsfelder\/\"},{\"@type\":\"ListItem\",\"position\":3,\"name\":\"Technische Optimierungen\"}]},{\"@type\":\"WebSite\",\"@id\":\"https:\/\/wienerhomepages-projekte.at\/1\/j-p-management\/#website\",\"url\":\"https:\/\/wienerhomepages-projekte.at\/1\/j-p-management\/\",\"name\":\"j-p-management\",\"description\":\"\",\"potentialAction\":[{\"@type\":\"SearchAction\",\"target\":{\"@type\":\"EntryPoint\",\"urlTemplate\":\"https:\/\/wienerhomepages-projekte.at\/1\/j-p-management\/?s={search_term_string}\"},\"query-input\":{\"@type\":\"PropertyValueSpecification\",\"valueRequired\":true,\"valueName\":\"search_term_string\"}}],\"inLanguage\":\"de\"}]}<\/script>\n<!-- \/ Yoast SEO plugin. -->","yoast_head_json":{"title":"Technische Optimierungen - j-p-management","description":"Technische Optimierungen - Optimierung Ihrer Werkzeuge, Vorrichtungen, Maschinen und Anlagen (inkl. Kunden-\/Lieferantenschnittstelle)Beispiele f\u00fcr technische Probleme, bei deren L\u00f6sung wir Sie gerne unterst\u00fctzen: Werkzeug erreicht Standzeit nicht, Anlage erreicht St\u00fcckzahl nicht, Prozesse sind nicht f\u00e4hig \/ stabil, Fehler, Ausschuss, Nacharbeit etc.","robots":{"index":"noindex","follow":"follow","max-snippet":"max-snippet:-1","max-image-preview":"max-image-preview:large","max-video-preview":"max-video-preview:-1"},"og_locale":"de_DE","og_type":"article","og_title":"Technische Optimierungen - j-p-management","og_description":"Technische Optimierungen - Optimierung Ihrer Werkzeuge, Vorrichtungen, Maschinen und Anlagen (inkl. Kunden-\/Lieferantenschnittstelle)Beispiele f\u00fcr technische Probleme, bei deren L\u00f6sung wir Sie gerne unterst\u00fctzen: Werkzeug erreicht Standzeit nicht, Anlage erreicht St\u00fcckzahl nicht, Prozesse sind nicht f\u00e4hig \/ stabil, Fehler, Ausschuss, Nacharbeit etc.","og_url":"https:\/\/wienerhomepages-projekte.at\/1\/j-p-management\/leistungsfelder\/technische-optimierungen\/","og_site_name":"j-p-management","article_modified_time":"2025-07-31T11:04:56+00:00","twitter_card":"summary_large_image","twitter_misc":{"Gesch\u00e4tzte Lesezeit":"1\u00a0Minute"},"schema":{"@context":"https:\/\/schema.org","@graph":[{"@type":"WebPage","@id":"https:\/\/wienerhomepages-projekte.at\/1\/j-p-management\/leistungsfelder\/technische-optimierungen\/","url":"https:\/\/wienerhomepages-projekte.at\/1\/j-p-management\/leistungsfelder\/technische-optimierungen\/","name":"Technische Optimierungen - j-p-management","isPartOf":{"@id":"https:\/\/wienerhomepages-projekte.at\/1\/j-p-management\/#website"},"datePublished":"2022-06-28T07:44:16+00:00","dateModified":"2025-07-31T11:04:56+00:00","description":"Technische Optimierungen - Optimierung Ihrer Werkzeuge, Vorrichtungen, Maschinen und Anlagen (inkl. Kunden-\/Lieferantenschnittstelle)Beispiele f\u00fcr technische Probleme, bei deren L\u00f6sung wir Sie gerne unterst\u00fctzen: Werkzeug erreicht Standzeit nicht, Anlage erreicht St\u00fcckzahl nicht, Prozesse sind nicht f\u00e4hig \/ stabil, Fehler, Ausschuss, Nacharbeit etc.","breadcrumb":{"@id":"https:\/\/wienerhomepages-projekte.at\/1\/j-p-management\/leistungsfelder\/technische-optimierungen\/#breadcrumb"},"inLanguage":"de","potentialAction":[{"@type":"ReadAction","target":["https:\/\/wienerhomepages-projekte.at\/1\/j-p-management\/leistungsfelder\/technische-optimierungen\/"]}]},{"@type":"BreadcrumbList","@id":"https:\/\/wienerhomepages-projekte.at\/1\/j-p-management\/leistungsfelder\/technische-optimierungen\/#breadcrumb","itemListElement":[{"@type":"ListItem","position":1,"name":"Startseite","item":"https:\/\/wienerhomepages-projekte.at\/1\/j-p-management\/"},{"@type":"ListItem","position":2,"name":"Consulting, Coaching","item":"https:\/\/wienerhomepages-projekte.at\/1\/j-p-management\/leistungsfelder\/"},{"@type":"ListItem","position":3,"name":"Technische Optimierungen"}]},{"@type":"WebSite","@id":"https:\/\/wienerhomepages-projekte.at\/1\/j-p-management\/#website","url":"https:\/\/wienerhomepages-projekte.at\/1\/j-p-management\/","name":"j-p-management","description":"","potentialAction":[{"@type":"SearchAction","target":{"@type":"EntryPoint","urlTemplate":"https:\/\/wienerhomepages-projekte.at\/1\/j-p-management\/?s={search_term_string}"},"query-input":{"@type":"PropertyValueSpecification","valueRequired":true,"valueName":"search_term_string"}}],"inLanguage":"de"}]}},"_links":{"self":[{"href":"https:\/\/wienerhomepages-projekte.at\/1\/j-p-management\/wp-json\/wp\/v2\/pages\/5540","targetHints":{"allow":["GET"]}}],"collection":[{"href":"https:\/\/wienerhomepages-projekte.at\/1\/j-p-management\/wp-json\/wp\/v2\/pages"}],"about":[{"href":"https:\/\/wienerhomepages-projekte.at\/1\/j-p-management\/wp-json\/wp\/v2\/types\/page"}],"author":[{"embeddable":true,"href":"https:\/\/wienerhomepages-projekte.at\/1\/j-p-management\/wp-json\/wp\/v2\/users\/2"}],"replies":[{"embeddable":true,"href":"https:\/\/wienerhomepages-projekte.at\/1\/j-p-management\/wp-json\/wp\/v2\/comments?post=5540"}],"version-history":[{"count":13,"href":"https:\/\/wienerhomepages-projekte.at\/1\/j-p-management\/wp-json\/wp\/v2\/pages\/5540\/revisions"}],"predecessor-version":[{"id":8204,"href":"https:\/\/wienerhomepages-projekte.at\/1\/j-p-management\/wp-json\/wp\/v2\/pages\/5540\/revisions\/8204"}],"up":[{"embeddable":true,"href":"https:\/\/wienerhomepages-projekte.at\/1\/j-p-management\/wp-json\/wp\/v2\/pages\/5119"}],"wp:attachment":[{"href":"https:\/\/wienerhomepages-projekte.at\/1\/j-p-management\/wp-json\/wp\/v2\/media?parent=5540"}],"curies":[{"name":"wp","href":"https:\/\/api.w.org\/{rel}","templated":true}]}}