{"id":5416,"date":"2022-06-24T12:27:16","date_gmt":"2022-06-24T10:27:16","guid":{"rendered":"https:\/\/wienerhomepages-projekte.at\/1\/j-p-management\/?page_id=5416"},"modified":"2026-01-23T16:04:55","modified_gmt":"2026-01-23T15:04:55","slug":"lean-management-digitalisierung","status":"publish","type":"page","link":"https:\/\/wienerhomepages-projekte.at\/1\/j-p-management\/leistungsfelder\/lean-management-digitalisierung\/","title":{"rendered":"Lean Management &#038; Digitalisierung"},"content":{"rendered":"<div class=\"fusion-fullwidth fullwidth-box fusion-builder-row-1 fusion-flex-container nonhundred-percent-fullwidth non-hundred-percent-height-scrolling\" style=\"--awb-border-radius-top-left:0px;--awb-border-radius-top-right:0px;--awb-border-radius-bottom-right:0px;--awb-border-radius-bottom-left:0px;--awb-flex-wrap:wrap;\" ><div class=\"fusion-builder-row fusion-row fusion-flex-align-items-flex-start fusion-flex-content-wrap\" style=\"max-width:1216.8px;margin-left: calc(-4% \/ 2 );margin-right: calc(-4% \/ 2 );\"><div class=\"fusion-layout-column fusion_builder_column fusion-builder-column-0 fusion_builder_column_1_1 1_1 fusion-flex-column listeleistungen\" style=\"--awb-bg-size:cover;--awb-width-large:100%;--awb-margin-top-large:0px;--awb-spacing-right-large:1.92%;--awb-margin-bottom-large:20px;--awb-spacing-left-large:1.92%;--awb-width-medium:100%;--awb-order-medium:0;--awb-spacing-right-medium:1.92%;--awb-spacing-left-medium:1.92%;--awb-width-small:100%;--awb-order-small:0;--awb-spacing-right-small:1.92%;--awb-spacing-left-small:1.92%;\"><div class=\"fusion-column-wrapper fusion-column-has-shadow fusion-flex-justify-content-flex-start fusion-content-layout-column\"><div class=\"fusion-text fusion-text-1\"><h2>Wir unterst\u00fctzen Sie bei:<\/h2>\n<ul class=\"icon-punkte\">\n<li class=\"lf\">Durchf\u00fchrung von Operational Excellence-Assessments\n<ul>\n<li>Trainings-\/Kalibierungsworkshop \u201eOperational Excellence\u201c<\/li>\n<li>St\u00e4rken-\/Schw\u00e4chenanalyse in Bezug auf Operational Excellence\n<ul>\n<li>harte Faktoren: Strategie, Aufbauorganisation, Ablauforganisation<\/li>\n<li>weiche Faktoren: F\u00fchrungsstil\/-verhalten, Personal, F\u00e4higkeiten des Unternehmens, gemeinsame Werte<\/li>\n<\/ul>\n<\/li>\n<li>Erarbeitung einer \u201eRoadmap zu Operational Excellence\u201c<\/li>\n<\/ul>\n<\/li>\n<li class=\"lf\">Entwicklung und F\u00f6rderung einer Lean-Kultur (&#8222;Kein Problem ist ein Problem!&#8220;)\n<ul>\n<li>Probleme sichtbar machen, Entwicklung von Probleml\u00f6sern, organisatorische Verankerung der Verbesserungsarbeit in den Arbeitsalltag etc.<\/li>\n<\/ul>\n<\/li>\n<li class=\"lf\">Einf\u00fchrung bzw. Optimierung von Shopfloor Management \/ Officefloor Management\n<ul>\n<li>Qualifizierung Ihrer F\u00fchrungskr\u00e4fte sowie Mitarbeiterinnen und Mitarbeiter<\/li>\n<li>Konzeptionierung und Erprobung in Pilotbereichen<\/li>\n<li>Coaching der Pilotteams<\/li>\n<li>Reflexions-, Standardisierungs- und Nachhaltigkeitsworkshops<\/li>\n<li>Begleitung beim Rollout<\/li>\n<\/ul>\n<\/li>\n<li class=\"lf\">Optimierung Ihrer Prozesse durch die konkrete Anwendung von Lean-Methoden, wie zum Beispiel\n<ul>\n<li>Arbeitsplatzorganisation (5S)<\/li>\n<li>strukturierte Probleml\u00f6sung (z.B. PDCA, 8D, A3)<\/li>\n<li>Wertstromanalyse und -optimierung (inkl. Erarbeitung einer Digitalisierungsroadmap)<\/li>\n<li>Standardisierte Arbeit &amp;\u00a0Mitarbeitereinschulung mit TWI (Job Instruction)<\/li>\n<li>R\u00fcstprozessoptimierung (SMED)<\/li>\n<li>Total Productive Management (TPM)<\/li>\n<li>Poka Yoke<\/li>\n<li>etc.<\/li>\n<\/ul>\n<\/li>\n<li class=\"lf\">Vorbereitung und fachliche Begleitung von mehrt\u00e4gigen Kaizen-Workshops\n<ul>\n<li>Erarbeitung signifikanter und klar messbarer Prozessverbesserungen in 3 bis 5 Tagen gemeinsam mit den Mitarbeitern der vom Prozess betroffenen Bereiche (z.B. Produktion, Logistik, Industrial Engineering, Arbeitsvorbereitung, Instandhaltung, Qualit\u00e4t)<\/li>\n<\/ul>\n<\/li>\n<li class=\"lf0\">Wertstromorientierte Neu- und Umplanung Ihrer Fabriken inkl. Umsetzungsplanung und -begleitung\n<ul class=\"icon-punkte\">\n<li>Idealplanung (Identifikation und optimale Anordnung der Funktionsbereiche, Erstellung des Ideallayouts)<\/li>\n<li>Realplanung (Restriktionen und Erweiterungsrichtungen, Entwicklung von m\u00f6glichen Varianten f\u00fcr ein Reallayout, Bewertung und Auswahl der optimalen Variante)<\/li>\n<li>Detailplanung (Gestaltungsrichtlinien, Feinplanung der Bereiche (Anordnung der Maschinen, Logistikkonzept, Medienanbindung etc.))<\/li>\n<li>Begleitung bei der Umsetzung des Realisierungskonzeptes<\/li>\n<\/ul>\n<\/li>\n<li class=\"lf0\">Konzeptionierung und Auslegung von Maschinen, Anlagen, Montagelinien, Arbeitspl\u00e4tzen etc. inkl. Umsetzungsplanung und -begleitung<\/li>\n<li class=\"lf0\">Optimierung Ihrer Produktionsplanung und -steuerung<\/li>\n<li class=\"lf0\">Optimierung Ihrer Produktionslogistik<\/li>\n<li class=\"lf\">F\u00f6rderung der F\u00fchrungs- und Coachingkompetenz Ihrer F\u00fchrungskr\u00e4fte\n<ul>\n<li>Integration der Lean Leadership-Prinzipien in die t\u00e4gliche F\u00fchrungsarbeit, Shopfloor\/Officefloor Management, Team-KVP, Verbesserungs- und Coaching-Kata, Layered Process Audits etc.<\/li>\n<\/ul>\n<\/li>\n<li class=\"lf\">Definition und Operationalisierung von Durchbruchszielen nach Hoshin Kanri (Policy Deployment)\n<ul>\n<li>Definition der Durchbruchs- und Jahresziele, Definition der Taktiken und Erfolgsindikatoren, Kaskadierung der Ziele und Taktiken, Entwicklung eines Regelkreises zur Zieleumsetzung und -verfolgung<\/li>\n<\/ul>\n<\/li>\n<li class=\"lf\">Entwicklung und Implementierung von Operational Excellence-Systemen sowie ganzheitlichen Produktionssystemen\n<ul class=\"icon-punkte\">\n<li>Einbettung und nachhaltige Verankerung von Lean Production \/ Lean Administration \/ Lean Leadership in Ihre Unternehmensorganisation<\/li>\n<\/ul>\n<\/li>\n<li class=\"lf\">Konzeptionierung unternehmensinterner KVP-Werkst\u00e4tten<\/li>\n<li class=\"lf\">Qualifizierung und Zertifizierung Ihrer F\u00fchrungskr\u00e4fte sowie Mitarbeiterinnen und Mitarbeiter\n<ul>\n<li><a href=\"https:\/\/wienerhomepages-projekte.at\/1\/j-p-management\/akademie\/zertifizierte-lehrgaenge\/lehrgaenge-lean-production\/\">Lean Production-Yellow Belts, -Green Belts und -Black Belts<\/a>,<br \/>\n<a href=\"https:\/\/wienerhomepages-projekte.at\/1\/j-p-management\/akademie\/zertifizierte-lehrgaenge\/lehrgaenge-lean-administration\/\">Lean Administration-Yellow Belts, -Green Belts und -Black Belts<\/a>\u00a0etc.<\/li>\n<li>Dem f\u00fcr die Industrie besonders wichtigen Thema &#8222;Industrie 4.0 \/ Digitalisierung&#8220; wird in allen relevanten Trainings und Lehrg\u00e4ngen Rechnung getragen.<\/li>\n<\/ul>\n<\/li>\n<\/ul>\n<\/div><div class=\"fusion-text fusion-text-2\"><h2>Lektort\u00e4tigkeiten zum Thema &#8222;Lean Management &amp; Digitalisierung&#8220; an der<\/h2>\n<\/div><div class=\"fusion-builder-row fusion-builder-row-inner fusion-row fusion-flex-align-items-flex-start fusion-flex-content-wrap\" style=\"--awb-flex-grow:0;--awb-flex-grow-medium:0;--awb-flex-grow-small:0;--awb-flex-shrink:0;--awb-flex-shrink-medium:0;--awb-flex-shrink-small:0;width:104% !important;max-width:104% !important;margin-left: calc(-4% \/ 2 );margin-right: calc(-4% \/ 2 );\"><div class=\"fusion-layout-column fusion_builder_column_inner fusion-builder-nested-column-0 fusion_builder_column_inner_1_2 1_2 fusion-flex-column\" style=\"--awb-bg-size:cover;--awb-width-large:50%;--awb-margin-top-large:0px;--awb-spacing-right-large:3.84%;--awb-margin-bottom-large:20px;--awb-spacing-left-large:3.84%;--awb-width-medium:100%;--awb-order-medium:0;--awb-spacing-right-medium:1.92%;--awb-spacing-left-medium:1.92%;--awb-width-small:100%;--awb-order-small:0;--awb-spacing-right-small:1.92%;--awb-spacing-left-small:1.92%;\"><div class=\"fusion-column-wrapper fusion-column-has-shadow fusion-flex-justify-content-flex-start fusion-content-layout-column\"><div class=\"fusion-text fusion-text-3\"><p><img decoding=\"async\" class=\"lazyload alignnone size-full wp-image-5350 aligncenter\" src=\"data:image\/svg+xml,%3Csvg%20xmlns%3D%27http%3A%2F%2Fwww.w3.org%2F2000%2Fsvg%27%20width%3D%2750%27%20height%3D%2751%27%20viewBox%3D%270%200%2050%2051%27%3E%3Crect%20width%3D%2750%27%20height%3D%2751%27%20fill-opacity%3D%220%22%2F%3E%3C%2Fsvg%3E\" data-orig-src=\"https:\/\/wienerhomepages-projekte.at\/1\/j-p-management\/wp-content\/uploads\/images\/logos\/donau_uni.jpg\" alt=\"\" width=\"50\" height=\"51\" \/><\/p>\n<p style=\"text-align: center;\">Universit\u00e4t f\u00fcr Weiterbildung Krems im Rahmen des <a href=\"https:\/\/wienerhomepages-projekte.at\/1\/j-p-management\/akademie\/masterstudium-lean-operations\/\">Masterstudiums &#8222;Lean Operations&#8220; (MBA)<\/a><br \/>\n<a href=\"https:\/\/www.donau-uni.ac.at\/\">www.donau-uni.ac.at<\/a><\/p>\n<\/div><\/div><\/div><div class=\"fusion-layout-column fusion_builder_column_inner fusion-builder-nested-column-1 fusion_builder_column_inner_1_2 1_2 fusion-flex-column\" style=\"--awb-bg-size:cover;--awb-width-large:50%;--awb-margin-top-large:0px;--awb-spacing-right-large:3.84%;--awb-margin-bottom-large:20px;--awb-spacing-left-large:3.84%;--awb-width-medium:100%;--awb-order-medium:0;--awb-spacing-right-medium:1.92%;--awb-spacing-left-medium:1.92%;--awb-width-small:100%;--awb-order-small:0;--awb-spacing-right-small:1.92%;--awb-spacing-left-small:1.92%;\"><div class=\"fusion-column-wrapper fusion-column-has-shadow fusion-flex-justify-content-flex-start fusion-content-layout-column\"><div class=\"fusion-text fusion-text-4\"><p><img decoding=\"async\" class=\"lazyload alignnone size-full wp-image-5349 aligncenter\" src=\"data:image\/svg+xml,%3Csvg%20xmlns%3D%27http%3A%2F%2Fwww.w3.org%2F2000%2Fsvg%27%20width%3D%27135%27%20height%3D%2751%27%20viewBox%3D%270%200%20135%2051%27%3E%3Crect%20width%3D%27135%27%20height%3D%2751%27%20fill-opacity%3D%220%22%2F%3E%3C%2Fsvg%3E\" data-orig-src=\"https:\/\/wienerhomepages-projekte.at\/1\/j-p-management\/wp-content\/uploads\/images\/logos\/fhwn.jpg\" alt=\"\" width=\"135\" height=\"51\" \/><\/p>\n<p style=\"text-align: center;\">Fachhochschule Wiener Neustadt<br \/>\n<a href=\"https:\/\/www.fhwn.ac.at\/\">www.fhwn.ac.at<\/a><\/p>\n<\/div><\/div><\/div><\/div><\/div><\/div><\/div><\/div>\n","protected":false},"excerpt":{"rendered":"","protected":false},"author":2,"featured_media":0,"parent":5119,"menu_order":0,"comment_status":"closed","ping_status":"closed","template":"","meta":{"footnotes":""},"class_list":["post-5416","page","type-page","status-publish","hentry"],"yoast_head":"<!-- This site is optimized with the Yoast SEO plugin v27.2 - https:\/\/yoast.com\/product\/yoast-seo-wordpress\/ -->\n<title>Lean Management &amp; Digitalisierung - j-p-management<\/title>\n<meta name=\"description\" content=\"Lean Management Digitalisierung - Entwicklung und F\u00f6rderung einer Lean-Kultur (\u201eKein Problem ist ein Problem!,), Optimierung Ihrer Prozesse durch die konkrete Anwendung von Lean-Methoden, wie zum Beispiel, Vorbereitung und fachliche Begleitung von mehrt\u00e4gigen Kaizen-Workshops, Wertstromorientierte Neu- und Umplanung Ihrer Fabriken inkl. Umsetzungsplanung und -begleitung, Konzeptionierung und Auslegung von Maschinen, Anlagen, Montagelinien, Arbeitspl\u00e4tzen etc. inkl. Umsetzungsplanung und -begleitung\" \/>\n<meta name=\"robots\" content=\"noindex, follow, max-snippet:-1, max-image-preview:large, max-video-preview:-1\" \/>\n<meta property=\"og:locale\" content=\"de_DE\" \/>\n<meta property=\"og:type\" content=\"article\" \/>\n<meta property=\"og:title\" content=\"Lean Management &amp; Digitalisierung - j-p-management\" \/>\n<meta property=\"og:description\" content=\"Lean Management Digitalisierung - Entwicklung und F\u00f6rderung einer Lean-Kultur (\u201eKein Problem ist ein Problem!,), Optimierung Ihrer Prozesse durch die konkrete Anwendung von Lean-Methoden, wie zum Beispiel, Vorbereitung und fachliche Begleitung von mehrt\u00e4gigen Kaizen-Workshops, Wertstromorientierte Neu- und Umplanung Ihrer Fabriken inkl. Umsetzungsplanung und -begleitung, Konzeptionierung und Auslegung von Maschinen, Anlagen, Montagelinien, Arbeitspl\u00e4tzen etc. inkl. Umsetzungsplanung und -begleitung\" \/>\n<meta property=\"og:url\" content=\"https:\/\/wienerhomepages-projekte.at\/1\/j-p-management\/leistungsfelder\/lean-management-digitalisierung\/\" \/>\n<meta property=\"og:site_name\" content=\"j-p-management\" \/>\n<meta property=\"article:modified_time\" content=\"2026-01-23T15:04:55+00:00\" \/>\n<meta property=\"og:image\" content=\"https:\/\/wienerhomepages-projekte.at\/1\/j-p-management\/wp-content\/uploads\/images\/logos\/donau_uni.jpg\" \/>\n\t<meta property=\"og:image:width\" content=\"50\" \/>\n\t<meta property=\"og:image:height\" content=\"51\" \/>\n\t<meta property=\"og:image:type\" content=\"image\/jpeg\" \/>\n<meta name=\"twitter:card\" content=\"summary_large_image\" \/>\n<meta name=\"twitter:label1\" content=\"Gesch\u00e4tzte Lesezeit\" \/>\n\t<meta name=\"twitter:data1\" content=\"3\u00a0Minuten\" \/>\n<script type=\"application\/ld+json\" class=\"yoast-schema-graph\">{\"@context\":\"https:\/\/schema.org\",\"@graph\":[{\"@type\":\"WebPage\",\"@id\":\"https:\/\/wienerhomepages-projekte.at\/1\/j-p-management\/leistungsfelder\/lean-management-digitalisierung\/\",\"url\":\"https:\/\/wienerhomepages-projekte.at\/1\/j-p-management\/leistungsfelder\/lean-management-digitalisierung\/\",\"name\":\"Lean Management & Digitalisierung - j-p-management\",\"isPartOf\":{\"@id\":\"https:\/\/wienerhomepages-projekte.at\/1\/j-p-management\/#website\"},\"primaryImageOfPage\":{\"@id\":\"https:\/\/wienerhomepages-projekte.at\/1\/j-p-management\/leistungsfelder\/lean-management-digitalisierung\/#primaryimage\"},\"image\":{\"@id\":\"https:\/\/wienerhomepages-projekte.at\/1\/j-p-management\/leistungsfelder\/lean-management-digitalisierung\/#primaryimage\"},\"thumbnailUrl\":\"https:\/\/wienerhomepages-projekte.at\/1\/j-p-management\/wp-content\/uploads\/images\/logos\/donau_uni.jpg\",\"datePublished\":\"2022-06-24T10:27:16+00:00\",\"dateModified\":\"2026-01-23T15:04:55+00:00\",\"description\":\"Lean Management Digitalisierung - Entwicklung und F\u00f6rderung einer Lean-Kultur (\u201eKein Problem ist ein Problem!,), Optimierung Ihrer Prozesse durch die konkrete Anwendung von Lean-Methoden, wie zum Beispiel, Vorbereitung und fachliche Begleitung von mehrt\u00e4gigen Kaizen-Workshops, Wertstromorientierte Neu- und Umplanung Ihrer Fabriken inkl. Umsetzungsplanung und -begleitung, Konzeptionierung und Auslegung von Maschinen, Anlagen, Montagelinien, Arbeitspl\u00e4tzen etc. inkl. Umsetzungsplanung und -begleitung\",\"breadcrumb\":{\"@id\":\"https:\/\/wienerhomepages-projekte.at\/1\/j-p-management\/leistungsfelder\/lean-management-digitalisierung\/#breadcrumb\"},\"inLanguage\":\"de\",\"potentialAction\":[{\"@type\":\"ReadAction\",\"target\":[\"https:\/\/wienerhomepages-projekte.at\/1\/j-p-management\/leistungsfelder\/lean-management-digitalisierung\/\"]}]},{\"@type\":\"ImageObject\",\"inLanguage\":\"de\",\"@id\":\"https:\/\/wienerhomepages-projekte.at\/1\/j-p-management\/leistungsfelder\/lean-management-digitalisierung\/#primaryimage\",\"url\":\"https:\/\/wienerhomepages-projekte.at\/1\/j-p-management\/wp-content\/uploads\/images\/logos\/donau_uni.jpg\",\"contentUrl\":\"https:\/\/wienerhomepages-projekte.at\/1\/j-p-management\/wp-content\/uploads\/images\/logos\/donau_uni.jpg\",\"width\":50,\"height\":51},{\"@type\":\"BreadcrumbList\",\"@id\":\"https:\/\/wienerhomepages-projekte.at\/1\/j-p-management\/leistungsfelder\/lean-management-digitalisierung\/#breadcrumb\",\"itemListElement\":[{\"@type\":\"ListItem\",\"position\":1,\"name\":\"Startseite\",\"item\":\"https:\/\/wienerhomepages-projekte.at\/1\/j-p-management\/\"},{\"@type\":\"ListItem\",\"position\":2,\"name\":\"Consulting, Coaching\",\"item\":\"https:\/\/wienerhomepages-projekte.at\/1\/j-p-management\/leistungsfelder\/\"},{\"@type\":\"ListItem\",\"position\":3,\"name\":\"Lean Management &#038; Digitalisierung\"}]},{\"@type\":\"WebSite\",\"@id\":\"https:\/\/wienerhomepages-projekte.at\/1\/j-p-management\/#website\",\"url\":\"https:\/\/wienerhomepages-projekte.at\/1\/j-p-management\/\",\"name\":\"j-p-management\",\"description\":\"\",\"potentialAction\":[{\"@type\":\"SearchAction\",\"target\":{\"@type\":\"EntryPoint\",\"urlTemplate\":\"https:\/\/wienerhomepages-projekte.at\/1\/j-p-management\/?s={search_term_string}\"},\"query-input\":{\"@type\":\"PropertyValueSpecification\",\"valueRequired\":true,\"valueName\":\"search_term_string\"}}],\"inLanguage\":\"de\"}]}<\/script>\n<!-- \/ Yoast SEO plugin. -->","yoast_head_json":{"title":"Lean Management & Digitalisierung - j-p-management","description":"Lean Management Digitalisierung - Entwicklung und F\u00f6rderung einer Lean-Kultur (\u201eKein Problem ist ein Problem!,), Optimierung Ihrer Prozesse durch die konkrete Anwendung von Lean-Methoden, wie zum Beispiel, Vorbereitung und fachliche Begleitung von mehrt\u00e4gigen Kaizen-Workshops, Wertstromorientierte Neu- und Umplanung Ihrer Fabriken inkl. Umsetzungsplanung und -begleitung, Konzeptionierung und Auslegung von Maschinen, Anlagen, Montagelinien, Arbeitspl\u00e4tzen etc. inkl. Umsetzungsplanung und -begleitung","robots":{"index":"noindex","follow":"follow","max-snippet":"max-snippet:-1","max-image-preview":"max-image-preview:large","max-video-preview":"max-video-preview:-1"},"og_locale":"de_DE","og_type":"article","og_title":"Lean Management & Digitalisierung - j-p-management","og_description":"Lean Management Digitalisierung - Entwicklung und F\u00f6rderung einer Lean-Kultur (\u201eKein Problem ist ein Problem!,), Optimierung Ihrer Prozesse durch die konkrete Anwendung von Lean-Methoden, wie zum Beispiel, Vorbereitung und fachliche Begleitung von mehrt\u00e4gigen Kaizen-Workshops, Wertstromorientierte Neu- und Umplanung Ihrer Fabriken inkl. Umsetzungsplanung und -begleitung, Konzeptionierung und Auslegung von Maschinen, Anlagen, Montagelinien, Arbeitspl\u00e4tzen etc. inkl. Umsetzungsplanung und -begleitung","og_url":"https:\/\/wienerhomepages-projekte.at\/1\/j-p-management\/leistungsfelder\/lean-management-digitalisierung\/","og_site_name":"j-p-management","article_modified_time":"2026-01-23T15:04:55+00:00","og_image":[{"width":50,"height":51,"url":"https:\/\/wienerhomepages-projekte.at\/1\/j-p-management\/wp-content\/uploads\/images\/logos\/donau_uni.jpg","type":"image\/jpeg"}],"twitter_card":"summary_large_image","twitter_misc":{"Gesch\u00e4tzte Lesezeit":"3\u00a0Minuten"},"schema":{"@context":"https:\/\/schema.org","@graph":[{"@type":"WebPage","@id":"https:\/\/wienerhomepages-projekte.at\/1\/j-p-management\/leistungsfelder\/lean-management-digitalisierung\/","url":"https:\/\/wienerhomepages-projekte.at\/1\/j-p-management\/leistungsfelder\/lean-management-digitalisierung\/","name":"Lean Management & Digitalisierung - j-p-management","isPartOf":{"@id":"https:\/\/wienerhomepages-projekte.at\/1\/j-p-management\/#website"},"primaryImageOfPage":{"@id":"https:\/\/wienerhomepages-projekte.at\/1\/j-p-management\/leistungsfelder\/lean-management-digitalisierung\/#primaryimage"},"image":{"@id":"https:\/\/wienerhomepages-projekte.at\/1\/j-p-management\/leistungsfelder\/lean-management-digitalisierung\/#primaryimage"},"thumbnailUrl":"https:\/\/wienerhomepages-projekte.at\/1\/j-p-management\/wp-content\/uploads\/images\/logos\/donau_uni.jpg","datePublished":"2022-06-24T10:27:16+00:00","dateModified":"2026-01-23T15:04:55+00:00","description":"Lean Management Digitalisierung - Entwicklung und F\u00f6rderung einer Lean-Kultur (\u201eKein Problem ist ein Problem!,), Optimierung Ihrer Prozesse durch die konkrete Anwendung von Lean-Methoden, wie zum Beispiel, Vorbereitung und fachliche Begleitung von mehrt\u00e4gigen Kaizen-Workshops, Wertstromorientierte Neu- und Umplanung Ihrer Fabriken inkl. Umsetzungsplanung und -begleitung, Konzeptionierung und Auslegung von Maschinen, Anlagen, Montagelinien, Arbeitspl\u00e4tzen etc. inkl. Umsetzungsplanung und -begleitung","breadcrumb":{"@id":"https:\/\/wienerhomepages-projekte.at\/1\/j-p-management\/leistungsfelder\/lean-management-digitalisierung\/#breadcrumb"},"inLanguage":"de","potentialAction":[{"@type":"ReadAction","target":["https:\/\/wienerhomepages-projekte.at\/1\/j-p-management\/leistungsfelder\/lean-management-digitalisierung\/"]}]},{"@type":"ImageObject","inLanguage":"de","@id":"https:\/\/wienerhomepages-projekte.at\/1\/j-p-management\/leistungsfelder\/lean-management-digitalisierung\/#primaryimage","url":"https:\/\/wienerhomepages-projekte.at\/1\/j-p-management\/wp-content\/uploads\/images\/logos\/donau_uni.jpg","contentUrl":"https:\/\/wienerhomepages-projekte.at\/1\/j-p-management\/wp-content\/uploads\/images\/logos\/donau_uni.jpg","width":50,"height":51},{"@type":"BreadcrumbList","@id":"https:\/\/wienerhomepages-projekte.at\/1\/j-p-management\/leistungsfelder\/lean-management-digitalisierung\/#breadcrumb","itemListElement":[{"@type":"ListItem","position":1,"name":"Startseite","item":"https:\/\/wienerhomepages-projekte.at\/1\/j-p-management\/"},{"@type":"ListItem","position":2,"name":"Consulting, Coaching","item":"https:\/\/wienerhomepages-projekte.at\/1\/j-p-management\/leistungsfelder\/"},{"@type":"ListItem","position":3,"name":"Lean Management &#038; Digitalisierung"}]},{"@type":"WebSite","@id":"https:\/\/wienerhomepages-projekte.at\/1\/j-p-management\/#website","url":"https:\/\/wienerhomepages-projekte.at\/1\/j-p-management\/","name":"j-p-management","description":"","potentialAction":[{"@type":"SearchAction","target":{"@type":"EntryPoint","urlTemplate":"https:\/\/wienerhomepages-projekte.at\/1\/j-p-management\/?s={search_term_string}"},"query-input":{"@type":"PropertyValueSpecification","valueRequired":true,"valueName":"search_term_string"}}],"inLanguage":"de"}]}},"_links":{"self":[{"href":"https:\/\/wienerhomepages-projekte.at\/1\/j-p-management\/wp-json\/wp\/v2\/pages\/5416","targetHints":{"allow":["GET"]}}],"collection":[{"href":"https:\/\/wienerhomepages-projekte.at\/1\/j-p-management\/wp-json\/wp\/v2\/pages"}],"about":[{"href":"https:\/\/wienerhomepages-projekte.at\/1\/j-p-management\/wp-json\/wp\/v2\/types\/page"}],"author":[{"embeddable":true,"href":"https:\/\/wienerhomepages-projekte.at\/1\/j-p-management\/wp-json\/wp\/v2\/users\/2"}],"replies":[{"embeddable":true,"href":"https:\/\/wienerhomepages-projekte.at\/1\/j-p-management\/wp-json\/wp\/v2\/comments?post=5416"}],"version-history":[{"count":38,"href":"https:\/\/wienerhomepages-projekte.at\/1\/j-p-management\/wp-json\/wp\/v2\/pages\/5416\/revisions"}],"predecessor-version":[{"id":8878,"href":"https:\/\/wienerhomepages-projekte.at\/1\/j-p-management\/wp-json\/wp\/v2\/pages\/5416\/revisions\/8878"}],"up":[{"embeddable":true,"href":"https:\/\/wienerhomepages-projekte.at\/1\/j-p-management\/wp-json\/wp\/v2\/pages\/5119"}],"wp:attachment":[{"href":"https:\/\/wienerhomepages-projekte.at\/1\/j-p-management\/wp-json\/wp\/v2\/media?parent=5416"}],"curies":[{"name":"wp","href":"https:\/\/api.w.org\/{rel}","templated":true}]}}