{"id":5119,"date":"2022-04-11T13:38:59","date_gmt":"2022-04-11T11:38:59","guid":{"rendered":"https:\/\/wienerhomepages-projekte.at\/1\/j-p-management\/?page_id=5119"},"modified":"2025-09-11T09:23:31","modified_gmt":"2025-09-11T07:23:31","slug":"leistungsfelder","status":"publish","type":"page","link":"https:\/\/wienerhomepages-projekte.at\/1\/j-p-management\/leistungsfelder\/","title":{"rendered":"Consulting, Coaching"},"content":{"rendered":"<div class=\"fusion-fullwidth fullwidth-box fusion-builder-row-1 fusion-flex-container nonhundred-percent-fullwidth non-hundred-percent-height-scrolling\" style=\"--awb-border-radius-top-left:0px;--awb-border-radius-top-right:0px;--awb-border-radius-bottom-right:0px;--awb-border-radius-bottom-left:0px;--awb-flex-wrap:wrap;\" ><div class=\"fusion-builder-row fusion-row fusion-flex-align-items-flex-start fusion-flex-content-wrap\" style=\"max-width:1216.8px;margin-left: calc(-4% \/ 2 );margin-right: calc(-4% \/ 2 );\"><div class=\"fusion-layout-column fusion_builder_column fusion-builder-column-0 fusion_builder_column_1_1 1_1 fusion-flex-column\" style=\"--awb-bg-size:cover;--awb-width-large:100%;--awb-margin-top-large:0px;--awb-spacing-right-large:1.92%;--awb-margin-bottom-large:20px;--awb-spacing-left-large:1.92%;--awb-width-medium:100%;--awb-order-medium:0;--awb-spacing-right-medium:1.92%;--awb-spacing-left-medium:1.92%;--awb-width-small:100%;--awb-order-small:0;--awb-spacing-right-small:1.92%;--awb-spacing-left-small:1.92%;\"><div class=\"fusion-column-wrapper fusion-column-has-shadow fusion-flex-justify-content-flex-start fusion-content-layout-column\"><div class=\"fusion-text fusion-text-1\"><h2>Unsere besondere St\u00e4rke liegt darin, Sie aktiv vor Ort zu unterst\u00fctzen.<\/h2>\n<p>Gemeinsam mit Ihnen verbessern wir die Qualit\u00e4t Ihrer Produkte und Dienstleistungen und die Leistungsf\u00e4higkeit Ihrer Prozesse.<\/p>\n<p>Unsere besonderen Kompetenzen liegt auf den Gebieten<\/p>\n<ul class=\"icon-dreieck\">\n<li><a href=\"https:\/\/wienerhomepages-projekte.at\/1\/j-p-management\/leistungsfelder\/lean-management-digitalisierung\/\">Lean Management &amp; Digitalisierung<\/a><\/li>\n<li><a href=\"https:\/\/wienerhomepages-projekte.at\/1\/j-p-management\/leistungsfelder\/six-sigma-design-for-six-sigma\/\">Six Sigma \/ Design for Six Sigma<\/a><\/li>\n<li><a href=\"https:\/\/wienerhomepages-projekte.at\/1\/j-p-management\/leistungsfelder\/qualitaetsplanung-qualitaetsverbesserung\/\">Qualit\u00e4tsplanung und Qualit\u00e4tsverbesserung<\/a><\/li>\n<li><a href=\"https:\/\/wienerhomepages-projekte.at\/1\/j-p-management\/leistungsfelder\/projektmanagement\/\">Projektmanagement<\/a><\/li>\n<li><a href=\"https:\/\/wienerhomepages-projekte.at\/1\/j-p-management\/leistungsfelder\/fuehrungskraefteentwicklung\/\">F\u00fchrungskr\u00e4fteentwicklung<\/a><\/li>\n<\/ul>\n<p>Dar\u00fcber hinaus bieten wir Ihnen konkrete Unterst\u00fctzung bei der<\/p>\n<ul class=\"icon-dreieck\">\n<li><a href=\"https:\/\/wienerhomepages-projekte.at\/1\/j-p-management\/leistungsfelder\/technische-optimierungen\/\">technischen Optimierung<\/a><\/li>\n<\/ul>\n<p>Ihrer Produkte und Produktionsprozesse.<\/p>\n<p>Um sicherzustellen, dass die Optimierungen zielorientiert und nachhaltig erfolgen, verf\u00fcgen unsere Trainerinnen und Trainer sowie Coaches zus\u00e4tzlich \u00fcber tiefgehendes Wissen zu den Themen<\/p>\n<ul class=\"icon-dreieck\">\n<li><a href=\"https:\/\/wienerhomepages-projekte.at\/1\/j-p-management\/leistungsfelder\/strategisches-management\/\">Strategisches Management<\/a><\/li>\n<li><a href=\"https:\/\/wienerhomepages-projekte.at\/1\/j-p-management\/leistungsfelder\/prozessmanagement\/\">Prozessmanagement<\/a><\/li>\n<li><a href=\"https:\/\/wienerhomepages-projekte.at\/1\/j-p-management\/leistungsfelder\/integrierte-managementsysteme\/\">Integrierte Managementsysteme<\/a><\/li>\n<\/ul>\n<p>Sehr gerne unterst\u00fctzen wir Sie auch bei diesen Themen.<\/p>\n<h2 class=\"blau\"><strong>Quality meets productivity!<\/strong><\/h2>\n<\/div><\/div><\/div><\/div><\/div>\n","protected":false},"excerpt":{"rendered":"","protected":false},"author":6,"featured_media":0,"parent":0,"menu_order":0,"comment_status":"closed","ping_status":"closed","template":"","meta":{"footnotes":""},"class_list":["post-5119","page","type-page","status-publish","hentry"],"yoast_head":"<!-- This site is optimized with the Yoast SEO plugin v27.2 - https:\/\/yoast.com\/product\/yoast-seo-wordpress\/ -->\n<title>Consulting, Coaching - j-p-management<\/title>\n<meta name=\"description\" content=\"Unsere besondere St\u00e4rke liegt darin, Sie aktiv vor Ort zu unterst\u00fctzen. Gemeinsam mit Ihnen verbessern wir die Qualit\u00e4t Ihrer Produkte und Dienstleistungen und die Leistungsf\u00e4higkeit Ihrer Prozesse. Sowohl in Ihrer Produktion als auch in Ihren indirekten Bereichen. Unsere besondere Kompetenz liegt auf den Gebieten. Lean Management &amp; Digitalisierung(Lean Production, Lean Administration, Lean Leadership, Smart Enterprise)Six Sigma \/ Design for Six Sigma, Qualit\u00e4tsplanung und Qualit\u00e4tsverbesserung. Dar\u00fcber hinaus bieten wir Ihnen konkrete Unterst\u00fctzung bei der technischen Optimierung. Ihrer Produkte und Produktionsprozesse.U m sicherzustellen, dass die Optimierungen zielorientiert und nachhaltig erfolgen, verf\u00fcgen unsere Trainerinnen und Trainer sowie Coaches zus\u00e4tzlich \u00fcber tiefgehendes Wissen zu den Themen: Integrierte Managementsysteme, Strategisches Management, Prozessmanagement, Projektmanagement. Gerne unterst\u00fctzen wir Sie auch bei diesen Themen.\" \/>\n<meta name=\"robots\" content=\"noindex, follow, max-snippet:-1, max-image-preview:large, max-video-preview:-1\" \/>\n<meta property=\"og:locale\" content=\"de_DE\" \/>\n<meta property=\"og:type\" content=\"article\" \/>\n<meta property=\"og:title\" content=\"Consulting, Coaching - j-p-management\" \/>\n<meta property=\"og:description\" content=\"Unsere besondere St\u00e4rke liegt darin, Sie aktiv vor Ort zu unterst\u00fctzen. Gemeinsam mit Ihnen verbessern wir die Qualit\u00e4t Ihrer Produkte und Dienstleistungen und die Leistungsf\u00e4higkeit Ihrer Prozesse. Sowohl in Ihrer Produktion als auch in Ihren indirekten Bereichen. Unsere besondere Kompetenz liegt auf den Gebieten. Lean Management &amp; Digitalisierung(Lean Production, Lean Administration, Lean Leadership, Smart Enterprise)Six Sigma \/ Design for Six Sigma, Qualit\u00e4tsplanung und Qualit\u00e4tsverbesserung. Dar\u00fcber hinaus bieten wir Ihnen konkrete Unterst\u00fctzung bei der technischen Optimierung. Ihrer Produkte und Produktionsprozesse.U m sicherzustellen, dass die Optimierungen zielorientiert und nachhaltig erfolgen, verf\u00fcgen unsere Trainerinnen und Trainer sowie Coaches zus\u00e4tzlich \u00fcber tiefgehendes Wissen zu den Themen: Integrierte Managementsysteme, Strategisches Management, Prozessmanagement, Projektmanagement. Gerne unterst\u00fctzen wir Sie auch bei diesen Themen.\" \/>\n<meta property=\"og:url\" content=\"https:\/\/wienerhomepages-projekte.at\/1\/j-p-management\/leistungsfelder\/\" \/>\n<meta property=\"og:site_name\" content=\"j-p-management\" \/>\n<meta property=\"article:modified_time\" content=\"2025-09-11T07:23:31+00:00\" \/>\n<meta name=\"twitter:card\" content=\"summary_large_image\" \/>\n<meta name=\"twitter:label1\" content=\"Gesch\u00e4tzte Lesezeit\" \/>\n\t<meta name=\"twitter:data1\" content=\"1\u00a0Minute\" \/>\n<script type=\"application\/ld+json\" class=\"yoast-schema-graph\">{\"@context\":\"https:\/\/schema.org\",\"@graph\":[{\"@type\":\"WebPage\",\"@id\":\"https:\/\/wienerhomepages-projekte.at\/1\/j-p-management\/leistungsfelder\/\",\"url\":\"https:\/\/wienerhomepages-projekte.at\/1\/j-p-management\/leistungsfelder\/\",\"name\":\"Consulting, Coaching - j-p-management\",\"isPartOf\":{\"@id\":\"https:\/\/wienerhomepages-projekte.at\/1\/j-p-management\/#website\"},\"datePublished\":\"2022-04-11T11:38:59+00:00\",\"dateModified\":\"2025-09-11T07:23:31+00:00\",\"description\":\"Unsere besondere St\u00e4rke liegt darin, Sie aktiv vor Ort zu unterst\u00fctzen. Gemeinsam mit Ihnen verbessern wir die Qualit\u00e4t Ihrer Produkte und Dienstleistungen und die Leistungsf\u00e4higkeit Ihrer Prozesse. Sowohl in Ihrer Produktion als auch in Ihren indirekten Bereichen. Unsere besondere Kompetenz liegt auf den Gebieten. Lean Management & Digitalisierung(Lean Production, Lean Administration, Lean Leadership, Smart Enterprise)Six Sigma \/ Design for Six Sigma, Qualit\u00e4tsplanung und Qualit\u00e4tsverbesserung. Dar\u00fcber hinaus bieten wir Ihnen konkrete Unterst\u00fctzung bei der technischen Optimierung. Ihrer Produkte und Produktionsprozesse.U m sicherzustellen, dass die Optimierungen zielorientiert und nachhaltig erfolgen, verf\u00fcgen unsere Trainerinnen und Trainer sowie Coaches zus\u00e4tzlich \u00fcber tiefgehendes Wissen zu den Themen: Integrierte Managementsysteme, Strategisches Management, Prozessmanagement, Projektmanagement. Gerne unterst\u00fctzen wir Sie auch bei diesen Themen.\",\"breadcrumb\":{\"@id\":\"https:\/\/wienerhomepages-projekte.at\/1\/j-p-management\/leistungsfelder\/#breadcrumb\"},\"inLanguage\":\"de\",\"potentialAction\":[{\"@type\":\"ReadAction\",\"target\":[\"https:\/\/wienerhomepages-projekte.at\/1\/j-p-management\/leistungsfelder\/\"]}]},{\"@type\":\"BreadcrumbList\",\"@id\":\"https:\/\/wienerhomepages-projekte.at\/1\/j-p-management\/leistungsfelder\/#breadcrumb\",\"itemListElement\":[{\"@type\":\"ListItem\",\"position\":1,\"name\":\"Startseite\",\"item\":\"https:\/\/wienerhomepages-projekte.at\/1\/j-p-management\/\"},{\"@type\":\"ListItem\",\"position\":2,\"name\":\"Consulting, Coaching\"}]},{\"@type\":\"WebSite\",\"@id\":\"https:\/\/wienerhomepages-projekte.at\/1\/j-p-management\/#website\",\"url\":\"https:\/\/wienerhomepages-projekte.at\/1\/j-p-management\/\",\"name\":\"j-p-management\",\"description\":\"\",\"potentialAction\":[{\"@type\":\"SearchAction\",\"target\":{\"@type\":\"EntryPoint\",\"urlTemplate\":\"https:\/\/wienerhomepages-projekte.at\/1\/j-p-management\/?s={search_term_string}\"},\"query-input\":{\"@type\":\"PropertyValueSpecification\",\"valueRequired\":true,\"valueName\":\"search_term_string\"}}],\"inLanguage\":\"de\"}]}<\/script>\n<!-- \/ Yoast SEO plugin. -->","yoast_head_json":{"title":"Consulting, Coaching - j-p-management","description":"Unsere besondere St\u00e4rke liegt darin, Sie aktiv vor Ort zu unterst\u00fctzen. Gemeinsam mit Ihnen verbessern wir die Qualit\u00e4t Ihrer Produkte und Dienstleistungen und die Leistungsf\u00e4higkeit Ihrer Prozesse. Sowohl in Ihrer Produktion als auch in Ihren indirekten Bereichen. Unsere besondere Kompetenz liegt auf den Gebieten. Lean Management & Digitalisierung(Lean Production, Lean Administration, Lean Leadership, Smart Enterprise)Six Sigma \/ Design for Six Sigma, Qualit\u00e4tsplanung und Qualit\u00e4tsverbesserung. Dar\u00fcber hinaus bieten wir Ihnen konkrete Unterst\u00fctzung bei der technischen Optimierung. Ihrer Produkte und Produktionsprozesse.U m sicherzustellen, dass die Optimierungen zielorientiert und nachhaltig erfolgen, verf\u00fcgen unsere Trainerinnen und Trainer sowie Coaches zus\u00e4tzlich \u00fcber tiefgehendes Wissen zu den Themen: Integrierte Managementsysteme, Strategisches Management, Prozessmanagement, Projektmanagement. Gerne unterst\u00fctzen wir Sie auch bei diesen Themen.","robots":{"index":"noindex","follow":"follow","max-snippet":"max-snippet:-1","max-image-preview":"max-image-preview:large","max-video-preview":"max-video-preview:-1"},"og_locale":"de_DE","og_type":"article","og_title":"Consulting, Coaching - j-p-management","og_description":"Unsere besondere St\u00e4rke liegt darin, Sie aktiv vor Ort zu unterst\u00fctzen. Gemeinsam mit Ihnen verbessern wir die Qualit\u00e4t Ihrer Produkte und Dienstleistungen und die Leistungsf\u00e4higkeit Ihrer Prozesse. Sowohl in Ihrer Produktion als auch in Ihren indirekten Bereichen. Unsere besondere Kompetenz liegt auf den Gebieten. Lean Management & Digitalisierung(Lean Production, Lean Administration, Lean Leadership, Smart Enterprise)Six Sigma \/ Design for Six Sigma, Qualit\u00e4tsplanung und Qualit\u00e4tsverbesserung. Dar\u00fcber hinaus bieten wir Ihnen konkrete Unterst\u00fctzung bei der technischen Optimierung. Ihrer Produkte und Produktionsprozesse.U m sicherzustellen, dass die Optimierungen zielorientiert und nachhaltig erfolgen, verf\u00fcgen unsere Trainerinnen und Trainer sowie Coaches zus\u00e4tzlich \u00fcber tiefgehendes Wissen zu den Themen: Integrierte Managementsysteme, Strategisches Management, Prozessmanagement, Projektmanagement. Gerne unterst\u00fctzen wir Sie auch bei diesen Themen.","og_url":"https:\/\/wienerhomepages-projekte.at\/1\/j-p-management\/leistungsfelder\/","og_site_name":"j-p-management","article_modified_time":"2025-09-11T07:23:31+00:00","twitter_card":"summary_large_image","twitter_misc":{"Gesch\u00e4tzte Lesezeit":"1\u00a0Minute"},"schema":{"@context":"https:\/\/schema.org","@graph":[{"@type":"WebPage","@id":"https:\/\/wienerhomepages-projekte.at\/1\/j-p-management\/leistungsfelder\/","url":"https:\/\/wienerhomepages-projekte.at\/1\/j-p-management\/leistungsfelder\/","name":"Consulting, Coaching - j-p-management","isPartOf":{"@id":"https:\/\/wienerhomepages-projekte.at\/1\/j-p-management\/#website"},"datePublished":"2022-04-11T11:38:59+00:00","dateModified":"2025-09-11T07:23:31+00:00","description":"Unsere besondere St\u00e4rke liegt darin, Sie aktiv vor Ort zu unterst\u00fctzen. Gemeinsam mit Ihnen verbessern wir die Qualit\u00e4t Ihrer Produkte und Dienstleistungen und die Leistungsf\u00e4higkeit Ihrer Prozesse. Sowohl in Ihrer Produktion als auch in Ihren indirekten Bereichen. Unsere besondere Kompetenz liegt auf den Gebieten. Lean Management & Digitalisierung(Lean Production, Lean Administration, Lean Leadership, Smart Enterprise)Six Sigma \/ Design for Six Sigma, Qualit\u00e4tsplanung und Qualit\u00e4tsverbesserung. Dar\u00fcber hinaus bieten wir Ihnen konkrete Unterst\u00fctzung bei der technischen Optimierung. Ihrer Produkte und Produktionsprozesse.U m sicherzustellen, dass die Optimierungen zielorientiert und nachhaltig erfolgen, verf\u00fcgen unsere Trainerinnen und Trainer sowie Coaches zus\u00e4tzlich \u00fcber tiefgehendes Wissen zu den Themen: Integrierte Managementsysteme, Strategisches Management, Prozessmanagement, Projektmanagement. Gerne unterst\u00fctzen wir Sie auch bei diesen Themen.","breadcrumb":{"@id":"https:\/\/wienerhomepages-projekte.at\/1\/j-p-management\/leistungsfelder\/#breadcrumb"},"inLanguage":"de","potentialAction":[{"@type":"ReadAction","target":["https:\/\/wienerhomepages-projekte.at\/1\/j-p-management\/leistungsfelder\/"]}]},{"@type":"BreadcrumbList","@id":"https:\/\/wienerhomepages-projekte.at\/1\/j-p-management\/leistungsfelder\/#breadcrumb","itemListElement":[{"@type":"ListItem","position":1,"name":"Startseite","item":"https:\/\/wienerhomepages-projekte.at\/1\/j-p-management\/"},{"@type":"ListItem","position":2,"name":"Consulting, Coaching"}]},{"@type":"WebSite","@id":"https:\/\/wienerhomepages-projekte.at\/1\/j-p-management\/#website","url":"https:\/\/wienerhomepages-projekte.at\/1\/j-p-management\/","name":"j-p-management","description":"","potentialAction":[{"@type":"SearchAction","target":{"@type":"EntryPoint","urlTemplate":"https:\/\/wienerhomepages-projekte.at\/1\/j-p-management\/?s={search_term_string}"},"query-input":{"@type":"PropertyValueSpecification","valueRequired":true,"valueName":"search_term_string"}}],"inLanguage":"de"}]}},"_links":{"self":[{"href":"https:\/\/wienerhomepages-projekte.at\/1\/j-p-management\/wp-json\/wp\/v2\/pages\/5119","targetHints":{"allow":["GET"]}}],"collection":[{"href":"https:\/\/wienerhomepages-projekte.at\/1\/j-p-management\/wp-json\/wp\/v2\/pages"}],"about":[{"href":"https:\/\/wienerhomepages-projekte.at\/1\/j-p-management\/wp-json\/wp\/v2\/types\/page"}],"author":[{"embeddable":true,"href":"https:\/\/wienerhomepages-projekte.at\/1\/j-p-management\/wp-json\/wp\/v2\/users\/6"}],"replies":[{"embeddable":true,"href":"https:\/\/wienerhomepages-projekte.at\/1\/j-p-management\/wp-json\/wp\/v2\/comments?post=5119"}],"version-history":[{"count":11,"href":"https:\/\/wienerhomepages-projekte.at\/1\/j-p-management\/wp-json\/wp\/v2\/pages\/5119\/revisions"}],"predecessor-version":[{"id":8844,"href":"https:\/\/wienerhomepages-projekte.at\/1\/j-p-management\/wp-json\/wp\/v2\/pages\/5119\/revisions\/8844"}],"wp:attachment":[{"href":"https:\/\/wienerhomepages-projekte.at\/1\/j-p-management\/wp-json\/wp\/v2\/media?parent=5119"}],"curies":[{"name":"wp","href":"https:\/\/api.w.org\/{rel}","templated":true}]}}