{"id":5118,"date":"2022-04-11T13:38:53","date_gmt":"2022-04-11T11:38:53","guid":{"rendered":"https:\/\/wienerhomepages-projekte.at\/1\/j-p-management\/?page_id=5118"},"modified":"2025-08-20T17:49:54","modified_gmt":"2025-08-20T15:49:54","slug":"unternehmen","status":"publish","type":"page","link":"https:\/\/wienerhomepages-projekte.at\/1\/j-p-management\/unternehmen\/","title":{"rendered":"\u00dcber uns"},"content":{"rendered":"<p><div class=\"fusion-fullwidth fullwidth-box fusion-builder-row-1 fusion-flex-container has-pattern-background has-mask-background nonhundred-percent-fullwidth non-hundred-percent-height-scrolling\" style=\"--awb-border-radius-top-left:0px;--awb-border-radius-top-right:0px;--awb-border-radius-bottom-right:0px;--awb-border-radius-bottom-left:0px;--awb-flex-wrap:wrap;\" ><div class=\"fusion-builder-row fusion-row fusion-flex-align-items-flex-start fusion-flex-content-wrap\" style=\"max-width:1216.8px;margin-left: calc(-4% \/ 2 );margin-right: calc(-4% \/ 2 );\"><div class=\"fusion-layout-column fusion_builder_column fusion-builder-column-0 fusion_builder_column_1_1 1_1 fusion-flex-column\" style=\"--awb-bg-size:cover;--awb-width-large:100%;--awb-margin-top-large:0px;--awb-spacing-right-large:1.92%;--awb-margin-bottom-large:20px;--awb-spacing-left-large:1.92%;--awb-width-medium:100%;--awb-order-medium:0;--awb-spacing-right-medium:1.92%;--awb-spacing-left-medium:1.92%;--awb-width-small:100%;--awb-order-small:0;--awb-spacing-right-small:1.92%;--awb-spacing-left-small:1.92%;\"><div class=\"fusion-column-wrapper fusion-column-has-shadow fusion-flex-justify-content-flex-start fusion-content-layout-column\"><div class=\"fusion-text fusion-text-1\"><h2>Unsere Mission<\/h2>\n<p>Wir bef\u00e4higen unsere Kunden, ihre erfolgsentscheidenden Prozesse kundenorientiert, robust und effizient zu gestalten und ihre Produktivit\u00e4t laufend zu verbessern.<\/p>\n<h2>Unsere Leistungsfelder<\/h2>\n<\/div><\/div><\/div><\/div><\/div><div class=\"fusion-fullwidth fullwidth-box fusion-builder-row-2 fusion-flex-container has-pattern-background has-mask-background nonhundred-percent-fullwidth non-hundred-percent-height-scrolling equal_heights2\" style=\"--awb-border-radius-top-left:0px;--awb-border-radius-top-right:0px;--awb-border-radius-bottom-right:0px;--awb-border-radius-bottom-left:0px;--awb-flex-wrap:wrap;\" ><div class=\"fusion-builder-row fusion-row fusion-flex-align-items-flex-start fusion-flex-content-wrap\" style=\"max-width:1216.8px;margin-left: calc(-4% \/ 2 );margin-right: calc(-4% \/ 2 );\"><div class=\"fusion-layout-column fusion_builder_column fusion-builder-column-1 fusion_builder_column_1_2 1_2 fusion-flex-column\" style=\"--awb-bg-size:cover;--awb-width-large:50%;--awb-margin-top-large:0px;--awb-spacing-right-large:3.84%;--awb-margin-bottom-large:20px;--awb-spacing-left-large:3.84%;--awb-width-medium:100%;--awb-order-medium:0;--awb-spacing-right-medium:1.92%;--awb-spacing-left-medium:1.92%;--awb-width-small:100%;--awb-order-small:0;--awb-spacing-right-small:1.92%;--awb-spacing-left-small:1.92%;\"><div class=\"fusion-column-wrapper fusion-column-has-shadow fusion-flex-justify-content-flex-start fusion-content-layout-column\"><div class=\"fusion-reading-box-container reading-box-container-1\" style=\"--awb-title-color:#ca6b06;--awb-margin-top:0px;--awb-margin-bottom:20px;\"><div class=\"reading-box\" style=\"background-color:var(--awb-color2);border-width:1px;border-color:rgba(226,226,226,0);border-left-width:3px;border-left-color:var(--primary_color);border-style:solid;\"><h2><a href=\"https:\/\/wienerhomepages-projekte.at\/1\/j-p-management\/akademie\/\">Akademie<\/a><\/h2><div class=\"reading-box-additional fusion-reading-box-additional\">\n<p>Der inhaltliche Schwerpunkt unserer <a href=\"https:\/\/wienerhomepages-projekte.at\/1\/j-p-management\/akademie\/trainings\/\">Trainings<\/a> und <a href=\"https:\/\/wienerhomepages-projekte.at\/1\/j-p-management\/akademie\/zertifizierte-lehrgaenge\/\">Lehrg\u00e4nge<\/a> dreht sich um die Themen Lean Management, Qualit\u00e4tsmanagement, Six Sigma, F\u00fchrungskr\u00e4fteentwicklung, Prozessmanagement und interkulturelle Business-Kompetenz.<br \/>\nSie zeichnen sich durch besondere Praxisorientierung aus, was von integrierten <a href=\"https:\/\/wienerhomepages-projekte.at\/1\/j-p-management\/akademie\/lernspiele\/\">Lernspielen<\/a> und Praxisbeispielen bis hin zur <a href=\"https:\/\/wienerhomepages-projekte.at\/1\/j-p-management\/akademie\/lerntransfer-und-realisierung-konkreter-verbesserungen\/\">praktischen Anwendung im eigenen Unternehmen<\/a> reicht. Dem f\u00fcr die Industrie besonders wichtigen Thema \u201cIndustrie 4.0 \/ Digitalisierung \/ K\u00fcnstliche Intelligenz\u201d wird in allen relevanten Trainings und Lehrg\u00e4ngen Rechnung getragen.<\/p>\n<p>Die Trainings und Lehrg\u00e4nge k\u00f6nnen auch als individuell gestaltete <a href=\"https:\/\/wienerhomepages-projekte.at\/1\/j-p-management\/akademie\/inhouse-qualifizierung\/\">Inhouse-Qualifizierungen<\/a> in Ihrem Unternehmen durchgef\u00fchrt werden.<\/p>\n<\/div><div class=\"fusion-clearfix\"><\/div><\/div><\/div><\/div><\/div><div class=\"fusion-layout-column fusion_builder_column fusion-builder-column-2 fusion_builder_column_1_2 1_2 fusion-flex-column\" style=\"--awb-bg-size:cover;--awb-width-large:50%;--awb-margin-top-large:0px;--awb-spacing-right-large:3.84%;--awb-margin-bottom-large:20px;--awb-spacing-left-large:3.84%;--awb-width-medium:100%;--awb-order-medium:0;--awb-spacing-right-medium:1.92%;--awb-spacing-left-medium:1.92%;--awb-width-small:100%;--awb-order-small:0;--awb-spacing-right-small:1.92%;--awb-spacing-left-small:1.92%;\"><div class=\"fusion-column-wrapper fusion-column-has-shadow fusion-flex-justify-content-flex-start fusion-content-layout-column\"><div class=\"fusion-reading-box-container reading-box-container-2\" style=\"--awb-title-color:#ca6b06;--awb-margin-top:0px;--awb-margin-bottom:20px;\"><div class=\"reading-box\" style=\"background-color:var(--awb-color2);border-width:1px;border-color:rgba(226,226,226,0);border-left-width:3px;border-left-color:var(--primary_color);border-style:solid;\"><h2><a href=\"https:\/\/wienerhomepages-projekte.at\/1\/j-p-management\/leistungsfelder\/\">Consulting, Coaching<\/a><\/h2><div class=\"reading-box-additional fusion-reading-box-additional\">\n<p>Gemeinsam mit Ihnen verbessern wir die Qualit\u00e4t Ihrer Produkte und Dienstleistungen und die Leistungsf\u00e4higkeit Ihrer Prozesse. Sowohl in Ihrer Produktion als auch in Ihren indirekten Bereichen.<\/p>\n<p>Unsere besondere Kompetenz liegt auf den Gebieten:<\/p>\n<ul>\n<li><a href=\"https:\/\/wienerhomepages-projekte.at\/1\/j-p-management\/leistungsfelder\/lean-management-digitalisierung\/\">Lean Management &amp; Digitalisierung<\/a><\/li>\n<li><a href=\"https:\/\/wienerhomepages-projekte.at\/1\/j-p-management\/leistungsfelder\/six-sigma-design-for-six-sigma\/\">Six Sigma \/ Design for Six Sigma<\/a><\/li>\n<li><a href=\"https:\/\/wienerhomepages-projekte.at\/1\/j-p-management\/leistungsfelder\/qualitaetsplanung-qualitaetsverbesserung\/\">Qualit\u00e4tsplanung und Qualit\u00e4tsverbesserung<\/a><\/li>\n<li><a href=\"https:\/\/wienerhomepages-projekte.at\/1\/j-p-management\/leistungsfelder\/technische-optimierungen\/\">technische Optimierung Ihrer Produkte und Produktionsprozesse<\/a><\/li>\n<li><a href=\"https:\/\/wienerhomepages-projekte.at\/1\/j-p-management\/leistungsfelder\/integrierte-managementsysteme\/\">Integrierte Managementsysteme<\/a><\/li>\n<li><a href=\"https:\/\/wienerhomepages-projekte.at\/1\/j-p-management\/leistungsfelder\/strategisches-management\/\">Strategisches Management<\/a><\/li>\n<li><a href=\"https:\/\/wienerhomepages-projekte.at\/1\/j-p-management\/leistungsfelder\/prozessmanagement\/\">Prozessmanagement<\/a><\/li>\n<\/ul>\n<\/div><div class=\"fusion-clearfix\"><\/div><\/div><\/div><\/div><\/div><\/div><\/div><div class=\"fusion-fullwidth fullwidth-box fusion-builder-row-3 fusion-flex-container has-pattern-background has-mask-background nonhundred-percent-fullwidth non-hundred-percent-height-scrolling ausgeblendet\" style=\"--awb-border-radius-top-left:0px;--awb-border-radius-top-right:0px;--awb-border-radius-bottom-right:0px;--awb-border-radius-bottom-left:0px;--awb-flex-wrap:wrap;\" ><div class=\"fusion-builder-row fusion-row fusion-flex-align-items-flex-start fusion-flex-content-wrap\" style=\"max-width:1216.8px;margin-left: calc(-4% \/ 2 );margin-right: calc(-4% \/ 2 );\"><div class=\"fusion-layout-column fusion_builder_column fusion-builder-column-3 fusion_builder_column_1_1 1_1 fusion-flex-column\" style=\"--awb-bg-size:cover;--awb-width-large:100%;--awb-margin-top-large:0px;--awb-spacing-right-large:1.92%;--awb-margin-bottom-large:20px;--awb-spacing-left-large:1.92%;--awb-width-medium:100%;--awb-order-medium:0;--awb-spacing-right-medium:1.92%;--awb-spacing-left-medium:1.92%;--awb-width-small:100%;--awb-order-small:0;--awb-spacing-right-small:1.92%;--awb-spacing-left-small:1.92%;\"><div class=\"fusion-column-wrapper fusion-column-has-shadow fusion-flex-justify-content-flex-start fusion-content-layout-column\"><div class=\"fusion-text fusion-text-2\"><h2>Unsere Leistungsfelder<\/h2>\n<h3>Consulting, Training, Coaching<\/h3>\n<p>Gemeinsam mit Ihnen verbessern wir die Qualit\u00e4t Ihrer Produkte und Dienstleistungen und die Leistungsf\u00e4higkeit Ihrer Prozesse. Sowohl in Ihrer Produktion als auch in Ihren indirekten Bereichen.<\/p>\n<p>Unsere besondere Kompetenz liegt auf den Gebieten<\/p>\n<ul class=\"icon-dreieck\">\n<li><a href=\"https:\/\/wienerhomepages-projekte.at\/1\/j-p-management\/leistungsfelder\/lean-management-digitalisierung\/\">Lean Management &amp; Digitalisierung<\/a><\/li>\n<li><a href=\"https:\/\/wienerhomepages-projekte.at\/1\/j-p-management\/leistungsfelder\/six-sigma-design-for-six-sigma\/\">Six Sigma \/ Design for Six Sigma<\/a><\/li>\n<li><a href=\"https:\/\/wienerhomepages-projekte.at\/1\/j-p-management\/leistungsfelder\/qualitaetsplanung-qualitaetsverbesserung\/\">Qualit\u00e4tsplanung und Qualit\u00e4tsverbesserung<\/a><\/li>\n<\/ul>\n<p>Dar\u00fcber hinaus bieten wir Ihnen konkrete<\/p>\n<ul class=\"icon-dreieck\">\n<li><a href=\"https:\/\/wienerhomepages-projekte.at\/1\/j-p-management\/leistungsfelder\/technische-expertise\/\">technische Expertise<\/a><\/li>\n<\/ul>\n<p>zur Optimierung Ihrer Produkte und Produktionsprozesse.<\/p>\n<p>Um sicherzustellen, dass die Optimierungen zielorientiert und nachhaltig erfolgen, verf\u00fcgen unsere Trainerinnen und Trainer sowie Coaches zus\u00e4tzlich \u00fcber tiefgehendes Wissen zu den Themen<\/p>\n<ul class=\"icon-dreieck\">\n<li><a href=\"https:\/\/wienerhomepages-projekte.at\/1\/j-p-management\/leistungsfelder\/strategisches-management\/\">Strategisches Management<\/a><\/li>\n<li><a href=\"https:\/\/wienerhomepages-projekte.at\/1\/j-p-management\/leistungsfelder\/prozessmanagement\/\">Prozessmanagement<\/a><\/li>\n<li><a href=\"https:\/\/wienerhomepages-projekte.at\/1\/j-p-management\/leistungsfelder\/projektmanagement\/\">Projektmanagement<\/a><\/li>\n<li><a href=\"https:\/\/wienerhomepages-projekte.at\/1\/j-p-management\/leistungsfelder\/integrierte-managementsysteme\/\">Integrierte Managementsysteme<\/a><\/li>\n<\/ul>\n<p>Gerne unterst\u00fctzen wir Sie auch bei diesen Themen.<\/p>\n<h2>Unser Branchenschwerpunkt<\/h2>\n<p>Produzierende Industrie und Engineeringunternehmen der<\/p>\n<ul class=\"icon-dreieck\">\n<li>Automobil- und Automobilzulieferindustrie<\/li>\n<li>Elektronikindustrie<\/li>\n<li>Stahlindustrie<\/li>\n<li>sowie Maschinen- und Anlagenbau<\/li>\n<\/ul>\n<h2>Unser Team<\/h2>\n<p>umfasst 20 Mitarbeiterinnen und Mitarbeiter.<\/p>\n<h2>StEP-Up und Jung + Partner Management GmbH<\/h2>\n<p><a href=\"https:\/\/wienerhomepages-projekte.at\/1\/j-p-management\/unternehmen\/jung-partner-management-gmbh-step-up\/\">zwei verbundene Unternehmen<\/a><\/p>\n<h2>Unsere Kooperationspartner<\/h2>\n<p>Unser Netzwerk an\u00a0<a href=\"https:\/\/wienerhomepages-projekte.at\/1\/j-p-management\/unternehmen\/kooperationen\/\">Kooperationspartnern<\/a>\u00a0umfasst Universit\u00e4ten, Hochschulen, Clusterorganisationen und Softwareanbieter.<\/p>\n<h2>Unser Sitz<\/h2>\n<p>Nieder\u00f6sterreich, 2345 Brunn am Gebirge<\/p>\n<h2>Fast Facts<\/h2>\n<p><a href=\"https:\/\/wienerhomepages-projekte.at\/1\/j-p-management\/wp-content\/uploads\/unternehmen\/jpm_fast_facts_180605.pdf\">Download Fast Facts<\/a><\/p>\n<\/div><\/div><\/div><\/div><\/div><\/p>\n","protected":false},"excerpt":{"rendered":"","protected":false},"author":6,"featured_media":0,"parent":0,"menu_order":0,"comment_status":"closed","ping_status":"closed","template":"","meta":{"footnotes":""},"class_list":["post-5118","page","type-page","status-publish","hentry"],"yoast_head":"<!-- This site is optimized with the Yoast SEO plugin v27.2 - https:\/\/yoast.com\/product\/yoast-seo-wordpress\/ -->\n<title>\u00dcber uns - j-p-management<\/title>\n<meta name=\"description\" content=\"\u00dcber uns - Akademie, Consulting, Coaching, Brunn am Gebirge, Schwarzach Vorarlberg\" \/>\n<meta name=\"robots\" content=\"noindex, follow, max-snippet:-1, max-image-preview:large, max-video-preview:-1\" \/>\n<meta property=\"og:locale\" content=\"de_DE\" \/>\n<meta property=\"og:type\" content=\"article\" \/>\n<meta property=\"og:title\" content=\"\u00dcber uns - j-p-management\" \/>\n<meta property=\"og:description\" content=\"\u00dcber uns - Akademie, Consulting, Coaching, Brunn am Gebirge, Schwarzach Vorarlberg\" \/>\n<meta property=\"og:url\" content=\"https:\/\/wienerhomepages-projekte.at\/1\/j-p-management\/unternehmen\/\" \/>\n<meta property=\"og:site_name\" content=\"j-p-management\" \/>\n<meta property=\"article:modified_time\" content=\"2025-08-20T15:49:54+00:00\" \/>\n<meta name=\"twitter:card\" content=\"summary_large_image\" \/>\n<meta name=\"twitter:label1\" content=\"Gesch\u00e4tzte Lesezeit\" \/>\n\t<meta name=\"twitter:data1\" content=\"2\u00a0Minuten\" \/>\n<script type=\"application\/ld+json\" class=\"yoast-schema-graph\">{\"@context\":\"https:\/\/schema.org\",\"@graph\":[{\"@type\":\"WebPage\",\"@id\":\"https:\/\/wienerhomepages-projekte.at\/1\/j-p-management\/unternehmen\/\",\"url\":\"https:\/\/wienerhomepages-projekte.at\/1\/j-p-management\/unternehmen\/\",\"name\":\"\u00dcber uns - j-p-management\",\"isPartOf\":{\"@id\":\"https:\/\/wienerhomepages-projekte.at\/1\/j-p-management\/#website\"},\"datePublished\":\"2022-04-11T11:38:53+00:00\",\"dateModified\":\"2025-08-20T15:49:54+00:00\",\"description\":\"\u00dcber uns - Akademie, Consulting, Coaching, Brunn am Gebirge, Schwarzach Vorarlberg\",\"breadcrumb\":{\"@id\":\"https:\/\/wienerhomepages-projekte.at\/1\/j-p-management\/unternehmen\/#breadcrumb\"},\"inLanguage\":\"de\",\"potentialAction\":[{\"@type\":\"ReadAction\",\"target\":[\"https:\/\/wienerhomepages-projekte.at\/1\/j-p-management\/unternehmen\/\"]}]},{\"@type\":\"BreadcrumbList\",\"@id\":\"https:\/\/wienerhomepages-projekte.at\/1\/j-p-management\/unternehmen\/#breadcrumb\",\"itemListElement\":[{\"@type\":\"ListItem\",\"position\":1,\"name\":\"Startseite\",\"item\":\"https:\/\/wienerhomepages-projekte.at\/1\/j-p-management\/\"},{\"@type\":\"ListItem\",\"position\":2,\"name\":\"\u00dcber uns\"}]},{\"@type\":\"WebSite\",\"@id\":\"https:\/\/wienerhomepages-projekte.at\/1\/j-p-management\/#website\",\"url\":\"https:\/\/wienerhomepages-projekte.at\/1\/j-p-management\/\",\"name\":\"j-p-management\",\"description\":\"\",\"potentialAction\":[{\"@type\":\"SearchAction\",\"target\":{\"@type\":\"EntryPoint\",\"urlTemplate\":\"https:\/\/wienerhomepages-projekte.at\/1\/j-p-management\/?s={search_term_string}\"},\"query-input\":{\"@type\":\"PropertyValueSpecification\",\"valueRequired\":true,\"valueName\":\"search_term_string\"}}],\"inLanguage\":\"de\"}]}<\/script>\n<!-- \/ Yoast SEO plugin. -->","yoast_head_json":{"title":"\u00dcber uns - j-p-management","description":"\u00dcber uns - Akademie, Consulting, Coaching, Brunn am Gebirge, Schwarzach Vorarlberg","robots":{"index":"noindex","follow":"follow","max-snippet":"max-snippet:-1","max-image-preview":"max-image-preview:large","max-video-preview":"max-video-preview:-1"},"og_locale":"de_DE","og_type":"article","og_title":"\u00dcber uns - j-p-management","og_description":"\u00dcber uns - Akademie, Consulting, Coaching, Brunn am Gebirge, Schwarzach Vorarlberg","og_url":"https:\/\/wienerhomepages-projekte.at\/1\/j-p-management\/unternehmen\/","og_site_name":"j-p-management","article_modified_time":"2025-08-20T15:49:54+00:00","twitter_card":"summary_large_image","twitter_misc":{"Gesch\u00e4tzte Lesezeit":"2\u00a0Minuten"},"schema":{"@context":"https:\/\/schema.org","@graph":[{"@type":"WebPage","@id":"https:\/\/wienerhomepages-projekte.at\/1\/j-p-management\/unternehmen\/","url":"https:\/\/wienerhomepages-projekte.at\/1\/j-p-management\/unternehmen\/","name":"\u00dcber uns - j-p-management","isPartOf":{"@id":"https:\/\/wienerhomepages-projekte.at\/1\/j-p-management\/#website"},"datePublished":"2022-04-11T11:38:53+00:00","dateModified":"2025-08-20T15:49:54+00:00","description":"\u00dcber uns - Akademie, Consulting, Coaching, Brunn am Gebirge, Schwarzach Vorarlberg","breadcrumb":{"@id":"https:\/\/wienerhomepages-projekte.at\/1\/j-p-management\/unternehmen\/#breadcrumb"},"inLanguage":"de","potentialAction":[{"@type":"ReadAction","target":["https:\/\/wienerhomepages-projekte.at\/1\/j-p-management\/unternehmen\/"]}]},{"@type":"BreadcrumbList","@id":"https:\/\/wienerhomepages-projekte.at\/1\/j-p-management\/unternehmen\/#breadcrumb","itemListElement":[{"@type":"ListItem","position":1,"name":"Startseite","item":"https:\/\/wienerhomepages-projekte.at\/1\/j-p-management\/"},{"@type":"ListItem","position":2,"name":"\u00dcber uns"}]},{"@type":"WebSite","@id":"https:\/\/wienerhomepages-projekte.at\/1\/j-p-management\/#website","url":"https:\/\/wienerhomepages-projekte.at\/1\/j-p-management\/","name":"j-p-management","description":"","potentialAction":[{"@type":"SearchAction","target":{"@type":"EntryPoint","urlTemplate":"https:\/\/wienerhomepages-projekte.at\/1\/j-p-management\/?s={search_term_string}"},"query-input":{"@type":"PropertyValueSpecification","valueRequired":true,"valueName":"search_term_string"}}],"inLanguage":"de"}]}},"_links":{"self":[{"href":"https:\/\/wienerhomepages-projekte.at\/1\/j-p-management\/wp-json\/wp\/v2\/pages\/5118","targetHints":{"allow":["GET"]}}],"collection":[{"href":"https:\/\/wienerhomepages-projekte.at\/1\/j-p-management\/wp-json\/wp\/v2\/pages"}],"about":[{"href":"https:\/\/wienerhomepages-projekte.at\/1\/j-p-management\/wp-json\/wp\/v2\/types\/page"}],"author":[{"embeddable":true,"href":"https:\/\/wienerhomepages-projekte.at\/1\/j-p-management\/wp-json\/wp\/v2\/users\/6"}],"replies":[{"embeddable":true,"href":"https:\/\/wienerhomepages-projekte.at\/1\/j-p-management\/wp-json\/wp\/v2\/comments?post=5118"}],"version-history":[{"count":24,"href":"https:\/\/wienerhomepages-projekte.at\/1\/j-p-management\/wp-json\/wp\/v2\/pages\/5118\/revisions"}],"predecessor-version":[{"id":8799,"href":"https:\/\/wienerhomepages-projekte.at\/1\/j-p-management\/wp-json\/wp\/v2\/pages\/5118\/revisions\/8799"}],"wp:attachment":[{"href":"https:\/\/wienerhomepages-projekte.at\/1\/j-p-management\/wp-json\/wp\/v2\/media?parent=5118"}],"curies":[{"name":"wp","href":"https:\/\/api.w.org\/{rel}","templated":true}]}}